{"id":9997,"date":"2025-12-23T18:34:05","date_gmt":"2025-12-23T15:34:05","guid":{"rendered":"https:\/\/casetti.wpevi.com\/bond-street-gold-metal-masa-saati\/"},"modified":"2026-02-28T14:14:10","modified_gmt":"2026-02-28T11:14:10","slug":"bond-street-gold-metal-table-clock","status":"publish","type":"product","link":"https:\/\/casetti.wpevi.com\/en\/bond-street-gold-metal-table-clock\/","title":{"rendered":"Bond Street Gold Metal Table Clock"},"content":{"rendered":"<p>Product Dimensions&nbsp;<br \/>Y\u00fckseklik : 22 cm&nbsp;<br \/>Geni\u015flik : 23 cm&nbsp;<\/p>\n<p>Bond Street Masa Saati, Londra\u2019n\u0131n klasik zarafetinden ilham alan g\u00fc\u00e7l\u00fc ve prestijli bir tasar\u0131m. Parlak pirin\u00e7 g\u00f6vdesi ve siyah zeminli roman rakaml\u0131 kadran\u0131, zamans\u0131z bir \u015f\u0131kl\u0131k sunarken bulundu\u011fu mek\u00e2na aristokrat bir hava kazand\u0131r\u0131r.<\/p>\n<p>Yuvarlak formu ve dengeli ta\u015f\u0131y\u0131c\u0131 yap\u0131s\u0131 sayesinde masa \u00fczerinde hem dekoratif bir vurgu hem de sofistike bir stil detay\u0131 olu\u015fturur. I\u015f\u0131\u011f\u0131 yans\u0131tan alt\u0131n tonlar\u0131, ofislerde ve klasik dekorasyonlu alanlarda s\u0131cak ve l\u00fcks bir atmosfer yarat\u0131r.<\/p>","protected":false},"excerpt":{"rendered":"<p>\u00dcr\u00fcn \u00d6l\u00e7\u00fcleri&nbsp;Y\u00fckseklik : 22 cm&nbsp;Geni\u015flik : 23 cm&nbsp; Bond Street Masa Saati, Londra\u2019n\u0131n klasik zarafetinden ilham alan g\u00fc\u00e7l\u00fc ve prestijli bir tasar\u0131m. Parlak pirin\u00e7 g\u00f6vdesi ve siyah zeminli roman rakaml\u0131 kadran\u0131, zamans\u0131z bir \u015f\u0131kl\u0131k sunarken bulundu\u011fu mek\u00e2na aristokrat bir hava kazand\u0131r\u0131r. Yuvarlak formu ve dengeli ta\u015f\u0131y\u0131c\u0131 yap\u0131s\u0131 sayesinde masa \u00fczerinde hem dekoratif bir vurgu hem &hellip; <a href=\"https:\/\/casetti.wpevi.com\/en\/bond-street-gold-metal-table-clock\/\" class=\"more-link\">Continue reading <span class=\"screen-reader-text\">Bond Street Gold Metal Table Clock<\/span><\/a><\/p>","protected":false},"featured_media":13230,"comment_status":"open","ping_status":"closed","template":"","meta":[],"product_brand":[217],"product_cat":[238,236],"product_tag":[],"class_list":{"0":"post-9997","1":"product","2":"type-product","3":"status-publish","4":"has-post-thumbnail","6":"product_brand-casetti","7":"product_cat-masa-saatleri","8":"product_cat-saatler","11":"instock","12":"taxable","13":"shipping-taxable","14":"purchasable","15":"product-type-simple"},"_links":{"self":[{"href":"https:\/\/casetti.wpevi.com\/en\/wp-json\/wp\/v2\/product\/9997","targetHints":{"allow":["GET"]}}],"collection":[{"href":"https:\/\/casetti.wpevi.com\/en\/wp-json\/wp\/v2\/product"}],"about":[{"href":"https:\/\/casetti.wpevi.com\/en\/wp-json\/wp\/v2\/types\/product"}],"replies":[{"embeddable":true,"href":"https:\/\/casetti.wpevi.com\/en\/wp-json\/wp\/v2\/comments?post=9997"}],"version-history":[{"count":2,"href":"https:\/\/casetti.wpevi.com\/en\/wp-json\/wp\/v2\/product\/9997\/revisions"}],"predecessor-version":[{"id":13228,"href":"https:\/\/casetti.wpevi.com\/en\/wp-json\/wp\/v2\/product\/9997\/revisions\/13228"}],"wp:featuredmedia":[{"embeddable":true,"href":"https:\/\/casetti.wpevi.com\/en\/wp-json\/wp\/v2\/media\/13230"}],"wp:attachment":[{"href":"https:\/\/casetti.wpevi.com\/en\/wp-json\/wp\/v2\/media?parent=9997"}],"wp:term":[{"taxonomy":"product_brand","embeddable":true,"href":"https:\/\/casetti.wpevi.com\/en\/wp-json\/wp\/v2\/product_brand?post=9997"},{"taxonomy":"product_cat","embeddable":true,"href":"https:\/\/casetti.wpevi.com\/en\/wp-json\/wp\/v2\/product_cat?post=9997"},{"taxonomy":"product_tag","embeddable":true,"href":"https:\/\/casetti.wpevi.com\/en\/wp-json\/wp\/v2\/product_tag?post=9997"}],"curies":[{"name":"wp","href":"https:\/\/api.w.org\/{rel}","templated":true}]}}