{"id":9983,"date":"2025-12-23T18:33:38","date_gmt":"2025-12-23T15:33:38","guid":{"rendered":"https:\/\/casetti.wpevi.com\/victoria-station-gumus-masa-saati\/"},"modified":"2026-03-12T21:16:26","modified_gmt":"2026-03-12T18:16:26","slug":"vanguard-krom-masa-saati","status":"publish","type":"product","link":"https:\/\/casetti.wpevi.com\/en\/vanguard-krom-masa-saati\/","title":{"rendered":"Vanguard Krom Masa Saati"},"content":{"rendered":"<p>Product Dimensions&nbsp;<br \/>Y\u00fckseklik : 24 cm&nbsp;<br \/>Geni\u015flik : 18 cm&nbsp;<\/p>\n<p>Vanguard Masa Saati, end\u00fcstriyel metal esteti\u011fini denizci formuyla bulu\u015fturan iddial\u0131 bir tasar\u0131m. Parlak krom g\u00f6vdesi \u0131\u015f\u0131\u011f\u0131 ayna gibi yans\u0131tarak bulundu\u011fu mek\u00e2na g\u00fc\u00e7l\u00fc ve modern bir enerji katar.<\/p>\n<p>Metal y\u00fczeydeki detayl\u0131 per\u00e7inler, ba\u011flant\u0131 halkalar\u0131 ve mekanik dokunu\u015flar tasar\u0131ma ger\u00e7ek bir m\u00fchendislik hissi kazand\u0131r\u0131r. Bu obje yaln\u0131zca bir masa saati de\u011fil; metalin dayan\u0131kl\u0131l\u0131\u011f\u0131n\u0131 ve zamans\u0131z g\u00fcc\u00fcn\u00fc temsil eden prestijli bir dekoratif par\u00e7ad\u0131r.<\/p>","protected":false},"excerpt":{"rendered":"<p>\u00dcr\u00fcn \u00d6l\u00e7\u00fcleri&nbsp;Y\u00fckseklik : 24 cm&nbsp;Geni\u015flik : 18 cm&nbsp; Vanguard Masa Saati, end\u00fcstriyel metal esteti\u011fini denizci formuyla bulu\u015fturan iddial\u0131 bir tasar\u0131m. Parlak krom g\u00f6vdesi \u0131\u015f\u0131\u011f\u0131 ayna gibi yans\u0131tarak bulundu\u011fu mek\u00e2na g\u00fc\u00e7l\u00fc ve modern bir enerji katar. Metal y\u00fczeydeki detayl\u0131 per\u00e7inler, ba\u011flant\u0131 halkalar\u0131 ve mekanik dokunu\u015flar tasar\u0131ma ger\u00e7ek bir m\u00fchendislik hissi kazand\u0131r\u0131r. Bu obje yaln\u0131zca bir masa &hellip; <a href=\"https:\/\/casetti.wpevi.com\/en\/vanguard-krom-masa-saati\/\" class=\"more-link\">Continue reading <span class=\"screen-reader-text\">Vanguard Krom Masa Saati<\/span><\/a><\/p>","protected":false},"featured_media":15892,"comment_status":"open","ping_status":"closed","template":"","meta":[],"product_brand":[217],"product_cat":[238,236],"product_tag":[],"class_list":{"0":"post-9983","1":"product","2":"type-product","3":"status-publish","4":"has-post-thumbnail","6":"product_brand-casetti","7":"product_cat-masa-saatleri","8":"product_cat-saatler","11":"instock","12":"taxable","13":"shipping-taxable","14":"purchasable","15":"product-type-simple"},"_links":{"self":[{"href":"https:\/\/casetti.wpevi.com\/en\/wp-json\/wp\/v2\/product\/9983","targetHints":{"allow":["GET"]}}],"collection":[{"href":"https:\/\/casetti.wpevi.com\/en\/wp-json\/wp\/v2\/product"}],"about":[{"href":"https:\/\/casetti.wpevi.com\/en\/wp-json\/wp\/v2\/types\/product"}],"replies":[{"embeddable":true,"href":"https:\/\/casetti.wpevi.com\/en\/wp-json\/wp\/v2\/comments?post=9983"}],"version-history":[{"count":3,"href":"https:\/\/casetti.wpevi.com\/en\/wp-json\/wp\/v2\/product\/9983\/revisions"}],"predecessor-version":[{"id":15780,"href":"https:\/\/casetti.wpevi.com\/en\/wp-json\/wp\/v2\/product\/9983\/revisions\/15780"}],"wp:featuredmedia":[{"embeddable":true,"href":"https:\/\/casetti.wpevi.com\/en\/wp-json\/wp\/v2\/media\/15892"}],"wp:attachment":[{"href":"https:\/\/casetti.wpevi.com\/en\/wp-json\/wp\/v2\/media?parent=9983"}],"wp:term":[{"taxonomy":"product_brand","embeddable":true,"href":"https:\/\/casetti.wpevi.com\/en\/wp-json\/wp\/v2\/product_brand?post=9983"},{"taxonomy":"product_cat","embeddable":true,"href":"https:\/\/casetti.wpevi.com\/en\/wp-json\/wp\/v2\/product_cat?post=9983"},{"taxonomy":"product_tag","embeddable":true,"href":"https:\/\/casetti.wpevi.com\/en\/wp-json\/wp\/v2\/product_tag?post=9983"}],"curies":[{"name":"wp","href":"https:\/\/api.w.org\/{rel}","templated":true}]}}