{"id":9980,"date":"2025-12-23T18:33:36","date_gmt":"2025-12-23T15:33:36","guid":{"rendered":"https:\/\/casetti.wpevi.com\/gumus-renk-masa-saati\/"},"modified":"2026-03-12T19:48:06","modified_gmt":"2026-03-12T16:48:06","slug":"iron-stead-no12-masa-saati","status":"publish","type":"product","link":"https:\/\/casetti.wpevi.com\/en\/iron-stead-no12-masa-saati\/","title":{"rendered":"Iron Stead No:12  Masa Saati"},"content":{"rendered":"<p>\u00dcr\u00fcn \u00d6l\u00e7\u00fcleri :&nbsp;<br \/>Y\u00fckseklik : 21 cm<br \/>Geni\u015flik : 13 cm&nbsp;<\/p>\n<p>Ironstead No. 12, klasik saat esteti\u011fini end\u00fcstriyel metal formuyla bir araya getiren g\u00fc\u00e7l\u00fc bir tasar\u0131m. Parlak krom g\u00f6vdesi ve geometrik ta\u015f\u0131y\u0131c\u0131 \u00e7er\u00e7evesi, zamana modern bir disiplin kazand\u0131r\u0131rken; vintage esintili kadran\u0131 ge\u00e7mi\u015fe sayg\u0131 duru\u015funda bulunur.<\/p>\n<p>Ofis masalar\u0131nda, \u00e7al\u0131\u015fma alanlar\u0131nda ya da kitapl\u0131k raflar\u0131nda yaln\u0131zca zaman\u0131 g\u00f6stermez; mek\u00e2na net bir karakter ve sofistike bir a\u011f\u0131rl\u0131k katar. Dengeli oranlar\u0131 ve sa\u011flam duru\u015fu sayesinde hem klasik hem modern dekorasyonla uyum sa\u011flar.<\/p>","protected":false},"excerpt":{"rendered":"<p>\u00dcr\u00fcn \u00d6l\u00e7\u00fcleri :&nbsp;Y\u00fckseklik : 21 cmGeni\u015flik : 13 cm&nbsp; Ironstead No. 12, klasik saat esteti\u011fini end\u00fcstriyel metal formuyla bir araya getiren g\u00fc\u00e7l\u00fc bir tasar\u0131m. Parlak krom g\u00f6vdesi ve geometrik ta\u015f\u0131y\u0131c\u0131 \u00e7er\u00e7evesi, zamana modern bir disiplin kazand\u0131r\u0131rken; vintage esintili kadran\u0131 ge\u00e7mi\u015fe sayg\u0131 duru\u015funda bulunur. Ofis masalar\u0131nda, \u00e7al\u0131\u015fma alanlar\u0131nda ya da kitapl\u0131k raflar\u0131nda yaln\u0131zca zaman\u0131 g\u00f6stermez; mek\u00e2na &hellip; <a href=\"https:\/\/casetti.wpevi.com\/en\/iron-stead-no12-masa-saati\/\" class=\"more-link\">Continue reading <span class=\"screen-reader-text\">Iron Stead No:12  Masa Saati<\/span><\/a><\/p>","protected":false},"featured_media":15693,"comment_status":"open","ping_status":"closed","template":"","meta":[],"product_brand":[217],"product_cat":[238,236],"product_tag":[],"class_list":{"0":"post-9980","1":"product","2":"type-product","3":"status-publish","4":"has-post-thumbnail","6":"product_brand-casetti","7":"product_cat-masa-saatleri","8":"product_cat-saatler","11":"instock","12":"sale","13":"taxable","14":"shipping-taxable","15":"purchasable","16":"product-type-simple"},"_links":{"self":[{"href":"https:\/\/casetti.wpevi.com\/en\/wp-json\/wp\/v2\/product\/9980","targetHints":{"allow":["GET"]}}],"collection":[{"href":"https:\/\/casetti.wpevi.com\/en\/wp-json\/wp\/v2\/product"}],"about":[{"href":"https:\/\/casetti.wpevi.com\/en\/wp-json\/wp\/v2\/types\/product"}],"replies":[{"embeddable":true,"href":"https:\/\/casetti.wpevi.com\/en\/wp-json\/wp\/v2\/comments?post=9980"}],"version-history":[{"count":2,"href":"https:\/\/casetti.wpevi.com\/en\/wp-json\/wp\/v2\/product\/9980\/revisions"}],"predecessor-version":[{"id":13217,"href":"https:\/\/casetti.wpevi.com\/en\/wp-json\/wp\/v2\/product\/9980\/revisions\/13217"}],"wp:featuredmedia":[{"embeddable":true,"href":"https:\/\/casetti.wpevi.com\/en\/wp-json\/wp\/v2\/media\/15693"}],"wp:attachment":[{"href":"https:\/\/casetti.wpevi.com\/en\/wp-json\/wp\/v2\/media?parent=9980"}],"wp:term":[{"taxonomy":"product_brand","embeddable":true,"href":"https:\/\/casetti.wpevi.com\/en\/wp-json\/wp\/v2\/product_brand?post=9980"},{"taxonomy":"product_cat","embeddable":true,"href":"https:\/\/casetti.wpevi.com\/en\/wp-json\/wp\/v2\/product_cat?post=9980"},{"taxonomy":"product_tag","embeddable":true,"href":"https:\/\/casetti.wpevi.com\/en\/wp-json\/wp\/v2\/product_tag?post=9980"}],"curies":[{"name":"wp","href":"https:\/\/api.w.org\/{rel}","templated":true}]}}