{"id":9977,"date":"2025-12-23T18:33:33","date_gmt":"2025-12-23T15:33:33","guid":{"rendered":"https:\/\/casetti.wpevi.com\/gold-seramik-at-heykeli\/"},"modified":"2026-03-12T21:03:25","modified_gmt":"2026-03-12T18:03:25","slug":"gold-seramik-at-heykeli","status":"publish","type":"product","link":"https:\/\/casetti.wpevi.com\/en\/gold-seramik-at-heykeli\/","title":{"rendered":"Gold Ceramic Horse Statue"},"content":{"rendered":"<p data-start=\"314\" data-end=\"632\">Evinize g\u00fc\u00e7 ve zarafet katacak sanatsal bir dokunu\u015f&#8230;<br data-start=\"368\" data-end=\"371\" \/><strong data-start=\"371\" data-end=\"409\">Casetti Home Alt\u0131n Seramik At Obje<\/strong>, zarif detaylar\u0131 ve \u0131\u015f\u0131lt\u0131l\u0131 alt\u0131n tonuyla dekorasyonun en dikkat \u00e7ekici par\u00e7as\u0131 olmaya aday. G\u00fcc\u00fc, \u00f6zg\u00fcrl\u00fc\u011f\u00fc ve asaleti simgeleyen bu \u00f6zel tasar\u0131m; oturma odas\u0131, ofis veya antre gibi alanlarda l\u00fcks bir atmosfer yarat\u0131r.<\/p>\n<p data-start=\"634\" data-end=\"780\">Parlak seramik y\u00fczeyi ve el i\u015f\u00e7ili\u011fi detaylar\u0131yla \u00f6ne \u00e7\u0131kan alt\u0131n at obje, hem modern hem de klasik dekorasyon tarzlar\u0131yla m\u00fckemmel uyum sa\u011flar.<\/p>\n<p data-start=\"782\" data-end=\"811\">\ud83d\udcab <strong data-start=\"785\" data-end=\"809\">Featured Features<\/strong><\/p>\n<ul data-start=\"812\" data-end=\"984\">\n<li data-start=\"812\" data-end=\"839\">\n<p data-start=\"814\" data-end=\"839\">Premium seramik malzeme<\/p>\n<\/li>\n<li data-start=\"840\" data-end=\"867\">\n<p data-start=\"842\" data-end=\"867\">Parlak alt\u0131n renk y\u00fczey<\/p>\n<\/li>\n<li data-start=\"868\" data-end=\"900\">\n<p data-start=\"870\" data-end=\"900\">\u015e\u0131k ve dikkat \u00e7ekici tasar\u0131m<\/p>\n<\/li>\n<li data-start=\"901\" data-end=\"944\">\n<p data-start=\"903\" data-end=\"944\">Ofis, salon ve vitrin dekoru i\u00e7in ideal<\/p>\n<\/li>\n<li data-start=\"945\" data-end=\"984\">\n<p data-start=\"947\" data-end=\"984\">Sevdiklerinize \u00f6zel hediye se\u00e7ene\u011fi<\/p>\n<\/li>\n<\/ul>\n<p data-start=\"986\" data-end=\"1047\">\ud83d\udccf <strong data-start=\"989\" data-end=\"999\">Dimension:<\/strong> Y\u00fckseklik : 39 cm Geni\u015flik: 29 cm<br data-start=\"1017\" data-end=\"1020\" \/>\ud83c\udfa8 <strong data-start=\"1023\" data-end=\"1032\">Colour:<\/strong> Parlak alt\u0131n<\/p>\n<p data-start=\"1049\" data-end=\"1136\">\u2728 Casetti Home\u2019un \u00f6zg\u00fcn dekoratif obje koleksiyonuyla ya\u015fam alanlar\u0131n\u0131za ihti\u015fam kat\u0131n.<\/p>","protected":false},"excerpt":{"rendered":"<p><img fetchpriority=\"high\" decoding=\"async\" class=\"alignnone size-medium wp-image-737784\" src=\"https:\/\/casettihome.com\/wp-content\/uploads\/2025\/11\/altin-at-3-300x300.jpeg\" alt=\"\" width=\"300\" height=\"300\" \/><\/p>","protected":false},"featured_media":15825,"comment_status":"open","ping_status":"closed","template":"","meta":[],"product_brand":[217],"product_cat":[207],"product_tag":[],"class_list":{"0":"post-9977","1":"product","2":"type-product","3":"status-publish","4":"has-post-thumbnail","6":"product_brand-casetti","7":"product_cat-heykeller-ve-bustler","10":"instock","11":"taxable","12":"shipping-taxable","13":"purchasable","14":"product-type-simple"},"_links":{"self":[{"href":"https:\/\/casetti.wpevi.com\/en\/wp-json\/wp\/v2\/product\/9977","targetHints":{"allow":["GET"]}}],"collection":[{"href":"https:\/\/casetti.wpevi.com\/en\/wp-json\/wp\/v2\/product"}],"about":[{"href":"https:\/\/casetti.wpevi.com\/en\/wp-json\/wp\/v2\/types\/product"}],"replies":[{"embeddable":true,"href":"https:\/\/casetti.wpevi.com\/en\/wp-json\/wp\/v2\/comments?post=9977"}],"version-history":[{"count":1,"href":"https:\/\/casetti.wpevi.com\/en\/wp-json\/wp\/v2\/product\/9977\/revisions"}],"predecessor-version":[{"id":10538,"href":"https:\/\/casetti.wpevi.com\/en\/wp-json\/wp\/v2\/product\/9977\/revisions\/10538"}],"wp:featuredmedia":[{"embeddable":true,"href":"https:\/\/casetti.wpevi.com\/en\/wp-json\/wp\/v2\/media\/15825"}],"wp:attachment":[{"href":"https:\/\/casetti.wpevi.com\/en\/wp-json\/wp\/v2\/media?parent=9977"}],"wp:term":[{"taxonomy":"product_brand","embeddable":true,"href":"https:\/\/casetti.wpevi.com\/en\/wp-json\/wp\/v2\/product_brand?post=9977"},{"taxonomy":"product_cat","embeddable":true,"href":"https:\/\/casetti.wpevi.com\/en\/wp-json\/wp\/v2\/product_cat?post=9977"},{"taxonomy":"product_tag","embeddable":true,"href":"https:\/\/casetti.wpevi.com\/en\/wp-json\/wp\/v2\/product_tag?post=9977"}],"curies":[{"name":"wp","href":"https:\/\/api.w.org\/{rel}","templated":true}]}}