{"id":9970,"date":"2025-12-23T18:33:29","date_gmt":"2025-12-23T15:33:29","guid":{"rendered":"https:\/\/casetti.wpevi.com\/vintage-dalgic-basligi-formunda-masa-saati\/"},"modified":"2026-03-12T16:38:12","modified_gmt":"2026-03-12T13:38:12","slug":"deepmaris-masa-saati","status":"publish","type":"product","link":"https:\/\/casetti.wpevi.com\/en\/deepmaris-masa-saati\/","title":{"rendered":"Deepmaris Masa Saati"},"content":{"rendered":"<p>Product Dimensions&nbsp;<br \/>Y\u00fckseklik 21 cm<br \/>Geni\u015flik 21 cm&nbsp;<\/p>\n<p>Deepmaris, klasik dalg\u0131\u00e7 ba\u015fl\u0131klar\u0131ndan ilham alan g\u00fc\u00e7l\u00fc ve nostaljik bir tasar\u0131m. K\u00fcresel metal g\u00f6vdesi, parlak y\u00fczeyi ve detayl\u0131 ba\u011flant\u0131 noktalar\u0131yla denizlerin ke\u015fif ruhunu masa \u00fcst\u00fcne ta\u015f\u0131r.<\/p>\n<p>Dalg\u0131\u00e7 formuna yap\u0131lan bu \u00f6zg\u00fcn g\u00f6nderme, yaln\u0131zca estetik de\u011fil; cesaret, ke\u015fif ve derinlik temalar\u0131n\u0131 da simgeler. Roman rakaml\u0131 kadran\u0131 ise zamans\u0131z bir klasik dokunu\u015f sunarak tasar\u0131ma sofistike bir denge kazand\u0131r\u0131r.<\/p>\n<p>Ofislerde, k\u00fct\u00fcphanelerde ve karakterli \u00e7al\u0131\u015fma alanlar\u0131nda g\u00fc\u00e7l\u00fc bir odak noktas\u0131 olu\u015fturan Deepmaris; denizin derinliklerinden ilham alan prestijli bir dekoratif imza niteli\u011findedir.<\/p>","protected":false},"excerpt":{"rendered":"<p>\u00dcr\u00fcn \u00d6l\u00e7\u00fcleri&nbsp;Y\u00fckseklik 21 cmGeni\u015flik 21 cm&nbsp; Deepmaris, klasik dalg\u0131\u00e7 ba\u015fl\u0131klar\u0131ndan ilham alan g\u00fc\u00e7l\u00fc ve nostaljik bir tasar\u0131m. K\u00fcresel metal g\u00f6vdesi, parlak y\u00fczeyi ve detayl\u0131 ba\u011flant\u0131 noktalar\u0131yla denizlerin ke\u015fif ruhunu masa \u00fcst\u00fcne ta\u015f\u0131r. Dalg\u0131\u00e7 formuna yap\u0131lan bu \u00f6zg\u00fcn g\u00f6nderme, yaln\u0131zca estetik de\u011fil; cesaret, ke\u015fif ve derinlik temalar\u0131n\u0131 da simgeler. Roman rakaml\u0131 kadran\u0131 ise zamans\u0131z bir klasik &hellip; <a href=\"https:\/\/casetti.wpevi.com\/en\/deepmaris-masa-saati\/\" class=\"more-link\">Continue reading <span class=\"screen-reader-text\">Deepmaris Masa Saati<\/span><\/a><\/p>","protected":false},"featured_media":15618,"comment_status":"open","ping_status":"closed","template":"","meta":[],"product_brand":[217],"product_cat":[238,236],"product_tag":[],"class_list":{"0":"post-9970","1":"product","2":"type-product","3":"status-publish","4":"has-post-thumbnail","6":"product_brand-casetti","7":"product_cat-masa-saatleri","8":"product_cat-saatler","11":"instock","12":"taxable","13":"shipping-taxable","14":"purchasable","15":"product-type-simple"},"_links":{"self":[{"href":"https:\/\/casetti.wpevi.com\/en\/wp-json\/wp\/v2\/product\/9970","targetHints":{"allow":["GET"]}}],"collection":[{"href":"https:\/\/casetti.wpevi.com\/en\/wp-json\/wp\/v2\/product"}],"about":[{"href":"https:\/\/casetti.wpevi.com\/en\/wp-json\/wp\/v2\/types\/product"}],"replies":[{"embeddable":true,"href":"https:\/\/casetti.wpevi.com\/en\/wp-json\/wp\/v2\/comments?post=9970"}],"version-history":[{"count":2,"href":"https:\/\/casetti.wpevi.com\/en\/wp-json\/wp\/v2\/product\/9970\/revisions"}],"predecessor-version":[{"id":15194,"href":"https:\/\/casetti.wpevi.com\/en\/wp-json\/wp\/v2\/product\/9970\/revisions\/15194"}],"wp:featuredmedia":[{"embeddable":true,"href":"https:\/\/casetti.wpevi.com\/en\/wp-json\/wp\/v2\/media\/15618"}],"wp:attachment":[{"href":"https:\/\/casetti.wpevi.com\/en\/wp-json\/wp\/v2\/media?parent=9970"}],"wp:term":[{"taxonomy":"product_brand","embeddable":true,"href":"https:\/\/casetti.wpevi.com\/en\/wp-json\/wp\/v2\/product_brand?post=9970"},{"taxonomy":"product_cat","embeddable":true,"href":"https:\/\/casetti.wpevi.com\/en\/wp-json\/wp\/v2\/product_cat?post=9970"},{"taxonomy":"product_tag","embeddable":true,"href":"https:\/\/casetti.wpevi.com\/en\/wp-json\/wp\/v2\/product_tag?post=9970"}],"curies":[{"name":"wp","href":"https:\/\/api.w.org\/{rel}","templated":true}]}}