{"id":9963,"date":"2025-12-23T18:33:26","date_gmt":"2025-12-23T15:33:26","guid":{"rendered":"https:\/\/casetti.wpevi.com\/luks-kapakli-seramik-kup-buyuk-boy-cst2025000012\/"},"modified":"2026-02-11T15:37:14","modified_gmt":"2026-02-11T12:37:14","slug":"luks-kapakli-seramik-kup-buyuk-boy-cst2025000012","status":"publish","type":"product","link":"https:\/\/casetti.wpevi.com\/en\/luks-kapakli-seramik-kup-buyuk-boy-cst2025000012\/","title":{"rendered":"Luxury Ceramic Jar with Lid Large Size CST2025000012"},"content":{"rendered":"<p>Evinizin atmosferine zarafet ve \u0131\u015f\u0131lt\u0131 katacak bebe mavisi tonlar\u0131nda seramin k\u00fcp stoklar\u0131m\u0131zda vard\u0131r. P\u00fcr\u00fczs\u00fcz parlak y\u00fczeyi sade ve etkileyici formu ve el i\u015f\u00e7ili\u011fi gold detaylar\u0131 evinize kalite katacakt\u0131r.<\/p>","protected":false},"excerpt":{"rendered":"<p>h: 46 cm<\/p>","protected":false},"featured_media":10927,"comment_status":"open","ping_status":"closed","template":"","meta":[],"product_brand":[],"product_cat":[212],"product_tag":[],"class_list":{"0":"post-9963","1":"product","2":"type-product","3":"status-publish","4":"has-post-thumbnail","6":"product_cat-saksi-vazo-kup","9":"instock","10":"sale","11":"taxable","12":"shipping-taxable","13":"purchasable","14":"product-type-simple"},"_links":{"self":[{"href":"https:\/\/casetti.wpevi.com\/en\/wp-json\/wp\/v2\/product\/9963","targetHints":{"allow":["GET"]}}],"collection":[{"href":"https:\/\/casetti.wpevi.com\/en\/wp-json\/wp\/v2\/product"}],"about":[{"href":"https:\/\/casetti.wpevi.com\/en\/wp-json\/wp\/v2\/types\/product"}],"replies":[{"embeddable":true,"href":"https:\/\/casetti.wpevi.com\/en\/wp-json\/wp\/v2\/comments?post=9963"}],"version-history":[{"count":0,"href":"https:\/\/casetti.wpevi.com\/en\/wp-json\/wp\/v2\/product\/9963\/revisions"}],"wp:featuredmedia":[{"embeddable":true,"href":"https:\/\/casetti.wpevi.com\/en\/wp-json\/wp\/v2\/media\/10927"}],"wp:attachment":[{"href":"https:\/\/casetti.wpevi.com\/en\/wp-json\/wp\/v2\/media?parent=9963"}],"wp:term":[{"taxonomy":"product_brand","embeddable":true,"href":"https:\/\/casetti.wpevi.com\/en\/wp-json\/wp\/v2\/product_brand?post=9963"},{"taxonomy":"product_cat","embeddable":true,"href":"https:\/\/casetti.wpevi.com\/en\/wp-json\/wp\/v2\/product_cat?post=9963"},{"taxonomy":"product_tag","embeddable":true,"href":"https:\/\/casetti.wpevi.com\/en\/wp-json\/wp\/v2\/product_tag?post=9963"}],"curies":[{"name":"wp","href":"https:\/\/api.w.org\/{rel}","templated":true}]}}