{"id":9936,"date":"2025-12-23T18:33:02","date_gmt":"2025-12-23T15:33:02","guid":{"rendered":"https:\/\/casetti.wpevi.com\/chando-diffuser-7\/"},"modified":"2026-02-11T15:37:47","modified_gmt":"2026-02-11T12:37:47","slug":"chando-diffuser-7","status":"publish","type":"product","link":"https:\/\/casetti.wpevi.com\/en\/chando-diffuser-7\/","title":{"rendered":"Chando Diffuser"},"content":{"rendered":"<div>\ud83c\udf38 CHANDO \u2013 Luxury Aromatic Decor<\/div>\n<div><\/div>\n<div>A special design where elegance, aesthetics and spaciousness meet.<\/div>\n<div>Offering a natural elegance with its handmade porcelain flowers, the CHANDO diffuser adds both a visual and aromatic touch to the environment.<\/div>\n<div><\/div>\n<div>Gold renkli cam \u015fi\u015fe, alt\u0131n p\u00fcsk\u00fcller ve zarif \u00e7i\u00e7ek detaylar\u0131yla ya\u015fam alanlar\u0131n\u0131za sanatsal bir \u015f\u0131kl\u0131k kazand\u0131r\u0131r.<\/div>\n<div>It is not only a room fragrance but also a decorative object.<\/div>\n<div><\/div>\n<div>\u2728 Highlights:<\/div>\n<div>\u2022Handmade porcelain flowers<\/div>\n<div>\u2022Long-lasting essence<\/div>\n<div>\u2022Luxury gift box<\/div>\n<div>\u2022Elegant design and stylish details<\/div>\n<div><\/div>\n<div>This piece, which makes a difference with its appearance as well as its scent, will be the most elegant gift you will give to your home or your loved ones.<\/div>","protected":false},"excerpt":{"rendered":"<p><img fetchpriority=\"high\" decoding=\"async\" class=\"alignnone size-medium wp-image-737779\" src=\"https:\/\/casettihome.com\/wp-content\/uploads\/2025\/11\/chando-altin3-300x300.jpeg\" alt=\"\" width=\"300\" height=\"300\" \/><\/p>","protected":false},"featured_media":10946,"comment_status":"open","ping_status":"closed","template":"","meta":[],"product_brand":[],"product_cat":[158],"product_tag":[],"class_list":{"0":"post-9936","1":"product","2":"type-product","3":"status-publish","4":"has-post-thumbnail","6":"product_cat-genel","9":"instock","10":"sale","11":"taxable","12":"shipping-taxable","13":"purchasable","14":"product-type-simple"},"_links":{"self":[{"href":"https:\/\/casetti.wpevi.com\/en\/wp-json\/wp\/v2\/product\/9936","targetHints":{"allow":["GET"]}}],"collection":[{"href":"https:\/\/casetti.wpevi.com\/en\/wp-json\/wp\/v2\/product"}],"about":[{"href":"https:\/\/casetti.wpevi.com\/en\/wp-json\/wp\/v2\/types\/product"}],"replies":[{"embeddable":true,"href":"https:\/\/casetti.wpevi.com\/en\/wp-json\/wp\/v2\/comments?post=9936"}],"version-history":[{"count":1,"href":"https:\/\/casetti.wpevi.com\/en\/wp-json\/wp\/v2\/product\/9936\/revisions"}],"predecessor-version":[{"id":10572,"href":"https:\/\/casetti.wpevi.com\/en\/wp-json\/wp\/v2\/product\/9936\/revisions\/10572"}],"wp:featuredmedia":[{"embeddable":true,"href":"https:\/\/casetti.wpevi.com\/en\/wp-json\/wp\/v2\/media\/10946"}],"wp:attachment":[{"href":"https:\/\/casetti.wpevi.com\/en\/wp-json\/wp\/v2\/media?parent=9936"}],"wp:term":[{"taxonomy":"product_brand","embeddable":true,"href":"https:\/\/casetti.wpevi.com\/en\/wp-json\/wp\/v2\/product_brand?post=9936"},{"taxonomy":"product_cat","embeddable":true,"href":"https:\/\/casetti.wpevi.com\/en\/wp-json\/wp\/v2\/product_cat?post=9936"},{"taxonomy":"product_tag","embeddable":true,"href":"https:\/\/casetti.wpevi.com\/en\/wp-json\/wp\/v2\/product_tag?post=9936"}],"curies":[{"name":"wp","href":"https:\/\/api.w.org\/{rel}","templated":true}]}}