{"id":9930,"date":"2025-12-23T18:32:55","date_gmt":"2025-12-23T15:32:55","guid":{"rendered":"https:\/\/casetti.wpevi.com\/nautica-gold-masa-saati\/"},"modified":"2026-03-12T19:55:08","modified_gmt":"2026-03-12T16:55:08","slug":"nautica-gold-table-clock","status":"publish","type":"product","link":"https:\/\/casetti.wpevi.com\/en\/nautica-gold-table-clock\/","title":{"rendered":"Nautica Gold Table Clock"},"content":{"rendered":"<p>\u00dcr\u00fcn \u00d6l\u00e7\u00fcleri :<br \/>Y\u00fckseklik : 27 cm&nbsp;<br \/>Geni\u015flik : 22 cm<\/p>\n<p>Nautica, denizcilik gelene\u011finden ilham alan tasar\u0131m\u0131yla ke\u015fif ruhunu ya\u015fam alanlar\u0131na ta\u015f\u0131r. D\u00fcnya haritas\u0131 detayl\u0131 kadran\u0131 ve pusula formunu and\u0131ran \u00e7er\u00e7evesi, zaman\u0131 yaln\u0131zca bir \u00f6l\u00e7\u00fc de\u011fil; bir yolculuk metaforu haline getirir.<\/p>\n<p>Pirin\u00e7 tonlu g\u00f6vdesi, klasik denizci ekipmanlar\u0131n\u0131 \u00e7a\u011fr\u0131\u015ft\u0131r\u0131rken k\u0131rm\u0131z\u0131 saniye ibresi tasar\u0131ma dinamik bir vurgu katar. Ofislerde, k\u00fct\u00fcphanelerde ve karakter sahibi mek\u00e2nlarda g\u00fc\u00e7l\u00fc bir dekoratif odak noktas\u0131 olu\u015fturur.<\/p>\n<p>Nautica, zamana y\u00f6n verenler i\u00e7in tasarlanm\u0131\u015f sofistike ve zamans\u0131z bir imza.<\/p>","protected":false},"excerpt":{"rendered":"<p>\u00dcr\u00fcn \u00d6l\u00e7\u00fcleri :Y\u00fckseklik : 27 cm&nbsp;Geni\u015flik : 22 cm Nautica, denizcilik gelene\u011finden ilham alan tasar\u0131m\u0131yla ke\u015fif ruhunu ya\u015fam alanlar\u0131na ta\u015f\u0131r. D\u00fcnya haritas\u0131 detayl\u0131 kadran\u0131 ve pusula formunu and\u0131ran \u00e7er\u00e7evesi, zaman\u0131 yaln\u0131zca bir \u00f6l\u00e7\u00fc de\u011fil; bir yolculuk metaforu haline getirir. Pirin\u00e7 tonlu g\u00f6vdesi, klasik denizci ekipmanlar\u0131n\u0131 \u00e7a\u011fr\u0131\u015ft\u0131r\u0131rken k\u0131rm\u0131z\u0131 saniye ibresi tasar\u0131ma dinamik bir vurgu katar. Ofislerde, &hellip; <a href=\"https:\/\/casetti.wpevi.com\/en\/nautica-gold-table-clock\/\" class=\"more-link\">Continue reading <span class=\"screen-reader-text\">Nautica Gold Table Clock<\/span><\/a><\/p>","protected":false},"featured_media":15715,"comment_status":"open","ping_status":"closed","template":"","meta":[],"product_brand":[217],"product_cat":[238,236],"product_tag":[],"class_list":{"0":"post-9930","1":"product","2":"type-product","3":"status-publish","4":"has-post-thumbnail","6":"product_brand-casetti","7":"product_cat-masa-saatleri","8":"product_cat-saatler","11":"instock","12":"taxable","13":"shipping-taxable","14":"purchasable","15":"product-type-simple"},"_links":{"self":[{"href":"https:\/\/casetti.wpevi.com\/en\/wp-json\/wp\/v2\/product\/9930","targetHints":{"allow":["GET"]}}],"collection":[{"href":"https:\/\/casetti.wpevi.com\/en\/wp-json\/wp\/v2\/product"}],"about":[{"href":"https:\/\/casetti.wpevi.com\/en\/wp-json\/wp\/v2\/types\/product"}],"replies":[{"embeddable":true,"href":"https:\/\/casetti.wpevi.com\/en\/wp-json\/wp\/v2\/comments?post=9930"}],"version-history":[{"count":1,"href":"https:\/\/casetti.wpevi.com\/en\/wp-json\/wp\/v2\/product\/9930\/revisions"}],"predecessor-version":[{"id":13202,"href":"https:\/\/casetti.wpevi.com\/en\/wp-json\/wp\/v2\/product\/9930\/revisions\/13202"}],"wp:featuredmedia":[{"embeddable":true,"href":"https:\/\/casetti.wpevi.com\/en\/wp-json\/wp\/v2\/media\/15715"}],"wp:attachment":[{"href":"https:\/\/casetti.wpevi.com\/en\/wp-json\/wp\/v2\/media?parent=9930"}],"wp:term":[{"taxonomy":"product_brand","embeddable":true,"href":"https:\/\/casetti.wpevi.com\/en\/wp-json\/wp\/v2\/product_brand?post=9930"},{"taxonomy":"product_cat","embeddable":true,"href":"https:\/\/casetti.wpevi.com\/en\/wp-json\/wp\/v2\/product_cat?post=9930"},{"taxonomy":"product_tag","embeddable":true,"href":"https:\/\/casetti.wpevi.com\/en\/wp-json\/wp\/v2\/product_tag?post=9930"}],"curies":[{"name":"wp","href":"https:\/\/api.w.org\/{rel}","templated":true}]}}