{"id":9927,"date":"2025-12-23T18:32:51","date_gmt":"2025-12-23T15:32:51","guid":{"rendered":"https:\/\/casetti.wpevi.com\/nautica-gumus-masa-saati\/"},"modified":"2026-03-12T16:55:06","modified_gmt":"2026-03-12T13:55:06","slug":"nautica-silver-table-clock","status":"publish","type":"product","link":"https:\/\/casetti.wpevi.com\/en\/nautica-silver-table-clock\/","title":{"rendered":"Nautica Silver Table Clock"},"content":{"rendered":"<p>\u00dcr\u00fcn \u00d6l\u00e7\u00fcleri :&nbsp;<br \/>Y\u00fckseklik : 25 cm&nbsp;<br \/>Geni\u015fli\u015fk : 21 cm<\/p>\n<p>Nautica, zaman\u0131 bir yolculuk metaforuna d\u00f6n\u00fc\u015ft\u00fcren karakterli bir tasar\u0131m. D\u00fcnya haritas\u0131 detayl\u0131 kadran\u0131 ve \u00e7ift \u00e7an formuyla klasik denizci ekipmanlar\u0131n\u0131n ruhunu modern ya\u015fam alanlar\u0131na ta\u015f\u0131r.<\/p>\n<p>Parlak metal g\u00f6vdesi g\u00fc\u00e7l\u00fc bir duru\u015f sergilerken, k\u0131rm\u0131z\u0131 saniye ibresi tasar\u0131ma dinamik bir vurgu katar. Ke\u015fif, y\u00f6n bulma ve zamana h\u00e2kim olma fikrini bir araya getiren bu \u00f6zel par\u00e7a; ofislerde, \u00e7al\u0131\u015fma alanlar\u0131nda ve stil sahibi mek\u00e2nlarda dikkat \u00e7eken bir odak noktas\u0131 olu\u015fturur.<\/p>","protected":false},"excerpt":{"rendered":"<p>\u00dcr\u00fcn \u00d6l\u00e7\u00fcleri :&nbsp;Y\u00fckseklik : 25 cm&nbsp;Geni\u015fli\u015fk : 21 cm Nautica, zaman\u0131 bir yolculuk metaforuna d\u00f6n\u00fc\u015ft\u00fcren karakterli bir tasar\u0131m. D\u00fcnya haritas\u0131 detayl\u0131 kadran\u0131 ve \u00e7ift \u00e7an formuyla klasik denizci ekipmanlar\u0131n\u0131n ruhunu modern ya\u015fam alanlar\u0131na ta\u015f\u0131r. Parlak metal g\u00f6vdesi g\u00fc\u00e7l\u00fc bir duru\u015f sergilerken, k\u0131rm\u0131z\u0131 saniye ibresi tasar\u0131ma dinamik bir vurgu katar. Ke\u015fif, y\u00f6n bulma ve zamana h\u00e2kim &hellip; <a href=\"https:\/\/casetti.wpevi.com\/en\/nautica-silver-table-clock\/\" class=\"more-link\">Continue reading <span class=\"screen-reader-text\">Nautica Silver Table Clock<\/span><\/a><\/p>","protected":false},"featured_media":15644,"comment_status":"open","ping_status":"closed","template":"","meta":[],"product_brand":[217],"product_cat":[238,236],"product_tag":[],"class_list":{"0":"post-9927","1":"product","2":"type-product","3":"status-publish","4":"has-post-thumbnail","6":"product_brand-casetti","7":"product_cat-masa-saatleri","8":"product_cat-saatler","11":"instock","12":"taxable","13":"shipping-taxable","14":"purchasable","15":"product-type-simple"},"_links":{"self":[{"href":"https:\/\/casetti.wpevi.com\/en\/wp-json\/wp\/v2\/product\/9927","targetHints":{"allow":["GET"]}}],"collection":[{"href":"https:\/\/casetti.wpevi.com\/en\/wp-json\/wp\/v2\/product"}],"about":[{"href":"https:\/\/casetti.wpevi.com\/en\/wp-json\/wp\/v2\/types\/product"}],"replies":[{"embeddable":true,"href":"https:\/\/casetti.wpevi.com\/en\/wp-json\/wp\/v2\/comments?post=9927"}],"version-history":[{"count":2,"href":"https:\/\/casetti.wpevi.com\/en\/wp-json\/wp\/v2\/product\/9927\/revisions"}],"predecessor-version":[{"id":13222,"href":"https:\/\/casetti.wpevi.com\/en\/wp-json\/wp\/v2\/product\/9927\/revisions\/13222"}],"wp:featuredmedia":[{"embeddable":true,"href":"https:\/\/casetti.wpevi.com\/en\/wp-json\/wp\/v2\/media\/15644"}],"wp:attachment":[{"href":"https:\/\/casetti.wpevi.com\/en\/wp-json\/wp\/v2\/media?parent=9927"}],"wp:term":[{"taxonomy":"product_brand","embeddable":true,"href":"https:\/\/casetti.wpevi.com\/en\/wp-json\/wp\/v2\/product_brand?post=9927"},{"taxonomy":"product_cat","embeddable":true,"href":"https:\/\/casetti.wpevi.com\/en\/wp-json\/wp\/v2\/product_cat?post=9927"},{"taxonomy":"product_tag","embeddable":true,"href":"https:\/\/casetti.wpevi.com\/en\/wp-json\/wp\/v2\/product_tag?post=9927"}],"curies":[{"name":"wp","href":"https:\/\/api.w.org\/{rel}","templated":true}]}}