{"id":9920,"date":"2025-12-23T18:32:38","date_gmt":"2025-12-23T15:32:38","guid":{"rendered":"https:\/\/casetti.wpevi.com\/blue-blanc-porselen-kuslu-vazo-buyuk-cst2025000021\/"},"modified":"2026-03-09T13:33:09","modified_gmt":"2026-03-09T10:33:09","slug":"jin-porselen-kup-buyuk","status":"publish","type":"product","link":"https:\/\/casetti.wpevi.com\/en\/jin-porselen-kup-buyuk\/","title":{"rendered":"Jin Porcelain Cube Large"},"content":{"rendered":"<p>Product Dimensions&nbsp;<br \/>Height: 29 cm&nbsp;<br \/>Width: 15 cm&nbsp;<\/p>\n<p>An exquisite design that blends the classic Chinese blue-and-white porcelain tradition with a modern interpretation. Handcrafted floral patterns, with their elegant composition, create a calm and refined atmosphere.<\/p>\n<p>The brass-cast bird figure on the lid is the design&#039;s strongest signature. Its bright gold tone contrasts with the porcelain&#039;s blue patterns, creating a sophisticated accent. The bird form symbolizes freedom, elegance, and good fortune, while the warm gleam of the metal texture lends the piece an aristocratic character.<\/p>","protected":false},"excerpt":{"rendered":"<p>\u00dcr\u00fcn \u00d6l\u00e7\u00fcleri&nbsp;Y\u00fckseklik : 29 cm&nbsp;Geni\u015flik : 15 cm&nbsp; Klasik \u00c7in mavi-beyaz porselen gelene\u011fini modern bir yorumla bulu\u015fturan se\u00e7kin bir tasar\u0131m. El i\u015f\u00e7ili\u011fini and\u0131ran floral desenler, zarif kompozisyonuyla sakin ve rafine bir atmosfer sunar. Kapak \u00fczerinde yer alan pirin\u00e7 d\u00f6k\u00fcm ku\u015f fig\u00fcr\u00fc tasar\u0131m\u0131n en g\u00fc\u00e7l\u00fc imzas\u0131d\u0131r. Parlak alt\u0131n tonu, porselenin mavi desenleriyle kontrast olu\u015fturarak sofistike bir &hellip; <a href=\"https:\/\/casetti.wpevi.com\/en\/jin-porselen-kup-buyuk\/\" class=\"more-link\">Continue reading <span class=\"screen-reader-text\">Jin Porcelain Cube Large<\/span><\/a><\/p>","protected":false},"featured_media":14722,"comment_status":"open","ping_status":"closed","template":"","meta":[],"product_brand":[217],"product_cat":[213,180,171,165,158,207,181,208,159,179,163,182,185,212,176,190,164,177,178,199],"product_tag":[],"class_list":{"0":"post-9920","1":"product","2":"type-product","3":"status-publish","4":"has-post-thumbnail","6":"product_brand-casetti","7":"product_cat-cam-ve-kristal-urunler","8":"product_cat-chando-oda-kokusu","9":"product_cat-dekoratif-objeler","10":"product_cat-dresuar","11":"product_cat-genel","12":"product_cat-heykeller-ve-bustler","13":"product_cat-kristal-parfum-siseleri","14":"product_cat-masaustu-dekoratif-obje","15":"product_cat-metal-mobilya","16":"product_cat-mum-oda-kokusu","17":"product_cat-orta-sehpa","18":"product_cat-pirinc-gumus-urunler","19":"product_cat-puf","20":"product_cat-saksi-vazo-kup","21":"product_cat-samdan-mumluk-fener","22":"product_cat-servis-sunum-urunleri-sofra-mutfak","23":"product_cat-servis-arabasi","24":"product_cat-tepsi","25":"product_cat-yapay-cicek-agac","26":"product_cat-zigon-sehpa","27":"pa_ebat-29cm","28":"pa_ebat-38cm","29":"pa_malzeme-porselen","30":"pa_mensei-turkiye","31":"pa_renk-gold","32":"pa_renk-gumus","33":"pa_renk-pirinc","36":"instock","37":"taxable","38":"shipping-taxable","39":"purchasable","40":"product-type-simple"},"_links":{"self":[{"href":"https:\/\/casetti.wpevi.com\/en\/wp-json\/wp\/v2\/product\/9920","targetHints":{"allow":["GET"]}}],"collection":[{"href":"https:\/\/casetti.wpevi.com\/en\/wp-json\/wp\/v2\/product"}],"about":[{"href":"https:\/\/casetti.wpevi.com\/en\/wp-json\/wp\/v2\/types\/product"}],"replies":[{"embeddable":true,"href":"https:\/\/casetti.wpevi.com\/en\/wp-json\/wp\/v2\/comments?post=9920"}],"version-history":[{"count":7,"href":"https:\/\/casetti.wpevi.com\/en\/wp-json\/wp\/v2\/product\/9920\/revisions"}],"predecessor-version":[{"id":14420,"href":"https:\/\/casetti.wpevi.com\/en\/wp-json\/wp\/v2\/product\/9920\/revisions\/14420"}],"wp:featuredmedia":[{"embeddable":true,"href":"https:\/\/casetti.wpevi.com\/en\/wp-json\/wp\/v2\/media\/14722"}],"wp:attachment":[{"href":"https:\/\/casetti.wpevi.com\/en\/wp-json\/wp\/v2\/media?parent=9920"}],"wp:term":[{"taxonomy":"product_brand","embeddable":true,"href":"https:\/\/casetti.wpevi.com\/en\/wp-json\/wp\/v2\/product_brand?post=9920"},{"taxonomy":"product_cat","embeddable":true,"href":"https:\/\/casetti.wpevi.com\/en\/wp-json\/wp\/v2\/product_cat?post=9920"},{"taxonomy":"product_tag","embeddable":true,"href":"https:\/\/casetti.wpevi.com\/en\/wp-json\/wp\/v2\/product_tag?post=9920"}],"curies":[{"name":"wp","href":"https:\/\/api.w.org\/{rel}","templated":true}]}}