{"id":16118,"date":"2026-03-13T13:32:54","date_gmt":"2026-03-13T10:32:54","guid":{"rendered":"https:\/\/casetti.wpevi.com\/pop-art-monkey-heykel\/"},"modified":"2026-03-13T13:32:56","modified_gmt":"2026-03-13T10:32:56","slug":"pop-art-monkey-heykel","status":"publish","type":"product","link":"https:\/\/casetti.wpevi.com\/en\/pop-art-monkey-heykel\/","title":{"rendered":"Pop Art Monkey Heykel"},"content":{"rendered":"<p>\u00dcr\u00fcn \u00d6l\u00e7\u00fcleri : 26 x 38 cm<\/p>\n<p>&nbsp;This <strong>pop art maymun heykeli<\/strong>, modern sanat ve sokak sanat\u0131 esteti\u011fini bir araya getiren dikkat \u00e7ekici bir dekoratif tasar\u0131md\u0131r. Canl\u0131 renkler, graffiti tarz\u0131 \u00e7izimler ve soyut sanat detaylar\u0131 sayesinde bulundu\u011fu ortama <strong>sanatsal ve enerjik bir atmosfer<\/strong> kazand\u0131r\u0131r. D\u00fc\u015f\u00fcnceli oturu\u015f pozisyonu ve \u00f6zg\u00fcn boyama tekni\u011fiyle <strong>modern dekorasyonun odak noktas\u0131 olacak \u00f6zel bir sanat objesidir.<\/strong><\/p>","protected":false},"excerpt":{"rendered":"<p>\u00dcr\u00fcn \u00d6l\u00e7\u00fcleri : 26 x 38 cm &nbsp;Bu pop art maymun heykeli, modern sanat ve sokak sanat\u0131 esteti\u011fini bir araya getiren dikkat \u00e7ekici bir dekoratif tasar\u0131md\u0131r. Canl\u0131 renkler, graffiti tarz\u0131 \u00e7izimler ve soyut sanat detaylar\u0131 sayesinde bulundu\u011fu ortama sanatsal ve enerjik bir atmosfer kazand\u0131r\u0131r. D\u00fc\u015f\u00fcnceli oturu\u015f pozisyonu ve \u00f6zg\u00fcn boyama tekni\u011fiyle modern dekorasyonun odak noktas\u0131 &hellip; <a href=\"https:\/\/casetti.wpevi.com\/en\/pop-art-monkey-heykel\/\" class=\"more-link\">Continue reading <span class=\"screen-reader-text\">Pop Art Monkey Heykel<\/span><\/a><\/p>","protected":false},"featured_media":0,"comment_status":"open","ping_status":"closed","template":"","meta":[],"product_brand":[],"product_cat":[15],"product_tag":[],"class_list":{"0":"post-16118","1":"product","2":"type-product","3":"status-publish","5":"product_cat-uncategorized","8":"instock","9":"taxable","10":"shipping-taxable","11":"purchasable","12":"product-type-simple"},"_links":{"self":[{"href":"https:\/\/casetti.wpevi.com\/en\/wp-json\/wp\/v2\/product\/16118","targetHints":{"allow":["GET"]}}],"collection":[{"href":"https:\/\/casetti.wpevi.com\/en\/wp-json\/wp\/v2\/product"}],"about":[{"href":"https:\/\/casetti.wpevi.com\/en\/wp-json\/wp\/v2\/types\/product"}],"replies":[{"embeddable":true,"href":"https:\/\/casetti.wpevi.com\/en\/wp-json\/wp\/v2\/comments?post=16118"}],"version-history":[{"count":0,"href":"https:\/\/casetti.wpevi.com\/en\/wp-json\/wp\/v2\/product\/16118\/revisions"}],"wp:attachment":[{"href":"https:\/\/casetti.wpevi.com\/en\/wp-json\/wp\/v2\/media?parent=16118"}],"wp:term":[{"taxonomy":"product_brand","embeddable":true,"href":"https:\/\/casetti.wpevi.com\/en\/wp-json\/wp\/v2\/product_brand?post=16118"},{"taxonomy":"product_cat","embeddable":true,"href":"https:\/\/casetti.wpevi.com\/en\/wp-json\/wp\/v2\/product_cat?post=16118"},{"taxonomy":"product_tag","embeddable":true,"href":"https:\/\/casetti.wpevi.com\/en\/wp-json\/wp\/v2\/product_tag?post=16118"}],"curies":[{"name":"wp","href":"https:\/\/api.w.org\/{rel}","templated":true}]}}