{"id":16091,"date":"2026-03-13T13:19:03","date_gmt":"2026-03-13T10:19:03","guid":{"rendered":"https:\/\/casetti.wpevi.com\/pop-art-rebel-monkey-heykel\/"},"modified":"2026-03-13T13:26:32","modified_gmt":"2026-03-13T10:26:32","slug":"pop-art-rebel-monkey-heykel","status":"publish","type":"product","link":"https:\/\/casetti.wpevi.com\/en\/pop-art-rebel-monkey-heykel\/","title":{"rendered":"Pop Art Rebel Monkey Heykel"},"content":{"rendered":"<p>\u00dcr\u00fcn \u00d6l\u00e7\u00fcleri : 26 x 38 cm <\/p>\n<p>P<strong>op art maymun heykeli<\/strong>, sokak sanat\u0131 esteti\u011fini modern dekorasyonla birle\u015ftiren dikkat \u00e7ekici bir tasar\u0131md\u0131r. <strong>Canl\u0131 renkler, graffiti tarz\u0131 detaylar ve sanatsal \u00e7izimler<\/strong>, \u00fcr\u00fcne enerjik ve \u00f6zg\u00fcn bir karakter kazand\u0131r\u0131r. E\u011flenceli ve yarat\u0131c\u0131 formu sayesinde <strong>salon, ofis, st\u00fcdyo veya modern ya\u015fam alanlar\u0131nda g\u00fc\u00e7l\u00fc bir dekoratif odak noktas\u0131<\/strong> olu\u015fturur.&nbsp;<\/p>","protected":false},"excerpt":{"rendered":"<p>\u00dcr\u00fcn \u00d6l\u00e7\u00fcleri : 26 x 38 cm Pop art maymun heykeli, sokak sanat\u0131 esteti\u011fini modern dekorasyonla birle\u015ftiren dikkat \u00e7ekici bir tasar\u0131md\u0131r. Canl\u0131 renkler, graffiti tarz\u0131 detaylar ve sanatsal \u00e7izimler, \u00fcr\u00fcne enerjik ve \u00f6zg\u00fcn bir karakter kazand\u0131r\u0131r. E\u011flenceli ve yarat\u0131c\u0131 formu sayesinde salon, ofis, st\u00fcdyo veya modern ya\u015fam alanlar\u0131nda g\u00fc\u00e7l\u00fc bir dekoratif odak noktas\u0131 olu\u015fturur.&nbsp;<\/p>","protected":false},"featured_media":16098,"comment_status":"open","ping_status":"closed","template":"","meta":[],"product_brand":[228],"product_cat":[207],"product_tag":[],"class_list":{"0":"post-16091","1":"product","2":"type-product","3":"status-publish","4":"has-post-thumbnail","6":"product_brand-lamedore","7":"product_cat-heykeller-ve-bustler","10":"instock","11":"taxable","12":"shipping-taxable","13":"purchasable","14":"product-type-simple"},"_links":{"self":[{"href":"https:\/\/casetti.wpevi.com\/en\/wp-json\/wp\/v2\/product\/16091","targetHints":{"allow":["GET"]}}],"collection":[{"href":"https:\/\/casetti.wpevi.com\/en\/wp-json\/wp\/v2\/product"}],"about":[{"href":"https:\/\/casetti.wpevi.com\/en\/wp-json\/wp\/v2\/types\/product"}],"replies":[{"embeddable":true,"href":"https:\/\/casetti.wpevi.com\/en\/wp-json\/wp\/v2\/comments?post=16091"}],"version-history":[{"count":0,"href":"https:\/\/casetti.wpevi.com\/en\/wp-json\/wp\/v2\/product\/16091\/revisions"}],"wp:featuredmedia":[{"embeddable":true,"href":"https:\/\/casetti.wpevi.com\/en\/wp-json\/wp\/v2\/media\/16098"}],"wp:attachment":[{"href":"https:\/\/casetti.wpevi.com\/en\/wp-json\/wp\/v2\/media?parent=16091"}],"wp:term":[{"taxonomy":"product_brand","embeddable":true,"href":"https:\/\/casetti.wpevi.com\/en\/wp-json\/wp\/v2\/product_brand?post=16091"},{"taxonomy":"product_cat","embeddable":true,"href":"https:\/\/casetti.wpevi.com\/en\/wp-json\/wp\/v2\/product_cat?post=16091"},{"taxonomy":"product_tag","embeddable":true,"href":"https:\/\/casetti.wpevi.com\/en\/wp-json\/wp\/v2\/product_tag?post=16091"}],"curies":[{"name":"wp","href":"https:\/\/api.w.org\/{rel}","templated":true}]}}