{"id":16074,"date":"2026-03-13T12:54:05","date_gmt":"2026-03-13T09:54:05","guid":{"rendered":"https:\/\/casetti.wpevi.com\/afro-gentleman-modern-heykel\/"},"modified":"2026-03-13T12:55:28","modified_gmt":"2026-03-13T09:55:28","slug":"afro-gentleman-modern-heykel","status":"publish","type":"product","link":"https:\/\/casetti.wpevi.com\/en\/afro-gentleman-modern-heykel\/","title":{"rendered":"Afro Gentleman Modern Heykel"},"content":{"rendered":"<p>\u00dcr\u00fcn \u00d6l\u00e7\u00fcs\u00fc : 44 cm <\/p>\n<p>This <strong>afro sa\u00e7l\u0131 erkek heykeli<\/strong>, modern sanat esteti\u011fini ve g\u00fc\u00e7l\u00fc karakteri temsil eden \u00f6zg\u00fcn bir dekoratif tasar\u0131md\u0131r. <strong>Minimalist uzat\u0131lm\u0131\u015f formu ve bronz g\u00f6r\u00fcn\u00fcml\u00fc dokulu y\u00fczeyi<\/strong>, \u00e7a\u011fda\u015f sanat anlay\u0131\u015f\u0131n\u0131 ya\u015fam alanlar\u0131n\u0131za ta\u015f\u0131r. Karakteristik afro sa\u00e7 silueti ve sade fig\u00fcr\u00fc sayesinde <strong>kitapl\u0131k, konsol, sehpa veya ofis dekorunda dikkat \u00e7ekici bir sanat objesi<\/strong> olu\u015fturur.&nbsp;<\/p>","protected":false},"excerpt":{"rendered":"<p>\u00dcr\u00fcn \u00d6l\u00e7\u00fcs\u00fc : 44 cm Bu afro sa\u00e7l\u0131 erkek heykeli, modern sanat esteti\u011fini ve g\u00fc\u00e7l\u00fc karakteri temsil eden \u00f6zg\u00fcn bir dekoratif tasar\u0131md\u0131r. Minimalist uzat\u0131lm\u0131\u015f formu ve bronz g\u00f6r\u00fcn\u00fcml\u00fc dokulu y\u00fczeyi, \u00e7a\u011fda\u015f sanat anlay\u0131\u015f\u0131n\u0131 ya\u015fam alanlar\u0131n\u0131za ta\u015f\u0131r. Karakteristik afro sa\u00e7 silueti ve sade fig\u00fcr\u00fc sayesinde kitapl\u0131k, konsol, sehpa veya ofis dekorunda dikkat \u00e7ekici bir sanat objesi &hellip; <a href=\"https:\/\/casetti.wpevi.com\/en\/afro-gentleman-modern-heykel\/\" class=\"more-link\">Continue reading <span class=\"screen-reader-text\">Afro Gentleman Modern Heykel<\/span><\/a><\/p>","protected":false},"featured_media":16088,"comment_status":"open","ping_status":"closed","template":"","meta":[],"product_brand":[228],"product_cat":[207],"product_tag":[],"class_list":{"0":"post-16074","1":"product","2":"type-product","3":"status-publish","4":"has-post-thumbnail","6":"product_brand-lamedore","7":"product_cat-heykeller-ve-bustler","10":"instock","11":"taxable","12":"shipping-taxable","13":"purchasable","14":"product-type-simple"},"_links":{"self":[{"href":"https:\/\/casetti.wpevi.com\/en\/wp-json\/wp\/v2\/product\/16074","targetHints":{"allow":["GET"]}}],"collection":[{"href":"https:\/\/casetti.wpevi.com\/en\/wp-json\/wp\/v2\/product"}],"about":[{"href":"https:\/\/casetti.wpevi.com\/en\/wp-json\/wp\/v2\/types\/product"}],"replies":[{"embeddable":true,"href":"https:\/\/casetti.wpevi.com\/en\/wp-json\/wp\/v2\/comments?post=16074"}],"version-history":[{"count":1,"href":"https:\/\/casetti.wpevi.com\/en\/wp-json\/wp\/v2\/product\/16074\/revisions"}],"predecessor-version":[{"id":16078,"href":"https:\/\/casetti.wpevi.com\/en\/wp-json\/wp\/v2\/product\/16074\/revisions\/16078"}],"wp:featuredmedia":[{"embeddable":true,"href":"https:\/\/casetti.wpevi.com\/en\/wp-json\/wp\/v2\/media\/16088"}],"wp:attachment":[{"href":"https:\/\/casetti.wpevi.com\/en\/wp-json\/wp\/v2\/media?parent=16074"}],"wp:term":[{"taxonomy":"product_brand","embeddable":true,"href":"https:\/\/casetti.wpevi.com\/en\/wp-json\/wp\/v2\/product_brand?post=16074"},{"taxonomy":"product_cat","embeddable":true,"href":"https:\/\/casetti.wpevi.com\/en\/wp-json\/wp\/v2\/product_cat?post=16074"},{"taxonomy":"product_tag","embeddable":true,"href":"https:\/\/casetti.wpevi.com\/en\/wp-json\/wp\/v2\/product_tag?post=16074"}],"curies":[{"name":"wp","href":"https:\/\/api.w.org\/{rel}","templated":true}]}}