{"id":16061,"date":"2026-03-13T12:41:03","date_gmt":"2026-03-13T09:41:03","guid":{"rendered":"https:\/\/casetti.wpevi.com\/noir-gentleman-modern-heykel\/"},"modified":"2026-03-13T12:49:14","modified_gmt":"2026-03-13T09:49:14","slug":"noir-gentleman-modern-heykel","status":"publish","type":"product","link":"https:\/\/casetti.wpevi.com\/en\/noir-gentleman-modern-heykel\/","title":{"rendered":"Noir Gentleman Modern Heykel"},"content":{"rendered":"<p>\u00dcr\u00fcn \u00d6l\u00e7\u00fcs\u00fc : 44 cm <\/p>\n<p>This <strong>\u015fapkal\u0131 adam heykeli<\/strong>, modern sanat esteti\u011fini ve \u015fehirli zarafeti yans\u0131tan \u00f6zel bir dekoratif tasar\u0131md\u0131r. <strong>\u015eapka ve uzun palto detay\u0131yla tasarlanm\u0131\u015f stilize insan fig\u00fcr\u00fc<\/strong>, gizemli ve karizmatik bir karakteri temsil eder. Uzun ve minimalist formu ile bronz g\u00f6r\u00fcn\u00fcml\u00fc dokulu y\u00fczeyi sayesinde <strong>ofis, kitapl\u0131k, konsol veya sehpa \u00fczerinde dikkat \u00e7ekici bir sanat objesi<\/strong> olu\u015fturur.&nbsp;<\/p>","protected":false},"excerpt":{"rendered":"<p>\u00dcr\u00fcn \u00d6l\u00e7\u00fcs\u00fc : 44 cm Bu \u015fapkal\u0131 adam heykeli, modern sanat esteti\u011fini ve \u015fehirli zarafeti yans\u0131tan \u00f6zel bir dekoratif tasar\u0131md\u0131r. \u015eapka ve uzun palto detay\u0131yla tasarlanm\u0131\u015f stilize insan fig\u00fcr\u00fc, gizemli ve karizmatik bir karakteri temsil eder. Uzun ve minimalist formu ile bronz g\u00f6r\u00fcn\u00fcml\u00fc dokulu y\u00fczeyi sayesinde ofis, kitapl\u0131k, konsol veya sehpa \u00fczerinde dikkat \u00e7ekici bir &hellip; <a href=\"https:\/\/casetti.wpevi.com\/en\/noir-gentleman-modern-heykel\/\" class=\"more-link\">Continue reading <span class=\"screen-reader-text\">Noir Gentleman Modern Heykel<\/span><\/a><\/p>","protected":false},"featured_media":16071,"comment_status":"open","ping_status":"closed","template":"","meta":[],"product_brand":[228],"product_cat":[207],"product_tag":[],"class_list":{"0":"post-16061","1":"product","2":"type-product","3":"status-publish","4":"has-post-thumbnail","6":"product_brand-lamedore","7":"product_cat-heykeller-ve-bustler","10":"instock","11":"taxable","12":"shipping-taxable","13":"purchasable","14":"product-type-simple"},"_links":{"self":[{"href":"https:\/\/casetti.wpevi.com\/en\/wp-json\/wp\/v2\/product\/16061","targetHints":{"allow":["GET"]}}],"collection":[{"href":"https:\/\/casetti.wpevi.com\/en\/wp-json\/wp\/v2\/product"}],"about":[{"href":"https:\/\/casetti.wpevi.com\/en\/wp-json\/wp\/v2\/types\/product"}],"replies":[{"embeddable":true,"href":"https:\/\/casetti.wpevi.com\/en\/wp-json\/wp\/v2\/comments?post=16061"}],"version-history":[{"count":0,"href":"https:\/\/casetti.wpevi.com\/en\/wp-json\/wp\/v2\/product\/16061\/revisions"}],"wp:featuredmedia":[{"embeddable":true,"href":"https:\/\/casetti.wpevi.com\/en\/wp-json\/wp\/v2\/media\/16071"}],"wp:attachment":[{"href":"https:\/\/casetti.wpevi.com\/en\/wp-json\/wp\/v2\/media?parent=16061"}],"wp:term":[{"taxonomy":"product_brand","embeddable":true,"href":"https:\/\/casetti.wpevi.com\/en\/wp-json\/wp\/v2\/product_brand?post=16061"},{"taxonomy":"product_cat","embeddable":true,"href":"https:\/\/casetti.wpevi.com\/en\/wp-json\/wp\/v2\/product_cat?post=16061"},{"taxonomy":"product_tag","embeddable":true,"href":"https:\/\/casetti.wpevi.com\/en\/wp-json\/wp\/v2\/product_tag?post=16061"}],"curies":[{"name":"wp","href":"https:\/\/api.w.org\/{rel}","templated":true}]}}