{"id":16054,"date":"2026-03-13T12:38:08","date_gmt":"2026-03-13T09:38:08","guid":{"rendered":"https:\/\/casetti.wpevi.com\/urban-gentleman-modern-heykel\/"},"modified":"2026-03-13T12:38:21","modified_gmt":"2026-03-13T09:38:21","slug":"urban-gentleman-modern-heykel","status":"publish","type":"product","link":"https:\/\/casetti.wpevi.com\/en\/urban-gentleman-modern-heykel\/","title":{"rendered":"Urban Gentleman Modern Heykel"},"content":{"rendered":"<p>\u00dcr\u00fcn \u00d6l\u00e7\u00fcs\u00fc : 44 cm <\/p>\n<p>This <strong>modern \u015femsiyeli adam heykeli<\/strong>, \u015fehir ya\u015fam\u0131n\u0131n zarafetini ve hareketini sanatsal bir dille yans\u0131tan \u00f6zg\u00fcn bir dekoratif objedir. <strong>\u015eemsiye ve \u00e7anta ta\u015f\u0131yan stilize insan fig\u00fcr\u00fc<\/strong>, modern hayat\u0131n temposunu ve d\u00fc\u015f\u00fcnceli bir karakteri simgeler. Uzat\u0131lm\u0131\u015f minimalist formu ve bronz g\u00f6r\u00fcn\u00fcml\u00fc dokulu y\u00fczeyi sayesinde <strong>ofis, kitapl\u0131k, konsol veya sehpa \u00fczerinde dikkat \u00e7ekici bir sanat objesi<\/strong> olu\u015fturur.&nbsp;<\/p>","protected":false},"excerpt":{"rendered":"<p>\u00dcr\u00fcn \u00d6l\u00e7\u00fcs\u00fc : 44 cm Bu modern \u015femsiyeli adam heykeli, \u015fehir ya\u015fam\u0131n\u0131n zarafetini ve hareketini sanatsal bir dille yans\u0131tan \u00f6zg\u00fcn bir dekoratif objedir. \u015eemsiye ve \u00e7anta ta\u015f\u0131yan stilize insan fig\u00fcr\u00fc, modern hayat\u0131n temposunu ve d\u00fc\u015f\u00fcnceli bir karakteri simgeler. Uzat\u0131lm\u0131\u015f minimalist formu ve bronz g\u00f6r\u00fcn\u00fcml\u00fc dokulu y\u00fczeyi sayesinde ofis, kitapl\u0131k, konsol veya sehpa \u00fczerinde dikkat \u00e7ekici &hellip; <a href=\"https:\/\/casetti.wpevi.com\/en\/urban-gentleman-modern-heykel\/\" class=\"more-link\">Continue reading <span class=\"screen-reader-text\">Urban Gentleman Modern Heykel<\/span><\/a><\/p>","protected":false},"featured_media":16058,"comment_status":"open","ping_status":"closed","template":"","meta":[],"product_brand":[228],"product_cat":[207],"product_tag":[],"class_list":{"0":"post-16054","1":"product","2":"type-product","3":"status-publish","4":"has-post-thumbnail","6":"product_brand-lamedore","7":"product_cat-heykeller-ve-bustler","10":"instock","11":"taxable","12":"shipping-taxable","13":"purchasable","14":"product-type-simple"},"_links":{"self":[{"href":"https:\/\/casetti.wpevi.com\/en\/wp-json\/wp\/v2\/product\/16054","targetHints":{"allow":["GET"]}}],"collection":[{"href":"https:\/\/casetti.wpevi.com\/en\/wp-json\/wp\/v2\/product"}],"about":[{"href":"https:\/\/casetti.wpevi.com\/en\/wp-json\/wp\/v2\/types\/product"}],"replies":[{"embeddable":true,"href":"https:\/\/casetti.wpevi.com\/en\/wp-json\/wp\/v2\/comments?post=16054"}],"version-history":[{"count":0,"href":"https:\/\/casetti.wpevi.com\/en\/wp-json\/wp\/v2\/product\/16054\/revisions"}],"wp:featuredmedia":[{"embeddable":true,"href":"https:\/\/casetti.wpevi.com\/en\/wp-json\/wp\/v2\/media\/16058"}],"wp:attachment":[{"href":"https:\/\/casetti.wpevi.com\/en\/wp-json\/wp\/v2\/media?parent=16054"}],"wp:term":[{"taxonomy":"product_brand","embeddable":true,"href":"https:\/\/casetti.wpevi.com\/en\/wp-json\/wp\/v2\/product_brand?post=16054"},{"taxonomy":"product_cat","embeddable":true,"href":"https:\/\/casetti.wpevi.com\/en\/wp-json\/wp\/v2\/product_cat?post=16054"},{"taxonomy":"product_tag","embeddable":true,"href":"https:\/\/casetti.wpevi.com\/en\/wp-json\/wp\/v2\/product_tag?post=16054"}],"curies":[{"name":"wp","href":"https:\/\/api.w.org\/{rel}","templated":true}]}}