{"id":16046,"date":"2026-03-13T12:25:04","date_gmt":"2026-03-13T09:25:04","guid":{"rendered":"https:\/\/casetti.wpevi.com\/gold-luxe-dekoratif-oda-kokusu\/"},"modified":"2026-03-13T12:26:08","modified_gmt":"2026-03-13T09:26:08","slug":"gold-luxe-dekoratif-oda-kokusu","status":"publish","type":"product","link":"https:\/\/casetti.wpevi.com\/en\/gold-luxe-dekoratif-oda-kokusu\/","title":{"rendered":"Gold Luxe Dekoratif Oda Kokusu"},"content":{"rendered":"<p>150 ML<\/p>\n<p>L<strong>\u00fcks alt\u0131n kaplama dif\u00fcz\u00f6r \u015fi\u015fesi<\/strong>, ya\u015fam alanlar\u0131n\u0131za hem ho\u015f bir koku hem de sofistike bir dekoratif g\u00f6r\u00fcn\u00fcm kazand\u0131rmak i\u00e7in tasarlanm\u0131\u015ft\u0131r. <strong>Parlak metalik alt\u0131n y\u00fczeyi ve heykelsi \u015fi\u015fe formu<\/strong>, \u00fcr\u00fcn\u00fc s\u0131radan bir oda kokusu kab\u0131ndan \u00e7ok daha fazlas\u0131 haline getirir. I\u015f\u0131\u011f\u0131 yans\u0131tan y\u00fczeyi sayesinde salon, banyo, yatak odas\u0131 veya ofis dekorunda <strong>g\u00f6z al\u0131c\u0131 bir tasar\u0131m objesi<\/strong> olarak \u00f6ne \u00e7\u0131kar.&nbsp;<\/p>","protected":false},"excerpt":{"rendered":"<p>150 ML L\u00fcks alt\u0131n kaplama dif\u00fcz\u00f6r \u015fi\u015fesi, ya\u015fam alanlar\u0131n\u0131za hem ho\u015f bir koku hem de sofistike bir dekoratif g\u00f6r\u00fcn\u00fcm kazand\u0131rmak i\u00e7in tasarlanm\u0131\u015ft\u0131r. Parlak metalik alt\u0131n y\u00fczeyi ve heykelsi \u015fi\u015fe formu, \u00fcr\u00fcn\u00fc s\u0131radan bir oda kokusu kab\u0131ndan \u00e7ok daha fazlas\u0131 haline getirir. I\u015f\u0131\u011f\u0131 yans\u0131tan y\u00fczeyi sayesinde salon, banyo, yatak odas\u0131 veya ofis dekorunda g\u00f6z al\u0131c\u0131 bir &hellip; <a href=\"https:\/\/casetti.wpevi.com\/en\/gold-luxe-dekoratif-oda-kokusu\/\" class=\"more-link\">Continue reading <span class=\"screen-reader-text\">Gold Luxe Dekoratif Oda Kokusu<\/span><\/a><\/p>","protected":false},"featured_media":16050,"comment_status":"open","ping_status":"closed","template":"","meta":[],"product_brand":[217],"product_cat":[181],"product_tag":[],"class_list":{"0":"post-16046","1":"product","2":"type-product","3":"status-publish","4":"has-post-thumbnail","6":"product_brand-casetti","7":"product_cat-kristal-parfum-siseleri","10":"instock","11":"taxable","12":"shipping-taxable","13":"purchasable","14":"product-type-simple"},"_links":{"self":[{"href":"https:\/\/casetti.wpevi.com\/en\/wp-json\/wp\/v2\/product\/16046","targetHints":{"allow":["GET"]}}],"collection":[{"href":"https:\/\/casetti.wpevi.com\/en\/wp-json\/wp\/v2\/product"}],"about":[{"href":"https:\/\/casetti.wpevi.com\/en\/wp-json\/wp\/v2\/types\/product"}],"replies":[{"embeddable":true,"href":"https:\/\/casetti.wpevi.com\/en\/wp-json\/wp\/v2\/comments?post=16046"}],"version-history":[{"count":1,"href":"https:\/\/casetti.wpevi.com\/en\/wp-json\/wp\/v2\/product\/16046\/revisions"}],"predecessor-version":[{"id":16048,"href":"https:\/\/casetti.wpevi.com\/en\/wp-json\/wp\/v2\/product\/16046\/revisions\/16048"}],"wp:featuredmedia":[{"embeddable":true,"href":"https:\/\/casetti.wpevi.com\/en\/wp-json\/wp\/v2\/media\/16050"}],"wp:attachment":[{"href":"https:\/\/casetti.wpevi.com\/en\/wp-json\/wp\/v2\/media?parent=16046"}],"wp:term":[{"taxonomy":"product_brand","embeddable":true,"href":"https:\/\/casetti.wpevi.com\/en\/wp-json\/wp\/v2\/product_brand?post=16046"},{"taxonomy":"product_cat","embeddable":true,"href":"https:\/\/casetti.wpevi.com\/en\/wp-json\/wp\/v2\/product_cat?post=16046"},{"taxonomy":"product_tag","embeddable":true,"href":"https:\/\/casetti.wpevi.com\/en\/wp-json\/wp\/v2\/product_tag?post=16046"}],"curies":[{"name":"wp","href":"https:\/\/api.w.org\/{rel}","templated":true}]}}