{"id":16040,"date":"2026-03-13T12:22:04","date_gmt":"2026-03-13T09:22:04","guid":{"rendered":"https:\/\/casetti.wpevi.com\/emerad-elegance-kristal-oda-kokusu\/"},"modified":"2026-03-13T12:23:05","modified_gmt":"2026-03-13T09:23:05","slug":"emerad-elegance-kristal-oda-kokusu","status":"publish","type":"product","link":"https:\/\/casetti.wpevi.com\/en\/emerad-elegance-kristal-oda-kokusu\/","title":{"rendered":"Emerad Elegance Kristal Oda Kokusu"},"content":{"rendered":"<p>250 ML<\/p>\n<p>This <strong>l\u00fcks ye\u015fil cam dif\u00fcz\u00f6r \u015fi\u015fesi<\/strong>, ya\u015fam alanlar\u0131n\u0131za hem ho\u015f bir koku hem de zarif bir dekoratif g\u00f6r\u00fcn\u00fcm kazand\u0131rmak i\u00e7in tasarlanm\u0131\u015ft\u0131r. <strong>Fasetli cam y\u00fczeyi, kristal g\u00f6r\u00fcn\u00fcml\u00fc kapa\u011f\u0131 ve alt\u0131n detayl\u0131 boyun halkas\u0131<\/strong>, klasik \u015f\u0131kl\u0131\u011f\u0131 modern dekorasyon anlay\u0131\u015f\u0131yla birle\u015ftirir. Estetik formu sayesinde yaln\u0131zca bir oda kokusu kab\u0131 de\u011fil ayn\u0131 zamanda <strong>dekoratif bir cam obje<\/strong> olarak da dikkat \u00e7eker.&nbsp;<\/p>","protected":false},"excerpt":{"rendered":"<p>250 ML Bu l\u00fcks ye\u015fil cam dif\u00fcz\u00f6r \u015fi\u015fesi, ya\u015fam alanlar\u0131n\u0131za hem ho\u015f bir koku hem de zarif bir dekoratif g\u00f6r\u00fcn\u00fcm kazand\u0131rmak i\u00e7in tasarlanm\u0131\u015ft\u0131r. Fasetli cam y\u00fczeyi, kristal g\u00f6r\u00fcn\u00fcml\u00fc kapa\u011f\u0131 ve alt\u0131n detayl\u0131 boyun halkas\u0131, klasik \u015f\u0131kl\u0131\u011f\u0131 modern dekorasyon anlay\u0131\u015f\u0131yla birle\u015ftirir. Estetik formu sayesinde yaln\u0131zca bir oda kokusu kab\u0131 de\u011fil ayn\u0131 zamanda dekoratif bir cam obje &hellip; <a href=\"https:\/\/casetti.wpevi.com\/en\/emerad-elegance-kristal-oda-kokusu\/\" class=\"more-link\">Continue reading <span class=\"screen-reader-text\">Emerad Elegance Kristal Oda Kokusu<\/span><\/a><\/p>","protected":false},"featured_media":16042,"comment_status":"open","ping_status":"closed","template":"","meta":[],"product_brand":[217],"product_cat":[181],"product_tag":[],"class_list":{"0":"post-16040","1":"product","2":"type-product","3":"status-publish","4":"has-post-thumbnail","6":"product_brand-casetti","7":"product_cat-kristal-parfum-siseleri","10":"instock","11":"taxable","12":"shipping-taxable","13":"purchasable","14":"product-type-simple"},"_links":{"self":[{"href":"https:\/\/casetti.wpevi.com\/en\/wp-json\/wp\/v2\/product\/16040","targetHints":{"allow":["GET"]}}],"collection":[{"href":"https:\/\/casetti.wpevi.com\/en\/wp-json\/wp\/v2\/product"}],"about":[{"href":"https:\/\/casetti.wpevi.com\/en\/wp-json\/wp\/v2\/types\/product"}],"replies":[{"embeddable":true,"href":"https:\/\/casetti.wpevi.com\/en\/wp-json\/wp\/v2\/comments?post=16040"}],"version-history":[{"count":0,"href":"https:\/\/casetti.wpevi.com\/en\/wp-json\/wp\/v2\/product\/16040\/revisions"}],"wp:featuredmedia":[{"embeddable":true,"href":"https:\/\/casetti.wpevi.com\/en\/wp-json\/wp\/v2\/media\/16042"}],"wp:attachment":[{"href":"https:\/\/casetti.wpevi.com\/en\/wp-json\/wp\/v2\/media?parent=16040"}],"wp:term":[{"taxonomy":"product_brand","embeddable":true,"href":"https:\/\/casetti.wpevi.com\/en\/wp-json\/wp\/v2\/product_brand?post=16040"},{"taxonomy":"product_cat","embeddable":true,"href":"https:\/\/casetti.wpevi.com\/en\/wp-json\/wp\/v2\/product_cat?post=16040"},{"taxonomy":"product_tag","embeddable":true,"href":"https:\/\/casetti.wpevi.com\/en\/wp-json\/wp\/v2\/product_tag?post=16040"}],"curies":[{"name":"wp","href":"https:\/\/api.w.org\/{rel}","templated":true}]}}