{"id":16035,"date":"2026-03-13T12:17:03","date_gmt":"2026-03-13T09:17:03","guid":{"rendered":"https:\/\/casetti.wpevi.com\/silver-luxe-dekoratif-oda-kokusu\/"},"modified":"2026-03-13T12:23:09","modified_gmt":"2026-03-13T09:23:09","slug":"silver-luxe-dekoratif-oda-kokusu","status":"publish","type":"product","link":"https:\/\/casetti.wpevi.com\/en\/silver-luxe-dekoratif-oda-kokusu\/","title":{"rendered":"Silver Luxe Dekoratif Oda Kokusu"},"content":{"rendered":"<p>150 ML<\/p>\n<p>This <strong>l\u00fcks g\u00fcm\u00fc\u015f dif\u00fcz\u00f6r \u015fi\u015fesi<\/strong>, evinizde hem ho\u015f bir koku hem de zarif bir dekoratif atmosfer olu\u015fturmak i\u00e7in tasarlanm\u0131\u015ft\u0131r. <strong>Ayna efekti veren metalik y\u00fczeyi ve \u015f\u0131k p\u00fcsk\u00fcl detay\u0131<\/strong>, \u00fcr\u00fcne modern ve sofistike bir karakter kazand\u0131r\u0131r. Estetik \u015fi\u015fe formu sayesinde yaln\u0131zca bir oda kokusu kab\u0131 de\u011fil ayn\u0131 zamanda <strong>\u015f\u0131k bir dekoratif obje<\/strong> olarak da dikkat \u00e7eker.&nbsp;<\/p>","protected":false},"excerpt":{"rendered":"<p>150 ML Bu l\u00fcks g\u00fcm\u00fc\u015f dif\u00fcz\u00f6r \u015fi\u015fesi, evinizde hem ho\u015f bir koku hem de zarif bir dekoratif atmosfer olu\u015fturmak i\u00e7in tasarlanm\u0131\u015ft\u0131r. Ayna efekti veren metalik y\u00fczeyi ve \u015f\u0131k p\u00fcsk\u00fcl detay\u0131, \u00fcr\u00fcne modern ve sofistike bir karakter kazand\u0131r\u0131r. Estetik \u015fi\u015fe formu sayesinde yaln\u0131zca bir oda kokusu kab\u0131 de\u011fil ayn\u0131 zamanda \u015f\u0131k bir dekoratif obje olarak da &hellip; <a href=\"https:\/\/casetti.wpevi.com\/en\/silver-luxe-dekoratif-oda-kokusu\/\" class=\"more-link\">Continue reading <span class=\"screen-reader-text\">Silver Luxe Dekoratif Oda Kokusu<\/span><\/a><\/p>","protected":false},"featured_media":16045,"comment_status":"open","ping_status":"closed","template":"","meta":[],"product_brand":[217],"product_cat":[181],"product_tag":[],"class_list":{"0":"post-16035","1":"product","2":"type-product","3":"status-publish","4":"has-post-thumbnail","6":"product_brand-casetti","7":"product_cat-kristal-parfum-siseleri","10":"instock","11":"taxable","12":"shipping-taxable","13":"purchasable","14":"product-type-simple"},"_links":{"self":[{"href":"https:\/\/casetti.wpevi.com\/en\/wp-json\/wp\/v2\/product\/16035","targetHints":{"allow":["GET"]}}],"collection":[{"href":"https:\/\/casetti.wpevi.com\/en\/wp-json\/wp\/v2\/product"}],"about":[{"href":"https:\/\/casetti.wpevi.com\/en\/wp-json\/wp\/v2\/types\/product"}],"replies":[{"embeddable":true,"href":"https:\/\/casetti.wpevi.com\/en\/wp-json\/wp\/v2\/comments?post=16035"}],"version-history":[{"count":1,"href":"https:\/\/casetti.wpevi.com\/en\/wp-json\/wp\/v2\/product\/16035\/revisions"}],"predecessor-version":[{"id":16044,"href":"https:\/\/casetti.wpevi.com\/en\/wp-json\/wp\/v2\/product\/16035\/revisions\/16044"}],"wp:featuredmedia":[{"embeddable":true,"href":"https:\/\/casetti.wpevi.com\/en\/wp-json\/wp\/v2\/media\/16045"}],"wp:attachment":[{"href":"https:\/\/casetti.wpevi.com\/en\/wp-json\/wp\/v2\/media?parent=16035"}],"wp:term":[{"taxonomy":"product_brand","embeddable":true,"href":"https:\/\/casetti.wpevi.com\/en\/wp-json\/wp\/v2\/product_brand?post=16035"},{"taxonomy":"product_cat","embeddable":true,"href":"https:\/\/casetti.wpevi.com\/en\/wp-json\/wp\/v2\/product_cat?post=16035"},{"taxonomy":"product_tag","embeddable":true,"href":"https:\/\/casetti.wpevi.com\/en\/wp-json\/wp\/v2\/product_tag?post=16035"}],"curies":[{"name":"wp","href":"https:\/\/api.w.org\/{rel}","templated":true}]}}