{"id":16030,"date":"2026-03-13T12:14:05","date_gmt":"2026-03-13T09:14:05","guid":{"rendered":"https:\/\/casetti.wpevi.com\/black-forest-oda-kokusu\/"},"modified":"2026-03-13T12:16:04","modified_gmt":"2026-03-13T09:16:04","slug":"black-forest-oda-kokusu","status":"publish","type":"product","link":"https:\/\/casetti.wpevi.com\/en\/black-forest-oda-kokusu\/","title":{"rendered":"Black Forest Oda Kokusu"},"content":{"rendered":"<p>250 ML<\/p>\n<p>This <strong>l\u00fcks ye\u015fil ombre cam dif\u00fcz\u00f6r \u015fi\u015fesi<\/strong>, ya\u015fam alanlar\u0131n\u0131za hem ho\u015f bir koku hem de zarif bir dekoratif dokunu\u015f kazand\u0131rmak i\u00e7in tasarlanm\u0131\u015ft\u0131r. <strong>Siyahdan z\u00fcmr\u00fct ye\u015filine ge\u00e7i\u015fli cam tasar\u0131m\u0131<\/strong>, Black Forest do\u011fas\u0131n\u0131n gizemli atmosferinden ilham al\u0131r. \u015e\u0131k p\u00fcsk\u00fcl detay\u0131 ve modern \u015fi\u015fe formu sayesinde sadece bir oda kokusu kab\u0131 de\u011fil ayn\u0131 zamanda <strong>sofistike bir dekoratif obje<\/strong> olarak da \u00f6ne \u00e7\u0131kar.&nbsp;<\/p>","protected":false},"excerpt":{"rendered":"<p>250 ML Bu l\u00fcks ye\u015fil ombre cam dif\u00fcz\u00f6r \u015fi\u015fesi, ya\u015fam alanlar\u0131n\u0131za hem ho\u015f bir koku hem de zarif bir dekoratif dokunu\u015f kazand\u0131rmak i\u00e7in tasarlanm\u0131\u015ft\u0131r. Siyahdan z\u00fcmr\u00fct ye\u015filine ge\u00e7i\u015fli cam tasar\u0131m\u0131, Black Forest do\u011fas\u0131n\u0131n gizemli atmosferinden ilham al\u0131r. \u015e\u0131k p\u00fcsk\u00fcl detay\u0131 ve modern \u015fi\u015fe formu sayesinde sadece bir oda kokusu kab\u0131 de\u011fil ayn\u0131 zamanda sofistike bir &hellip; <a href=\"https:\/\/casetti.wpevi.com\/en\/black-forest-oda-kokusu\/\" class=\"more-link\">Continue reading <span class=\"screen-reader-text\">Black Forest Oda Kokusu<\/span><\/a><\/p>","protected":false},"featured_media":16033,"comment_status":"open","ping_status":"closed","template":"","meta":[],"product_brand":[217],"product_cat":[181],"product_tag":[],"class_list":{"0":"post-16030","1":"product","2":"type-product","3":"status-publish","4":"has-post-thumbnail","6":"product_brand-casetti","7":"product_cat-kristal-parfum-siseleri","10":"instock","11":"taxable","12":"shipping-taxable","13":"purchasable","14":"product-type-simple"},"_links":{"self":[{"href":"https:\/\/casetti.wpevi.com\/en\/wp-json\/wp\/v2\/product\/16030","targetHints":{"allow":["GET"]}}],"collection":[{"href":"https:\/\/casetti.wpevi.com\/en\/wp-json\/wp\/v2\/product"}],"about":[{"href":"https:\/\/casetti.wpevi.com\/en\/wp-json\/wp\/v2\/types\/product"}],"replies":[{"embeddable":true,"href":"https:\/\/casetti.wpevi.com\/en\/wp-json\/wp\/v2\/comments?post=16030"}],"version-history":[{"count":0,"href":"https:\/\/casetti.wpevi.com\/en\/wp-json\/wp\/v2\/product\/16030\/revisions"}],"wp:featuredmedia":[{"embeddable":true,"href":"https:\/\/casetti.wpevi.com\/en\/wp-json\/wp\/v2\/media\/16033"}],"wp:attachment":[{"href":"https:\/\/casetti.wpevi.com\/en\/wp-json\/wp\/v2\/media?parent=16030"}],"wp:term":[{"taxonomy":"product_brand","embeddable":true,"href":"https:\/\/casetti.wpevi.com\/en\/wp-json\/wp\/v2\/product_brand?post=16030"},{"taxonomy":"product_cat","embeddable":true,"href":"https:\/\/casetti.wpevi.com\/en\/wp-json\/wp\/v2\/product_cat?post=16030"},{"taxonomy":"product_tag","embeddable":true,"href":"https:\/\/casetti.wpevi.com\/en\/wp-json\/wp\/v2\/product_tag?post=16030"}],"curies":[{"name":"wp","href":"https:\/\/api.w.org\/{rel}","templated":true}]}}