{"id":16013,"date":"2026-03-13T12:05:04","date_gmt":"2026-03-13T09:05:04","guid":{"rendered":"https:\/\/casetti.wpevi.com\/amber-diamond-luks-kristal-samdan\/"},"modified":"2026-03-13T12:06:28","modified_gmt":"2026-03-13T09:06:28","slug":"amber-diamond-luks-kristal-samdan","status":"publish","type":"product","link":"https:\/\/casetti.wpevi.com\/en\/amber-diamond-luks-kristal-samdan\/","title":{"rendered":"Amber Diamond L\u00fcks Kristal \u015eamdan"},"content":{"rendered":"<p>\u00dcr\u00fcn \u00d6l\u00e7\u00fcs\u00fc : 9 cm <\/p>\n<p>This <strong>amber kristal elmas formlu \u015famdan<\/strong>, mum \u0131\u015f\u0131\u011f\u0131n\u0131 adeta bir m\u00fccevher gibi yans\u0131tan \u00f6zel bir tasar\u0131ma sahiptir. <strong>Fasetli kristal kesimli taban\u0131 ve alt\u0131n mum yuvas\u0131<\/strong>, \u0131\u015f\u0131\u011f\u0131 k\u0131rarak bulundu\u011fu ortamda b\u00fcy\u00fcleyici bir par\u0131lt\u0131 olu\u015fturur. M\u00fccevherden ilham alan tasar\u0131m\u0131 sayesinde hem <strong>l\u00fcks bir dekoratif obje<\/strong> hem de zarif bir mumluk olarak kullan\u0131labilir.&nbsp;<\/p>","protected":false},"excerpt":{"rendered":"<p>\u00dcr\u00fcn \u00d6l\u00e7\u00fcs\u00fc : 9 cm Bu amber kristal elmas formlu \u015famdan, mum \u0131\u015f\u0131\u011f\u0131n\u0131 adeta bir m\u00fccevher gibi yans\u0131tan \u00f6zel bir tasar\u0131ma sahiptir. Fasetli kristal kesimli taban\u0131 ve alt\u0131n mum yuvas\u0131, \u0131\u015f\u0131\u011f\u0131 k\u0131rarak bulundu\u011fu ortamda b\u00fcy\u00fcleyici bir par\u0131lt\u0131 olu\u015fturur. M\u00fccevherden ilham alan tasar\u0131m\u0131 sayesinde hem l\u00fcks bir dekoratif obje hem de zarif bir mumluk olarak kullan\u0131labilir.&nbsp;<\/p>","protected":false},"featured_media":16018,"comment_status":"open","ping_status":"closed","template":"","meta":[],"product_brand":[228],"product_cat":[213],"product_tag":[],"class_list":{"0":"post-16013","1":"product","2":"type-product","3":"status-publish","4":"has-post-thumbnail","6":"product_brand-lamedore","7":"product_cat-cam-ve-kristal-urunler","10":"instock","11":"taxable","12":"shipping-taxable","13":"purchasable","14":"product-type-simple"},"_links":{"self":[{"href":"https:\/\/casetti.wpevi.com\/en\/wp-json\/wp\/v2\/product\/16013","targetHints":{"allow":["GET"]}}],"collection":[{"href":"https:\/\/casetti.wpevi.com\/en\/wp-json\/wp\/v2\/product"}],"about":[{"href":"https:\/\/casetti.wpevi.com\/en\/wp-json\/wp\/v2\/types\/product"}],"replies":[{"embeddable":true,"href":"https:\/\/casetti.wpevi.com\/en\/wp-json\/wp\/v2\/comments?post=16013"}],"version-history":[{"count":0,"href":"https:\/\/casetti.wpevi.com\/en\/wp-json\/wp\/v2\/product\/16013\/revisions"}],"wp:featuredmedia":[{"embeddable":true,"href":"https:\/\/casetti.wpevi.com\/en\/wp-json\/wp\/v2\/media\/16018"}],"wp:attachment":[{"href":"https:\/\/casetti.wpevi.com\/en\/wp-json\/wp\/v2\/media?parent=16013"}],"wp:term":[{"taxonomy":"product_brand","embeddable":true,"href":"https:\/\/casetti.wpevi.com\/en\/wp-json\/wp\/v2\/product_brand?post=16013"},{"taxonomy":"product_cat","embeddable":true,"href":"https:\/\/casetti.wpevi.com\/en\/wp-json\/wp\/v2\/product_cat?post=16013"},{"taxonomy":"product_tag","embeddable":true,"href":"https:\/\/casetti.wpevi.com\/en\/wp-json\/wp\/v2\/product_tag?post=16013"}],"curies":[{"name":"wp","href":"https:\/\/api.w.org\/{rel}","templated":true}]}}