{"id":16005,"date":"2026-03-13T11:56:03","date_gmt":"2026-03-13T08:56:03","guid":{"rendered":"https:\/\/casetti.wpevi.com\/?post_type=product&#038;p=16005"},"modified":"2026-03-13T15:05:20","modified_gmt":"2026-03-13T12:05:20","slug":"aurora-kristal-samdan-seti","status":"publish","type":"product","link":"https:\/\/casetti.wpevi.com\/en\/aurora-kristal-samdan-seti\/","title":{"rendered":"Aurora Kristal \u015eamdan Seti"},"content":{"rendered":"<p>Product Dimensions&nbsp;<br \/>B\u00fcy\u00fck Boy : 16 cm&nbsp;<br \/>K\u00fc\u00e7\u00fck Boy : 12 cm<\/p>\n<p>This <strong>l\u00fcks kristal detayl\u0131 parf\u00fcm \u015fi\u015fesi seti<\/strong>, parf\u00fcm saklamay\u0131 sanatsal bir deneyime d\u00f6n\u00fc\u015ft\u00fcren \u00f6zel bir tasar\u0131ma sahiptir. <strong>Geometrik cam formlar, kristal kesim detaylar ve canl\u0131 renk tonlar\u0131<\/strong>, makyaj masan\u0131zda veya dekoratif alanlarda dikkat \u00e7ekici bir g\u00f6r\u00fcn\u00fcm olu\u015fturur. Heykelsi yap\u0131lar\u0131 sayesinde sadece bir parf\u00fcm kab\u0131 de\u011fil ayn\u0131 zamanda <strong>dekoratif bir sanat objesi<\/strong> olarak da sergilenebilir.&nbsp;<\/p>","protected":false},"excerpt":{"rendered":"<p>\u00dcr\u00fcn \u00d6l\u00e7\u00fcleri&nbsp;B\u00fcy\u00fck Boy : 16 cm&nbsp;K\u00fc\u00e7\u00fck Boy : 12 cm Bu l\u00fcks kristal detayl\u0131 parf\u00fcm \u015fi\u015fesi seti, parf\u00fcm saklamay\u0131 sanatsal bir deneyime d\u00f6n\u00fc\u015ft\u00fcren \u00f6zel bir tasar\u0131ma sahiptir. Geometrik cam formlar, kristal kesim detaylar ve canl\u0131 renk tonlar\u0131, makyaj masan\u0131zda veya dekoratif alanlarda dikkat \u00e7ekici bir g\u00f6r\u00fcn\u00fcm olu\u015fturur. Heykelsi yap\u0131lar\u0131 sayesinde sadece bir parf\u00fcm kab\u0131 de\u011fil &hellip; <a href=\"https:\/\/casetti.wpevi.com\/en\/aurora-kristal-samdan-seti\/\" class=\"more-link\">Continue reading <span class=\"screen-reader-text\">Aurora Kristal \u015eamdan Seti<\/span><\/a><\/p>","protected":false},"featured_media":16155,"comment_status":"open","ping_status":"closed","template":"","meta":[],"product_brand":[228],"product_cat":[213],"product_tag":[],"class_list":{"0":"post-16005","1":"product","2":"type-product","3":"status-publish","4":"has-post-thumbnail","6":"product_brand-lamedore","7":"product_cat-cam-ve-kristal-urunler","10":"instock","11":"taxable","12":"shipping-taxable","13":"purchasable","14":"product-type-simple"},"_links":{"self":[{"href":"https:\/\/casetti.wpevi.com\/en\/wp-json\/wp\/v2\/product\/16005","targetHints":{"allow":["GET"]}}],"collection":[{"href":"https:\/\/casetti.wpevi.com\/en\/wp-json\/wp\/v2\/product"}],"about":[{"href":"https:\/\/casetti.wpevi.com\/en\/wp-json\/wp\/v2\/types\/product"}],"replies":[{"embeddable":true,"href":"https:\/\/casetti.wpevi.com\/en\/wp-json\/wp\/v2\/comments?post=16005"}],"version-history":[{"count":2,"href":"https:\/\/casetti.wpevi.com\/en\/wp-json\/wp\/v2\/product\/16005\/revisions"}],"predecessor-version":[{"id":16154,"href":"https:\/\/casetti.wpevi.com\/en\/wp-json\/wp\/v2\/product\/16005\/revisions\/16154"}],"wp:featuredmedia":[{"embeddable":true,"href":"https:\/\/casetti.wpevi.com\/en\/wp-json\/wp\/v2\/media\/16155"}],"wp:attachment":[{"href":"https:\/\/casetti.wpevi.com\/en\/wp-json\/wp\/v2\/media?parent=16005"}],"wp:term":[{"taxonomy":"product_brand","embeddable":true,"href":"https:\/\/casetti.wpevi.com\/en\/wp-json\/wp\/v2\/product_brand?post=16005"},{"taxonomy":"product_cat","embeddable":true,"href":"https:\/\/casetti.wpevi.com\/en\/wp-json\/wp\/v2\/product_cat?post=16005"},{"taxonomy":"product_tag","embeddable":true,"href":"https:\/\/casetti.wpevi.com\/en\/wp-json\/wp\/v2\/product_tag?post=16005"}],"curies":[{"name":"wp","href":"https:\/\/api.w.org\/{rel}","templated":true}]}}