{"id":15991,"date":"2026-03-13T11:54:09","date_gmt":"2026-03-13T08:54:09","guid":{"rendered":"https:\/\/casetti.wpevi.com\/?post_type=product&#038;p=15991"},"modified":"2026-03-13T15:02:15","modified_gmt":"2026-03-13T12:02:15","slug":"art-deco-pirinc-cerceveli-cam-samdan-seti","status":"publish","type":"product","link":"https:\/\/casetti.wpevi.com\/en\/art-deco-pirinc-cerceveli-cam-samdan-seti\/","title":{"rendered":"Art Deco Pirin\u00e7 \u00c7er\u00e7eveli Cam \u015eamdan Seti"},"content":{"rendered":"<p>Product Dimensions&nbsp;<br \/>B\u00fcy\u00fck Boy :&nbsp; 17 x 32 cm<br \/>K\u00fc\u00e7\u00fck Boy :&nbsp; 17 x 23 cm<\/p>\n<p>This <strong>Art Deco esintili cam \u015famdan seti<\/strong>, ya\u015fam alanlar\u0131n\u0131za zamans\u0131z bir zarafet kazand\u0131rmak i\u00e7in tasarlanm\u0131\u015ft\u0131r. <strong>Alt\u0131n metal \u00e7er\u00e7evesi ve \u00e7izgili cam panelleri<\/strong>, mum \u0131\u015f\u0131\u011f\u0131n\u0131 yumu\u015fak bir \u015fekilde yayarak s\u0131cak ve davetk\u00e2r bir atmosfer olu\u015fturur. 1920\u2019lerin mimari esteti\u011finden ilham alan silindirik formu sayesinde hem klasik hem de modern dekorasyonlarla m\u00fckemmel uyum sa\u011flar.&nbsp;<\/p>","protected":false},"excerpt":{"rendered":"<p>\u00dcr\u00fcn \u00d6l\u00e7\u00fcleri&nbsp;B\u00fcy\u00fck Boy :&nbsp; 17 x 32 cmK\u00fc\u00e7\u00fck Boy :&nbsp; 17 x 23 cm Bu Art Deco esintili cam \u015famdan seti, ya\u015fam alanlar\u0131n\u0131za zamans\u0131z bir zarafet kazand\u0131rmak i\u00e7in tasarlanm\u0131\u015ft\u0131r. Alt\u0131n metal \u00e7er\u00e7evesi ve \u00e7izgili cam panelleri, mum \u0131\u015f\u0131\u011f\u0131n\u0131 yumu\u015fak bir \u015fekilde yayarak s\u0131cak ve davetk\u00e2r bir atmosfer olu\u015fturur. 1920\u2019lerin mimari esteti\u011finden ilham alan silindirik formu &hellip; <a href=\"https:\/\/casetti.wpevi.com\/en\/art-deco-pirinc-cerceveli-cam-samdan-seti\/\" class=\"more-link\">Continue reading <span class=\"screen-reader-text\">Art Deco Pirin\u00e7 \u00c7er\u00e7eveli Cam \u015eamdan Seti<\/span><\/a><\/p>","protected":false},"featured_media":16149,"comment_status":"open","ping_status":"closed","template":"","meta":[],"product_brand":[228],"product_cat":[176],"product_tag":[],"class_list":{"0":"post-15991","1":"product","2":"type-product","3":"status-publish","4":"has-post-thumbnail","6":"product_brand-lamedore","7":"product_cat-samdan-mumluk-fener","10":"instock","11":"taxable","12":"shipping-taxable","13":"purchasable","14":"product-type-simple"},"_links":{"self":[{"href":"https:\/\/casetti.wpevi.com\/en\/wp-json\/wp\/v2\/product\/15991","targetHints":{"allow":["GET"]}}],"collection":[{"href":"https:\/\/casetti.wpevi.com\/en\/wp-json\/wp\/v2\/product"}],"about":[{"href":"https:\/\/casetti.wpevi.com\/en\/wp-json\/wp\/v2\/types\/product"}],"replies":[{"embeddable":true,"href":"https:\/\/casetti.wpevi.com\/en\/wp-json\/wp\/v2\/comments?post=15991"}],"version-history":[{"count":3,"href":"https:\/\/casetti.wpevi.com\/en\/wp-json\/wp\/v2\/product\/15991\/revisions"}],"predecessor-version":[{"id":16143,"href":"https:\/\/casetti.wpevi.com\/en\/wp-json\/wp\/v2\/product\/15991\/revisions\/16143"}],"wp:featuredmedia":[{"embeddable":true,"href":"https:\/\/casetti.wpevi.com\/en\/wp-json\/wp\/v2\/media\/16149"}],"wp:attachment":[{"href":"https:\/\/casetti.wpevi.com\/en\/wp-json\/wp\/v2\/media?parent=15991"}],"wp:term":[{"taxonomy":"product_brand","embeddable":true,"href":"https:\/\/casetti.wpevi.com\/en\/wp-json\/wp\/v2\/product_brand?post=15991"},{"taxonomy":"product_cat","embeddable":true,"href":"https:\/\/casetti.wpevi.com\/en\/wp-json\/wp\/v2\/product_cat?post=15991"},{"taxonomy":"product_tag","embeddable":true,"href":"https:\/\/casetti.wpevi.com\/en\/wp-json\/wp\/v2\/product_tag?post=15991"}],"curies":[{"name":"wp","href":"https:\/\/api.w.org\/{rel}","templated":true}]}}