{"id":15981,"date":"2026-03-13T11:44:03","date_gmt":"2026-03-13T08:44:03","guid":{"rendered":"https:\/\/casetti.wpevi.com\/?post_type=product&#038;p=15981"},"modified":"2026-03-13T14:51:12","modified_gmt":"2026-03-13T11:51:12","slug":"aqua-prism-modern-cam-parfum-sisesi","status":"publish","type":"product","link":"https:\/\/casetti.wpevi.com\/en\/aqua-prism-modern-cam-parfum-sisesi\/","title":{"rendered":"Aqua Prism Modern Cam Parf\u00fcm \u015ei\u015fesi"},"content":{"rendered":"<p>\u00dcr\u00fcn \u00d6l\u00e7\u00fcs\u00fc : 12 x 12 cm<\/p>\n<p>This <strong>l\u00fcks aqua tonlu cam parf\u00fcm \u015fi\u015fesi<\/strong>, sanatsal tasar\u0131m ile zamans\u0131z zarafeti bir araya getirir. <strong>Derin mavi-ye\u015fil cam g\u00f6vdesi ve heykelsi kristal g\u00f6r\u00fcn\u00fcml\u00fc kapa\u011f\u0131<\/strong>, makyaj masan\u0131zda veya dekoratif alanlarda modern ve sofistike bir atmosfer olu\u015fturur. G\u00fc\u00e7l\u00fc geometrik formu sayesinde sadece bir parf\u00fcm \u015fi\u015fesi de\u011fil, ayn\u0131 zamanda <strong>dekoratif bir tasar\u0131m objesi<\/strong> olarak da dikkat \u00e7eker.&nbsp;<\/p>","protected":false},"excerpt":{"rendered":"<p>\u00dcr\u00fcn \u00d6l\u00e7\u00fcs\u00fc : 12 x 12 cm Bu l\u00fcks aqua tonlu cam parf\u00fcm \u015fi\u015fesi, sanatsal tasar\u0131m ile zamans\u0131z zarafeti bir araya getirir. Derin mavi-ye\u015fil cam g\u00f6vdesi ve heykelsi kristal g\u00f6r\u00fcn\u00fcml\u00fc kapa\u011f\u0131, makyaj masan\u0131zda veya dekoratif alanlarda modern ve sofistike bir atmosfer olu\u015fturur. G\u00fc\u00e7l\u00fc geometrik formu sayesinde sadece bir parf\u00fcm \u015fi\u015fesi de\u011fil, ayn\u0131 zamanda dekoratif bir &hellip; <a href=\"https:\/\/casetti.wpevi.com\/en\/aqua-prism-modern-cam-parfum-sisesi\/\" class=\"more-link\">Continue reading <span class=\"screen-reader-text\">Aqua Prism Modern Cam Parf\u00fcm \u015ei\u015fesi<\/span><\/a><\/p>","protected":false},"featured_media":16126,"comment_status":"open","ping_status":"closed","template":"","meta":[],"product_brand":[217],"product_cat":[213],"product_tag":[],"class_list":{"0":"post-15981","1":"product","2":"type-product","3":"status-publish","4":"has-post-thumbnail","6":"product_brand-casetti","7":"product_cat-cam-ve-kristal-urunler","10":"instock","11":"taxable","12":"shipping-taxable","13":"purchasable","14":"product-type-simple"},"_links":{"self":[{"href":"https:\/\/casetti.wpevi.com\/en\/wp-json\/wp\/v2\/product\/15981","targetHints":{"allow":["GET"]}}],"collection":[{"href":"https:\/\/casetti.wpevi.com\/en\/wp-json\/wp\/v2\/product"}],"about":[{"href":"https:\/\/casetti.wpevi.com\/en\/wp-json\/wp\/v2\/types\/product"}],"replies":[{"embeddable":true,"href":"https:\/\/casetti.wpevi.com\/en\/wp-json\/wp\/v2\/comments?post=15981"}],"version-history":[{"count":1,"href":"https:\/\/casetti.wpevi.com\/en\/wp-json\/wp\/v2\/product\/15981\/revisions"}],"predecessor-version":[{"id":15983,"href":"https:\/\/casetti.wpevi.com\/en\/wp-json\/wp\/v2\/product\/15981\/revisions\/15983"}],"wp:featuredmedia":[{"embeddable":true,"href":"https:\/\/casetti.wpevi.com\/en\/wp-json\/wp\/v2\/media\/16126"}],"wp:attachment":[{"href":"https:\/\/casetti.wpevi.com\/en\/wp-json\/wp\/v2\/media?parent=15981"}],"wp:term":[{"taxonomy":"product_brand","embeddable":true,"href":"https:\/\/casetti.wpevi.com\/en\/wp-json\/wp\/v2\/product_brand?post=15981"},{"taxonomy":"product_cat","embeddable":true,"href":"https:\/\/casetti.wpevi.com\/en\/wp-json\/wp\/v2\/product_cat?post=15981"},{"taxonomy":"product_tag","embeddable":true,"href":"https:\/\/casetti.wpevi.com\/en\/wp-json\/wp\/v2\/product_tag?post=15981"}],"curies":[{"name":"wp","href":"https:\/\/api.w.org\/{rel}","templated":true}]}}