{"id":15975,"date":"2026-03-13T11:39:05","date_gmt":"2026-03-13T08:39:05","guid":{"rendered":"https:\/\/casetti.wpevi.com\/?post_type=product&#038;p=15975"},"modified":"2026-03-13T14:51:06","modified_gmt":"2026-03-13T11:51:06","slug":"metal-bogumlu-samdan-set","status":"publish","type":"product","link":"https:\/\/casetti.wpevi.com\/en\/metal-bogumlu-samdan-set\/","title":{"rendered":"Metal Bo\u011fumlu \u015eamdan Set"},"content":{"rendered":"<p>Product Dimensions&nbsp; <br \/>B\u00fcy\u00fck Boy : 32 cm <br \/>K\u00fc\u00e7\u00fck Boy : 26 cm <\/p>\n<p>This <strong>d\u00f6vme metal \u015famdan seti<\/strong>, ya\u015fam alanlar\u0131na g\u00fc\u00e7l\u00fc ve sofistike bir atmosfer kazand\u0131rmak i\u00e7in tasarlanm\u0131\u015ft\u0131r. <strong>El d\u00f6vme dokulu y\u00fczeyi ve heykelsi formu<\/strong>, end\u00fcstriyel estetik ile modern zarafeti bir araya getirir. Uzun ve dikkat \u00e7ekici tasar\u0131m\u0131 sayesinde <strong>yemek masas\u0131, \u015f\u00f6mine \u00fcst\u00fc, konsol veya raf dekoru<\/strong> olarak etkileyici bir odak noktas\u0131 olu\u015fturur.&nbsp;<\/p>","protected":false},"excerpt":{"rendered":"<p>\u00dcr\u00fcn \u00d6l\u00e7\u00fcleri&nbsp; B\u00fcy\u00fck Boy : 32 cm K\u00fc\u00e7\u00fck Boy : 26 cm Bu d\u00f6vme metal \u015famdan seti, ya\u015fam alanlar\u0131na g\u00fc\u00e7l\u00fc ve sofistike bir atmosfer kazand\u0131rmak i\u00e7in tasarlanm\u0131\u015ft\u0131r. El d\u00f6vme dokulu y\u00fczeyi ve heykelsi formu, end\u00fcstriyel estetik ile modern zarafeti bir araya getirir. Uzun ve dikkat \u00e7ekici tasar\u0131m\u0131 sayesinde yemek masas\u0131, \u015f\u00f6mine \u00fcst\u00fc, konsol veya raf &hellip; <a href=\"https:\/\/casetti.wpevi.com\/en\/metal-bogumlu-samdan-set\/\" class=\"more-link\">Continue reading <span class=\"screen-reader-text\">Metal Bo\u011fumlu \u015eamdan Set<\/span><\/a><\/p>","protected":false},"featured_media":16124,"comment_status":"open","ping_status":"closed","template":"","meta":[],"product_brand":[217],"product_cat":[176],"product_tag":[],"class_list":{"0":"post-15975","1":"product","2":"type-product","3":"status-publish","4":"has-post-thumbnail","6":"product_brand-casetti","7":"product_cat-samdan-mumluk-fener","10":"instock","11":"taxable","12":"shipping-taxable","13":"purchasable","14":"product-type-simple"},"_links":{"self":[{"href":"https:\/\/casetti.wpevi.com\/en\/wp-json\/wp\/v2\/product\/15975","targetHints":{"allow":["GET"]}}],"collection":[{"href":"https:\/\/casetti.wpevi.com\/en\/wp-json\/wp\/v2\/product"}],"about":[{"href":"https:\/\/casetti.wpevi.com\/en\/wp-json\/wp\/v2\/types\/product"}],"replies":[{"embeddable":true,"href":"https:\/\/casetti.wpevi.com\/en\/wp-json\/wp\/v2\/comments?post=15975"}],"version-history":[{"count":1,"href":"https:\/\/casetti.wpevi.com\/en\/wp-json\/wp\/v2\/product\/15975\/revisions"}],"predecessor-version":[{"id":15977,"href":"https:\/\/casetti.wpevi.com\/en\/wp-json\/wp\/v2\/product\/15975\/revisions\/15977"}],"wp:featuredmedia":[{"embeddable":true,"href":"https:\/\/casetti.wpevi.com\/en\/wp-json\/wp\/v2\/media\/16124"}],"wp:attachment":[{"href":"https:\/\/casetti.wpevi.com\/en\/wp-json\/wp\/v2\/media?parent=15975"}],"wp:term":[{"taxonomy":"product_brand","embeddable":true,"href":"https:\/\/casetti.wpevi.com\/en\/wp-json\/wp\/v2\/product_brand?post=15975"},{"taxonomy":"product_cat","embeddable":true,"href":"https:\/\/casetti.wpevi.com\/en\/wp-json\/wp\/v2\/product_cat?post=15975"},{"taxonomy":"product_tag","embeddable":true,"href":"https:\/\/casetti.wpevi.com\/en\/wp-json\/wp\/v2\/product_tag?post=15975"}],"curies":[{"name":"wp","href":"https:\/\/api.w.org\/{rel}","templated":true}]}}