{"id":15642,"date":"2026-03-12T16:54:02","date_gmt":"2026-03-12T13:54:02","guid":{"rendered":"https:\/\/casetti.wpevi.com\/?post_type=product&#038;p=15642"},"modified":"2026-03-13T11:22:28","modified_gmt":"2026-03-13T08:22:28","slug":"yusufcuklu-seramik-vazo-kucuk-boy","status":"publish","type":"product","link":"https:\/\/casetti.wpevi.com\/en\/yusufcuklu-seramik-vazo-kucuk-boy\/","title":{"rendered":"Yusuf\u00e7uklu Seramik Vazo K\u00fc\u00e7\u00fck Boy"},"content":{"rendered":"<p>\u00dcr\u00fcn \u00d6l\u00e7\u00fcleri :&nbsp; 17 x 31 cm<\/p>\n<p>This <strong>yusuf\u00e7uk detayl\u0131 modern seramik vazo<\/strong>, ya\u015fam alanlar\u0131n\u0131za zarafet ve sanatsal bir karakter katmak i\u00e7in tasarlanm\u0131\u015ft\u0131r. <strong>Siyah dokulu y\u00fczeyi ve alt\u0131n dalga detaylar\u0131<\/strong> ile modern dekorasyon stilini tamamlayan bu dekoratif vazo, \u015f\u0131k bir odak noktas\u0131 olu\u015fturur. \u00dczerindeki zarif <strong>yusuf\u00e7uk fig\u00fcr\u00fc<\/strong>, tasar\u0131ma l\u00fcks ve sanatsal bir dokunu\u015f katar. <strong>Ev dekorasyonu, raf s\u00fcs\u00fc, masa orta dekoru veya \u00f6zel bir hediye<\/strong> olarak m\u00fckemmel bir se\u00e7imdir.&nbsp;<\/p>","protected":false},"excerpt":{"rendered":"<p>\u00dcr\u00fcn \u00d6l\u00e7\u00fcleri :&nbsp; 17 x 31 cm Bu yusuf\u00e7uk detayl\u0131 modern seramik vazo, ya\u015fam alanlar\u0131n\u0131za zarafet ve sanatsal bir karakter katmak i\u00e7in tasarlanm\u0131\u015ft\u0131r. Siyah dokulu y\u00fczeyi ve alt\u0131n dalga detaylar\u0131 ile modern dekorasyon stilini tamamlayan bu dekoratif vazo, \u015f\u0131k bir odak noktas\u0131 olu\u015fturur. \u00dczerindeki zarif yusuf\u00e7uk fig\u00fcr\u00fc, tasar\u0131ma l\u00fcks ve sanatsal bir dokunu\u015f katar. Ev &hellip; <a href=\"https:\/\/casetti.wpevi.com\/en\/yusufcuklu-seramik-vazo-kucuk-boy\/\" class=\"more-link\">Continue reading <span class=\"screen-reader-text\">Yusuf\u00e7uklu Seramik Vazo K\u00fc\u00e7\u00fck Boy<\/span><\/a><\/p>","protected":false},"featured_media":15964,"comment_status":"open","ping_status":"closed","template":"","meta":[],"product_brand":[217],"product_cat":[212],"product_tag":[],"class_list":{"0":"post-15642","1":"product","2":"type-product","3":"status-publish","4":"has-post-thumbnail","6":"product_brand-casetti","7":"product_cat-saksi-vazo-kup","10":"instock","11":"taxable","12":"shipping-taxable","13":"purchasable","14":"product-type-simple"},"_links":{"self":[{"href":"https:\/\/casetti.wpevi.com\/en\/wp-json\/wp\/v2\/product\/15642","targetHints":{"allow":["GET"]}}],"collection":[{"href":"https:\/\/casetti.wpevi.com\/en\/wp-json\/wp\/v2\/product"}],"about":[{"href":"https:\/\/casetti.wpevi.com\/en\/wp-json\/wp\/v2\/types\/product"}],"replies":[{"embeddable":true,"href":"https:\/\/casetti.wpevi.com\/en\/wp-json\/wp\/v2\/comments?post=15642"}],"version-history":[{"count":1,"href":"https:\/\/casetti.wpevi.com\/en\/wp-json\/wp\/v2\/product\/15642\/revisions"}],"predecessor-version":[{"id":15959,"href":"https:\/\/casetti.wpevi.com\/en\/wp-json\/wp\/v2\/product\/15642\/revisions\/15959"}],"wp:featuredmedia":[{"embeddable":true,"href":"https:\/\/casetti.wpevi.com\/en\/wp-json\/wp\/v2\/media\/15964"}],"wp:attachment":[{"href":"https:\/\/casetti.wpevi.com\/en\/wp-json\/wp\/v2\/media?parent=15642"}],"wp:term":[{"taxonomy":"product_brand","embeddable":true,"href":"https:\/\/casetti.wpevi.com\/en\/wp-json\/wp\/v2\/product_brand?post=15642"},{"taxonomy":"product_cat","embeddable":true,"href":"https:\/\/casetti.wpevi.com\/en\/wp-json\/wp\/v2\/product_cat?post=15642"},{"taxonomy":"product_tag","embeddable":true,"href":"https:\/\/casetti.wpevi.com\/en\/wp-json\/wp\/v2\/product_tag?post=15642"}],"curies":[{"name":"wp","href":"https:\/\/api.w.org\/{rel}","templated":true}]}}