{"id":15496,"date":"2026-03-12T16:07:03","date_gmt":"2026-03-12T13:07:03","guid":{"rendered":"https:\/\/casetti.wpevi.com\/siyah-beyaz-kemik-kutu-kucuk-boy\/"},"modified":"2026-03-12T21:12:20","modified_gmt":"2026-03-12T18:12:20","slug":"siyah-beyaz-kemik-kutu-kucuk-boy","status":"publish","type":"product","link":"https:\/\/casetti.wpevi.com\/en\/siyah-beyaz-kemik-kutu-kucuk-boy\/","title":{"rendered":"Siyah Beyaz Kemik Kutu K\u00fc\u00e7\u00fck Boy"},"content":{"rendered":"<p>\u00dcr\u00fcn \u00d6l\u00e7\u00fcleri : 13 x 26 cm<\/p>\n<p><strong>Imperial Art Deco Sedef Kakmal\u0131 Dekoratif Saklama Kutusu<\/strong>, g\u00fc\u00e7l\u00fc geometrik desenleri, siyah ve alt\u0131n tonlar\u0131n\u0131n kontrast\u0131 ve sedef kakma detaylar\u0131yla l\u00fcks bir dekoratif obje olarak \u00f6ne \u00e7\u0131kar.<\/p>\n<p>1920\u20131930\u2019lar\u0131n <strong>Art Deco tasar\u0131m stilinden ilham alan<\/strong> bu kutu, simetrik desenleri ve \u015f\u0131k detaylar\u0131yla hem fonksiyonel bir saklama kutusu hem de dekoratif bir sanat objesi olarak kullan\u0131labilir.<\/p>\n<p>Tak\u0131lar, saatler, k\u00fc\u00e7\u00fck aksesuarlar veya de\u011ferli e\u015fyalar i\u00e7in ideal olan bu kutu; makyaj masas\u0131, konsol, \u00e7al\u0131\u015fma masas\u0131 veya sehpa \u00fczerinde <strong>zarif bir dekoratif vurgu<\/strong> olu\u015fturur.<\/p>\n<p>Sedef kakma y\u00fczeyi \u0131\u015f\u0131\u011f\u0131 yans\u0131tarak \u00fcr\u00fcne benzersiz bir parlakl\u0131k ve estetik kazand\u0131r\u0131r.<\/p>","protected":false},"excerpt":{"rendered":"<p>\u00dcr\u00fcn \u00d6l\u00e7\u00fcleri : 13 x 26 cm Imperial Art Deco Sedef Kakmal\u0131 Dekoratif Saklama Kutusu, g\u00fc\u00e7l\u00fc geometrik desenleri, siyah ve alt\u0131n tonlar\u0131n\u0131n kontrast\u0131 ve sedef kakma detaylar\u0131yla l\u00fcks bir dekoratif obje olarak \u00f6ne \u00e7\u0131kar. 1920\u20131930\u2019lar\u0131n Art Deco tasar\u0131m stilinden ilham alan bu kutu, simetrik desenleri ve \u015f\u0131k detaylar\u0131yla hem fonksiyonel bir saklama kutusu hem de &hellip; <a href=\"https:\/\/casetti.wpevi.com\/en\/siyah-beyaz-kemik-kutu-kucuk-boy\/\" class=\"more-link\">Continue reading <span class=\"screen-reader-text\">Siyah Beyaz Kemik Kutu K\u00fc\u00e7\u00fck Boy<\/span><\/a><\/p>","protected":false},"featured_media":15869,"comment_status":"open","ping_status":"closed","template":"","meta":[],"product_brand":[217],"product_cat":[171],"product_tag":[],"class_list":{"0":"post-15496","1":"product","2":"type-product","3":"status-publish","4":"has-post-thumbnail","6":"product_brand-casetti","7":"product_cat-dekoratif-objeler","10":"instock","11":"taxable","12":"shipping-taxable","13":"purchasable","14":"product-type-simple"},"_links":{"self":[{"href":"https:\/\/casetti.wpevi.com\/en\/wp-json\/wp\/v2\/product\/15496","targetHints":{"allow":["GET"]}}],"collection":[{"href":"https:\/\/casetti.wpevi.com\/en\/wp-json\/wp\/v2\/product"}],"about":[{"href":"https:\/\/casetti.wpevi.com\/en\/wp-json\/wp\/v2\/types\/product"}],"replies":[{"embeddable":true,"href":"https:\/\/casetti.wpevi.com\/en\/wp-json\/wp\/v2\/comments?post=15496"}],"version-history":[{"count":0,"href":"https:\/\/casetti.wpevi.com\/en\/wp-json\/wp\/v2\/product\/15496\/revisions"}],"wp:featuredmedia":[{"embeddable":true,"href":"https:\/\/casetti.wpevi.com\/en\/wp-json\/wp\/v2\/media\/15869"}],"wp:attachment":[{"href":"https:\/\/casetti.wpevi.com\/en\/wp-json\/wp\/v2\/media?parent=15496"}],"wp:term":[{"taxonomy":"product_brand","embeddable":true,"href":"https:\/\/casetti.wpevi.com\/en\/wp-json\/wp\/v2\/product_brand?post=15496"},{"taxonomy":"product_cat","embeddable":true,"href":"https:\/\/casetti.wpevi.com\/en\/wp-json\/wp\/v2\/product_cat?post=15496"},{"taxonomy":"product_tag","embeddable":true,"href":"https:\/\/casetti.wpevi.com\/en\/wp-json\/wp\/v2\/product_tag?post=15496"}],"curies":[{"name":"wp","href":"https:\/\/api.w.org\/{rel}","templated":true}]}}