{"id":15490,"date":"2026-03-12T16:02:04","date_gmt":"2026-03-12T13:02:04","guid":{"rendered":"https:\/\/casetti.wpevi.com\/?post_type=product&#038;p=15490"},"modified":"2026-03-12T20:52:08","modified_gmt":"2026-03-12T17:52:08","slug":"gold-bambu-metal-cerceve","status":"publish","type":"product","link":"https:\/\/casetti.wpevi.com\/en\/gold-bambu-metal-cerceve\/","title":{"rendered":"Gold Bambu Metal \u00c7er\u00e7eve"},"content":{"rendered":"<p>\u00dcr\u00fcn \u00d6l\u00e7\u00fcleri : 14 x 18 cm<\/p>\n<p><strong>Bamboo Elegance Foto\u011fraf \u00c7er\u00e7evesi<\/strong>, do\u011fadan ilham alan bambu formu ve alt\u0131n kaplama tasar\u0131m\u0131yla zarif bir dekoratif \u00e7er\u00e7evedir. \u015e\u0131k bambu detaylar\u0131 ve parlak alt\u0131n tonlar\u0131 sayesinde foto\u011fraflar\u0131n\u0131z\u0131 <strong>l\u00fcks ve estetik bir \u015fekilde sergilemenizi<\/strong> sa\u011flar.<\/p>\n<p>Bambu tasar\u0131m\u0131; dayan\u0131kl\u0131l\u0131k, huzur ve uyumun sembol\u00fcd\u00fcr. Bu nedenle \u00e7er\u00e7eve yaln\u0131zca bir foto\u011fraf tutucu de\u011fil ayn\u0131 zamanda <strong>anlaml\u0131 bir dekoratif aksesuar<\/strong> olarak da \u00f6ne \u00e7\u0131kar.<\/p>\n<p><strong>4&#215;6 in\u00e7 foto\u011fraflar<\/strong> i\u00e7in ideal boyutta tasarlanan bu \u00e7er\u00e7eve; d\u00fc\u011f\u00fcn foto\u011fraflar\u0131, aile portreleri veya \u00f6zel an\u0131lar\u0131n\u0131z\u0131 sergilemek i\u00e7in m\u00fckemmeldir.<\/p>","protected":false},"excerpt":{"rendered":"<p>\u00dcr\u00fcn \u00d6l\u00e7\u00fcleri : 14 x 18 cm Bamboo Elegance Foto\u011fraf \u00c7er\u00e7evesi, do\u011fadan ilham alan bambu formu ve alt\u0131n kaplama tasar\u0131m\u0131yla zarif bir dekoratif \u00e7er\u00e7evedir. \u015e\u0131k bambu detaylar\u0131 ve parlak alt\u0131n tonlar\u0131 sayesinde foto\u011fraflar\u0131n\u0131z\u0131 l\u00fcks ve estetik bir \u015fekilde sergilemenizi sa\u011flar. Bambu tasar\u0131m\u0131; dayan\u0131kl\u0131l\u0131k, huzur ve uyumun sembol\u00fcd\u00fcr. Bu nedenle \u00e7er\u00e7eve yaln\u0131zca bir foto\u011fraf tutucu de\u011fil &hellip; <a href=\"https:\/\/casetti.wpevi.com\/en\/gold-bambu-metal-cerceve\/\" class=\"more-link\">Continue reading <span class=\"screen-reader-text\">Gold Bambu Metal \u00c7er\u00e7eve<\/span><\/a><\/p>","protected":false},"featured_media":15802,"comment_status":"open","ping_status":"closed","template":"","meta":[],"product_brand":[217],"product_cat":[269],"product_tag":[],"class_list":{"0":"post-15490","1":"product","2":"type-product","3":"status-publish","4":"has-post-thumbnail","6":"product_brand-casetti","7":"product_cat-resim-cercevesi","10":"instock","11":"taxable","12":"shipping-taxable","13":"purchasable","14":"product-type-simple"},"_links":{"self":[{"href":"https:\/\/casetti.wpevi.com\/en\/wp-json\/wp\/v2\/product\/15490","targetHints":{"allow":["GET"]}}],"collection":[{"href":"https:\/\/casetti.wpevi.com\/en\/wp-json\/wp\/v2\/product"}],"about":[{"href":"https:\/\/casetti.wpevi.com\/en\/wp-json\/wp\/v2\/types\/product"}],"replies":[{"embeddable":true,"href":"https:\/\/casetti.wpevi.com\/en\/wp-json\/wp\/v2\/comments?post=15490"}],"version-history":[{"count":1,"href":"https:\/\/casetti.wpevi.com\/en\/wp-json\/wp\/v2\/product\/15490\/revisions"}],"predecessor-version":[{"id":15492,"href":"https:\/\/casetti.wpevi.com\/en\/wp-json\/wp\/v2\/product\/15490\/revisions\/15492"}],"wp:featuredmedia":[{"embeddable":true,"href":"https:\/\/casetti.wpevi.com\/en\/wp-json\/wp\/v2\/media\/15802"}],"wp:attachment":[{"href":"https:\/\/casetti.wpevi.com\/en\/wp-json\/wp\/v2\/media?parent=15490"}],"wp:term":[{"taxonomy":"product_brand","embeddable":true,"href":"https:\/\/casetti.wpevi.com\/en\/wp-json\/wp\/v2\/product_brand?post=15490"},{"taxonomy":"product_cat","embeddable":true,"href":"https:\/\/casetti.wpevi.com\/en\/wp-json\/wp\/v2\/product_cat?post=15490"},{"taxonomy":"product_tag","embeddable":true,"href":"https:\/\/casetti.wpevi.com\/en\/wp-json\/wp\/v2\/product_tag?post=15490"}],"curies":[{"name":"wp","href":"https:\/\/api.w.org\/{rel}","templated":true}]}}