{"id":15483,"date":"2026-03-12T15:51:06","date_gmt":"2026-03-12T12:51:06","guid":{"rendered":"https:\/\/casetti.wpevi.com\/pop-art-heykel\/"},"modified":"2026-03-12T21:11:07","modified_gmt":"2026-03-12T18:11:07","slug":"pop-art-heykel","status":"publish","type":"product","link":"https:\/\/casetti.wpevi.com\/en\/pop-art-heykel\/","title":{"rendered":"Pop Art Heykel"},"content":{"rendered":"<p>\u00dcr\u00fcn \u00d6l\u00e7\u00fcs\u00fc : 25 x 32 cm <\/p>\n<p>Modern pop art stilini l\u00fcks tasar\u0131m detaylar\u0131yla birle\u015ftiren dikkat \u00e7ekici bir dekoratif objedir. Siyah g\u00f6vde ve alt\u0131n detaylar\u0131n kontrast\u0131 sayesinde bulundu\u011fu ortama <strong>modern, e\u011flenceli ve \u015f\u0131k bir karakter<\/strong> kazand\u0131r\u0131r.<\/p>\n<p>Klasik \u00e7izgi film esteti\u011finden ilham alan bu tasar\u0131m, koleksiyonluk fig\u00fcr ve modern dekor objesi olarak kullan\u0131labilecek \u00f6zel bir par\u00e7ad\u0131r. Salon, ofis, kitapl\u0131k, vitrin veya masa \u00fczerinde <strong>sanatsal bir vurgu<\/strong> olu\u015fturur.<\/p>\n<p>Pop art dekorasyon sevenler, koleksiyoncular ve karakter temal\u0131 modern tasar\u0131mlar\u0131 sevenler i\u00e7in ideal bir dekoratif aksesuard\u0131r.<\/p>","protected":false},"excerpt":{"rendered":"<p>\u00dcr\u00fcn \u00d6l\u00e7\u00fcs\u00fc : 25 x 32 cm Modern pop art stilini l\u00fcks tasar\u0131m detaylar\u0131yla birle\u015ftiren dikkat \u00e7ekici bir dekoratif objedir. Siyah g\u00f6vde ve alt\u0131n detaylar\u0131n kontrast\u0131 sayesinde bulundu\u011fu ortama modern, e\u011flenceli ve \u015f\u0131k bir karakter kazand\u0131r\u0131r. Klasik \u00e7izgi film esteti\u011finden ilham alan bu tasar\u0131m, koleksiyonluk fig\u00fcr ve modern dekor objesi olarak kullan\u0131labilecek \u00f6zel bir par\u00e7ad\u0131r. &hellip; <a href=\"https:\/\/casetti.wpevi.com\/en\/pop-art-heykel\/\" class=\"more-link\">Continue reading <span class=\"screen-reader-text\">Pop Art Heykel<\/span><\/a><\/p>","protected":false},"featured_media":15858,"comment_status":"open","ping_status":"closed","template":"","meta":[],"product_brand":[228],"product_cat":[207],"product_tag":[],"class_list":{"0":"post-15483","1":"product","2":"type-product","3":"status-publish","4":"has-post-thumbnail","6":"product_brand-lamedore","7":"product_cat-heykeller-ve-bustler","10":"instock","11":"taxable","12":"shipping-taxable","13":"purchasable","14":"product-type-simple"},"_links":{"self":[{"href":"https:\/\/casetti.wpevi.com\/en\/wp-json\/wp\/v2\/product\/15483","targetHints":{"allow":["GET"]}}],"collection":[{"href":"https:\/\/casetti.wpevi.com\/en\/wp-json\/wp\/v2\/product"}],"about":[{"href":"https:\/\/casetti.wpevi.com\/en\/wp-json\/wp\/v2\/types\/product"}],"replies":[{"embeddable":true,"href":"https:\/\/casetti.wpevi.com\/en\/wp-json\/wp\/v2\/comments?post=15483"}],"version-history":[{"count":0,"href":"https:\/\/casetti.wpevi.com\/en\/wp-json\/wp\/v2\/product\/15483\/revisions"}],"wp:featuredmedia":[{"embeddable":true,"href":"https:\/\/casetti.wpevi.com\/en\/wp-json\/wp\/v2\/media\/15858"}],"wp:attachment":[{"href":"https:\/\/casetti.wpevi.com\/en\/wp-json\/wp\/v2\/media?parent=15483"}],"wp:term":[{"taxonomy":"product_brand","embeddable":true,"href":"https:\/\/casetti.wpevi.com\/en\/wp-json\/wp\/v2\/product_brand?post=15483"},{"taxonomy":"product_cat","embeddable":true,"href":"https:\/\/casetti.wpevi.com\/en\/wp-json\/wp\/v2\/product_cat?post=15483"},{"taxonomy":"product_tag","embeddable":true,"href":"https:\/\/casetti.wpevi.com\/en\/wp-json\/wp\/v2\/product_tag?post=15483"}],"curies":[{"name":"wp","href":"https:\/\/api.w.org\/{rel}","templated":true}]}}