{"id":15476,"date":"2026-03-12T15:42:05","date_gmt":"2026-03-12T12:42:05","guid":{"rendered":"https:\/\/casetti.wpevi.com\/?post_type=product&#038;p=15476"},"modified":"2026-03-12T16:20:19","modified_gmt":"2026-03-12T13:20:19","slug":"angel-kristal-cam-puro-kulluk","status":"publish","type":"product","link":"https:\/\/casetti.wpevi.com\/en\/angel-kristal-cam-puro-kulluk\/","title":{"rendered":"Angel Kristal Cam Puro K\u00fcll\u00fck"},"content":{"rendered":"<p>\u00dcr\u00fcn \u00d6l\u00e7\u00fcleri : 15 x 15 x 6 cm&nbsp;<\/p>\n<p><strong>Imperial Angel Kristal K\u00fcll\u00fck<\/strong>, klasik sanat ve modern l\u00fcks tasar\u0131m\u0131n birle\u015fti\u011fi \u015f\u0131k bir dekoratif puro k\u00fcll\u00fc\u011f\u00fcd\u00fcr. Merkezinde yer alan <strong>melek fig\u00fcr\u00fc kabartmas\u0131<\/strong> ve etraf\u0131ndaki <strong>alt\u0131n tonlu Yunan anahtar\u0131 (Greek Key) desenleri<\/strong> ile zarif ve klasik bir estetik sunar.<\/p>\n<p>Y\u00fcksek kaliteli kristal camdan \u00fcretilen bu tasar\u0131m, \u0131\u015f\u0131\u011f\u0131 etkileyici \u015fekilde yans\u0131t\u0131r ve bulundu\u011fu ortamda <strong>l\u00fcks bir dekoratif vurgu<\/strong> olu\u015fturur. Hem fonksiyonel bir k\u00fcll\u00fck hem de dekoratif bir obje olarak kullan\u0131labilir.<\/p>","protected":false},"excerpt":{"rendered":"<p>\u00dcr\u00fcn \u00d6l\u00e7\u00fcleri : 15 x 15 x 6 cm&nbsp; Imperial Angel Kristal K\u00fcll\u00fck, klasik sanat ve modern l\u00fcks tasar\u0131m\u0131n birle\u015fti\u011fi \u015f\u0131k bir dekoratif puro k\u00fcll\u00fc\u011f\u00fcd\u00fcr. Merkezinde yer alan melek fig\u00fcr\u00fc kabartmas\u0131 ve etraf\u0131ndaki alt\u0131n tonlu Yunan anahtar\u0131 (Greek Key) desenleri ile zarif ve klasik bir estetik sunar. Y\u00fcksek kaliteli kristal camdan \u00fcretilen bu tasar\u0131m, \u0131\u015f\u0131\u011f\u0131 &hellip; <a href=\"https:\/\/casetti.wpevi.com\/en\/angel-kristal-cam-puro-kulluk\/\" class=\"more-link\">Continue reading <span class=\"screen-reader-text\">Angel Kristal Cam Puro K\u00fcll\u00fck<\/span><\/a><\/p>","protected":false},"featured_media":15554,"comment_status":"open","ping_status":"closed","template":"","meta":[],"product_brand":[217],"product_cat":[268],"product_tag":[],"class_list":{"0":"post-15476","1":"product","2":"type-product","3":"status-publish","4":"has-post-thumbnail","6":"product_brand-casetti","7":"product_cat-kul-tablasi","10":"instock","11":"taxable","12":"shipping-taxable","13":"purchasable","14":"product-type-simple"},"_links":{"self":[{"href":"https:\/\/casetti.wpevi.com\/en\/wp-json\/wp\/v2\/product\/15476","targetHints":{"allow":["GET"]}}],"collection":[{"href":"https:\/\/casetti.wpevi.com\/en\/wp-json\/wp\/v2\/product"}],"about":[{"href":"https:\/\/casetti.wpevi.com\/en\/wp-json\/wp\/v2\/types\/product"}],"replies":[{"embeddable":true,"href":"https:\/\/casetti.wpevi.com\/en\/wp-json\/wp\/v2\/comments?post=15476"}],"version-history":[{"count":2,"href":"https:\/\/casetti.wpevi.com\/en\/wp-json\/wp\/v2\/product\/15476\/revisions"}],"predecessor-version":[{"id":15540,"href":"https:\/\/casetti.wpevi.com\/en\/wp-json\/wp\/v2\/product\/15476\/revisions\/15540"}],"wp:featuredmedia":[{"embeddable":true,"href":"https:\/\/casetti.wpevi.com\/en\/wp-json\/wp\/v2\/media\/15554"}],"wp:attachment":[{"href":"https:\/\/casetti.wpevi.com\/en\/wp-json\/wp\/v2\/media?parent=15476"}],"wp:term":[{"taxonomy":"product_brand","embeddable":true,"href":"https:\/\/casetti.wpevi.com\/en\/wp-json\/wp\/v2\/product_brand?post=15476"},{"taxonomy":"product_cat","embeddable":true,"href":"https:\/\/casetti.wpevi.com\/en\/wp-json\/wp\/v2\/product_cat?post=15476"},{"taxonomy":"product_tag","embeddable":true,"href":"https:\/\/casetti.wpevi.com\/en\/wp-json\/wp\/v2\/product_tag?post=15476"}],"curies":[{"name":"wp","href":"https:\/\/api.w.org\/{rel}","templated":true}]}}