{"id":15470,"date":"2026-03-12T15:35:08","date_gmt":"2026-03-12T12:35:08","guid":{"rendered":"https:\/\/casetti.wpevi.com\/art-bike-gold-motor-obje\/"},"modified":"2026-03-12T16:25:06","modified_gmt":"2026-03-12T13:25:06","slug":"art-bike-gold-motor-obje","status":"publish","type":"product","link":"https:\/\/casetti.wpevi.com\/en\/art-bike-gold-motor-obje\/","title":{"rendered":"Art Bike Gold Motor Obje"},"content":{"rendered":"<p>\u00dcr\u00fcn&nbsp; \u00d6l\u00e7\u00fcs\u00fc : 18 x 25 cm&nbsp;<\/p>\n<p><strong>Sanatsal Bisiklet Heykeli<\/strong>, hareket ve modern tasar\u0131m\u0131 bir araya getiren \u015f\u0131k bir dekoratif objedir. Alt\u0131n tonlu ak\u0131c\u0131 g\u00f6vde tasar\u0131m\u0131 ve metal tekerlek detaylar\u0131yla bisikletin dinamizmini sanatsal bir formda yans\u0131t\u0131r.<\/p>\n<p>Modern sanat heykellerinden ve end\u00fcstriyel dekorasyon stilinden ilham alan bu tasar\u0131m, bulundu\u011fu ortamda <strong>hareket hissi, modern estetik ve g\u00fc\u00e7l\u00fc bir dekoratif etki<\/strong> yarat\u0131r.<\/p>\n<p>Bisiklet tutkunlar\u0131, spor temal\u0131 dekor sevenler ve modern sanat koleksiyoncular\u0131 i\u00e7in ideal bir dekoratif par\u00e7ad\u0131r.<\/p>","protected":false},"excerpt":{"rendered":"<p>\u00dcr\u00fcn&nbsp; \u00d6l\u00e7\u00fcs\u00fc : 18 x 25 cm&nbsp; Sanatsal Bisiklet Heykeli, hareket ve modern tasar\u0131m\u0131 bir araya getiren \u015f\u0131k bir dekoratif objedir. Alt\u0131n tonlu ak\u0131c\u0131 g\u00f6vde tasar\u0131m\u0131 ve metal tekerlek detaylar\u0131yla bisikletin dinamizmini sanatsal bir formda yans\u0131t\u0131r. Modern sanat heykellerinden ve end\u00fcstriyel dekorasyon stilinden ilham alan bu tasar\u0131m, bulundu\u011fu ortamda hareket hissi, modern estetik ve g\u00fc\u00e7l\u00fc &hellip; <a href=\"https:\/\/casetti.wpevi.com\/en\/art-bike-gold-motor-obje\/\" class=\"more-link\">Continue reading <span class=\"screen-reader-text\">Art Bike Gold Motor Obje<\/span><\/a><\/p>","protected":false},"featured_media":15566,"comment_status":"open","ping_status":"closed","template":"","meta":[],"product_brand":[217],"product_cat":[171],"product_tag":[],"class_list":{"0":"post-15470","1":"product","2":"type-product","3":"status-publish","4":"has-post-thumbnail","6":"product_brand-casetti","7":"product_cat-dekoratif-objeler","10":"instock","11":"taxable","12":"shipping-taxable","13":"purchasable","14":"product-type-simple"},"_links":{"self":[{"href":"https:\/\/casetti.wpevi.com\/en\/wp-json\/wp\/v2\/product\/15470","targetHints":{"allow":["GET"]}}],"collection":[{"href":"https:\/\/casetti.wpevi.com\/en\/wp-json\/wp\/v2\/product"}],"about":[{"href":"https:\/\/casetti.wpevi.com\/en\/wp-json\/wp\/v2\/types\/product"}],"replies":[{"embeddable":true,"href":"https:\/\/casetti.wpevi.com\/en\/wp-json\/wp\/v2\/comments?post=15470"}],"version-history":[{"count":1,"href":"https:\/\/casetti.wpevi.com\/en\/wp-json\/wp\/v2\/product\/15470\/revisions"}],"predecessor-version":[{"id":15474,"href":"https:\/\/casetti.wpevi.com\/en\/wp-json\/wp\/v2\/product\/15470\/revisions\/15474"}],"wp:featuredmedia":[{"embeddable":true,"href":"https:\/\/casetti.wpevi.com\/en\/wp-json\/wp\/v2\/media\/15566"}],"wp:attachment":[{"href":"https:\/\/casetti.wpevi.com\/en\/wp-json\/wp\/v2\/media?parent=15470"}],"wp:term":[{"taxonomy":"product_brand","embeddable":true,"href":"https:\/\/casetti.wpevi.com\/en\/wp-json\/wp\/v2\/product_brand?post=15470"},{"taxonomy":"product_cat","embeddable":true,"href":"https:\/\/casetti.wpevi.com\/en\/wp-json\/wp\/v2\/product_cat?post=15470"},{"taxonomy":"product_tag","embeddable":true,"href":"https:\/\/casetti.wpevi.com\/en\/wp-json\/wp\/v2\/product_tag?post=15470"}],"curies":[{"name":"wp","href":"https:\/\/api.w.org\/{rel}","templated":true}]}}