{"id":15445,"date":"2026-03-12T15:24:03","date_gmt":"2026-03-12T12:24:03","guid":{"rendered":"https:\/\/casetti.wpevi.com\/?post_type=product&#038;p=15445"},"modified":"2026-03-12T21:04:12","modified_gmt":"2026-03-12T18:04:12","slug":"gold-skull-metal-bust","status":"publish","type":"product","link":"https:\/\/casetti.wpevi.com\/en\/gold-skull-metal-bust\/","title":{"rendered":"Gold Skull Metal B\u00fcst"},"content":{"rendered":"<p>\u00dcr\u00fcn \u00d6l\u00e7\u00fcleri : 22 x 22 x 30 cm<\/p>\n<p><strong>Royal Crown Skull B\u00fcst<\/strong>, gotik sanat ve kraliyet sembollerini birle\u015ftiren dikkat \u00e7ekici bir dekoratif heykeldir. Ta\u00e7l\u0131 kuru kafa tasar\u0131m\u0131 g\u00fc\u00e7, \u00f6zg\u00fcrl\u00fck ve bireyselli\u011fi simgelerken alt\u0131n tonlu metalik y\u00fczeyi bulundu\u011fu ortama <strong>karizmatik ve l\u00fcks bir atmosfer<\/strong> kazand\u0131r\u0131r.<\/p>\n<p>Gothic dekorasyon, modern sanat objeleri ve alternatif stil dekorlar\u0131ndan ilham alan bu b\u00fcst, bulundu\u011fu mekanda g\u00fc\u00e7l\u00fc bir odak noktas\u0131 olu\u015fturur.<\/p>\n<p>Ev dekorasyonu, ofis masas\u0131, kitapl\u0131k raf\u0131, oyun odas\u0131, st\u00fcdyo veya <strong>man cave dekorasyonu<\/strong> i\u00e7in ideal bir dekoratif par\u00e7ad\u0131r.<\/p>","protected":false},"excerpt":{"rendered":"<p>\u00dcr\u00fcn \u00d6l\u00e7\u00fcleri : 22 x 22 x 30 cm Royal Crown Skull B\u00fcst, gotik sanat ve kraliyet sembollerini birle\u015ftiren dikkat \u00e7ekici bir dekoratif heykeldir. Ta\u00e7l\u0131 kuru kafa tasar\u0131m\u0131 g\u00fc\u00e7, \u00f6zg\u00fcrl\u00fck ve bireyselli\u011fi simgelerken alt\u0131n tonlu metalik y\u00fczeyi bulundu\u011fu ortama karizmatik ve l\u00fcks bir atmosfer kazand\u0131r\u0131r. Gothic dekorasyon, modern sanat objeleri ve alternatif stil dekorlar\u0131ndan ilham &hellip; <a href=\"https:\/\/casetti.wpevi.com\/en\/gold-skull-metal-bust\/\" class=\"more-link\">Continue reading <span class=\"screen-reader-text\">Gold Skull Metal B\u00fcst<\/span><\/a><\/p>","protected":false},"featured_media":15829,"comment_status":"open","ping_status":"closed","template":"","meta":[],"product_brand":[228],"product_cat":[171],"product_tag":[],"class_list":{"0":"post-15445","1":"product","2":"type-product","3":"status-publish","4":"has-post-thumbnail","6":"product_brand-lamedore","7":"product_cat-dekoratif-objeler","10":"instock","11":"taxable","12":"shipping-taxable","13":"purchasable","14":"product-type-simple"},"_links":{"self":[{"href":"https:\/\/casetti.wpevi.com\/en\/wp-json\/wp\/v2\/product\/15445","targetHints":{"allow":["GET"]}}],"collection":[{"href":"https:\/\/casetti.wpevi.com\/en\/wp-json\/wp\/v2\/product"}],"about":[{"href":"https:\/\/casetti.wpevi.com\/en\/wp-json\/wp\/v2\/types\/product"}],"replies":[{"embeddable":true,"href":"https:\/\/casetti.wpevi.com\/en\/wp-json\/wp\/v2\/comments?post=15445"}],"version-history":[{"count":2,"href":"https:\/\/casetti.wpevi.com\/en\/wp-json\/wp\/v2\/product\/15445\/revisions"}],"predecessor-version":[{"id":15457,"href":"https:\/\/casetti.wpevi.com\/en\/wp-json\/wp\/v2\/product\/15445\/revisions\/15457"}],"wp:featuredmedia":[{"embeddable":true,"href":"https:\/\/casetti.wpevi.com\/en\/wp-json\/wp\/v2\/media\/15829"}],"wp:attachment":[{"href":"https:\/\/casetti.wpevi.com\/en\/wp-json\/wp\/v2\/media?parent=15445"}],"wp:term":[{"taxonomy":"product_brand","embeddable":true,"href":"https:\/\/casetti.wpevi.com\/en\/wp-json\/wp\/v2\/product_brand?post=15445"},{"taxonomy":"product_cat","embeddable":true,"href":"https:\/\/casetti.wpevi.com\/en\/wp-json\/wp\/v2\/product_cat?post=15445"},{"taxonomy":"product_tag","embeddable":true,"href":"https:\/\/casetti.wpevi.com\/en\/wp-json\/wp\/v2\/product_tag?post=15445"}],"curies":[{"name":"wp","href":"https:\/\/api.w.org\/{rel}","templated":true}]}}