{"id":15437,"date":"2026-03-12T15:17:06","date_gmt":"2026-03-12T12:17:06","guid":{"rendered":"https:\/\/casetti.wpevi.com\/?post_type=product&#038;p=15437"},"modified":"2026-03-12T15:22:10","modified_gmt":"2026-03-12T12:22:10","slug":"heritage-ahsap-kul-tablasi","status":"publish","type":"product","link":"https:\/\/casetti.wpevi.com\/en\/heritage-ahsap-kul-tablasi\/","title":{"rendered":"Heritage Ah\u015fap K\u00fcl Tablas\u0131"},"content":{"rendered":"<p>\u00dcr\u00fcn \u00d6l\u00e7\u00fcs\u00fc : 16 cm&nbsp;<\/p>\n<p><strong>Heritage Ah\u015fap ve Metal Puro K\u00fcll\u00fc\u011f\u00fc<\/strong>, klasik puro salonlar\u0131ndan ilham alan zarif ve prestijli bir masa aksesuar\u0131d\u0131r. Do\u011fal ah\u015fap g\u00f6r\u00fcn\u00fcml\u00fc d\u0131\u015f y\u00fczeyi ve dayan\u0131kl\u0131 metal k\u00fcll\u00fck haznesi sayesinde hem estetik hem de fonksiyonel bir kullan\u0131m sunar.<\/p>\n<p>Yuvarlak tasar\u0131m \u00fczerinde bulunan <strong>4 adet puro yuvas\u0131<\/strong>, birden fazla ki\u015finin rahat\u00e7a puro kullanmas\u0131na olanak sa\u011flar. Ortadaki paslanmaz \u00e7elik hazne kolay temizlenebilir yap\u0131s\u0131 sayesinde pratik kullan\u0131m sa\u011flar.<\/p>\n<p>Bu \u00fcr\u00fcn <strong>ev bar\u0131, puro k\u00f6\u015fesi, ofis masas\u0131, balkon, veranda veya salon dekorasyonu<\/strong> i\u00e7in hem i\u015flevsel hem de dekoratif bir aksesuard\u0131r.<\/p>","protected":false},"excerpt":{"rendered":"<p>\u00dcr\u00fcn \u00d6l\u00e7\u00fcs\u00fc : 16 cm&nbsp; Heritage Ah\u015fap ve Metal Puro K\u00fcll\u00fc\u011f\u00fc, klasik puro salonlar\u0131ndan ilham alan zarif ve prestijli bir masa aksesuar\u0131d\u0131r. Do\u011fal ah\u015fap g\u00f6r\u00fcn\u00fcml\u00fc d\u0131\u015f y\u00fczeyi ve dayan\u0131kl\u0131 metal k\u00fcll\u00fck haznesi sayesinde hem estetik hem de fonksiyonel bir kullan\u0131m sunar. Yuvarlak tasar\u0131m \u00fczerinde bulunan 4 adet puro yuvas\u0131, birden fazla ki\u015finin rahat\u00e7a puro kullanmas\u0131na &hellip; <a href=\"https:\/\/casetti.wpevi.com\/en\/heritage-ahsap-kul-tablasi\/\" class=\"more-link\">Continue reading <span class=\"screen-reader-text\">Heritage Ah\u015fap K\u00fcl Tablas\u0131<\/span><\/a><\/p>","protected":false},"featured_media":15444,"comment_status":"open","ping_status":"closed","template":"","meta":[],"product_brand":[217],"product_cat":[268],"product_tag":[],"class_list":{"0":"post-15437","1":"product","2":"type-product","3":"status-publish","4":"has-post-thumbnail","6":"product_brand-casetti","7":"product_cat-kul-tablasi","10":"instock","11":"taxable","12":"shipping-taxable","13":"purchasable","14":"product-type-simple"},"_links":{"self":[{"href":"https:\/\/casetti.wpevi.com\/en\/wp-json\/wp\/v2\/product\/15437","targetHints":{"allow":["GET"]}}],"collection":[{"href":"https:\/\/casetti.wpevi.com\/en\/wp-json\/wp\/v2\/product"}],"about":[{"href":"https:\/\/casetti.wpevi.com\/en\/wp-json\/wp\/v2\/types\/product"}],"replies":[{"embeddable":true,"href":"https:\/\/casetti.wpevi.com\/en\/wp-json\/wp\/v2\/comments?post=15437"}],"version-history":[{"count":1,"href":"https:\/\/casetti.wpevi.com\/en\/wp-json\/wp\/v2\/product\/15437\/revisions"}],"predecessor-version":[{"id":15443,"href":"https:\/\/casetti.wpevi.com\/en\/wp-json\/wp\/v2\/product\/15437\/revisions\/15443"}],"wp:featuredmedia":[{"embeddable":true,"href":"https:\/\/casetti.wpevi.com\/en\/wp-json\/wp\/v2\/media\/15444"}],"wp:attachment":[{"href":"https:\/\/casetti.wpevi.com\/en\/wp-json\/wp\/v2\/media?parent=15437"}],"wp:term":[{"taxonomy":"product_brand","embeddable":true,"href":"https:\/\/casetti.wpevi.com\/en\/wp-json\/wp\/v2\/product_brand?post=15437"},{"taxonomy":"product_cat","embeddable":true,"href":"https:\/\/casetti.wpevi.com\/en\/wp-json\/wp\/v2\/product_cat?post=15437"},{"taxonomy":"product_tag","embeddable":true,"href":"https:\/\/casetti.wpevi.com\/en\/wp-json\/wp\/v2\/product_tag?post=15437"}],"curies":[{"name":"wp","href":"https:\/\/api.w.org\/{rel}","templated":true}]}}