{"id":15428,"date":"2026-03-12T15:11:04","date_gmt":"2026-03-12T12:11:04","guid":{"rendered":"https:\/\/casetti.wpevi.com\/?post_type=product&#038;p=15428"},"modified":"2026-03-12T16:18:08","modified_gmt":"2026-03-12T13:18:08","slug":"grid-luxury-puro-kulluk","status":"publish","type":"product","link":"https:\/\/casetti.wpevi.com\/en\/grid-luxury-puro-kulluk\/","title":{"rendered":"Grid Luxury Puro K\u00fcll\u00fck"},"content":{"rendered":"<p>\u00dcr\u00fcn \u00d6l\u00e7\u00fcs\u00fc : 15 x 15 cm<\/p>\n<p>Modern tasar\u0131m\u0131 ve g\u00fc\u00e7l\u00fc geometrik formuyla dikkat \u00e7eken \u015f\u0131k bir puro aksesuar\u0131d\u0131r. Siyah metal y\u00fczeyi ve kare \u0131zgara taban\u0131 sayesinde hem <strong>estetik hem de dayan\u0131kl\u0131<\/strong> bir kullan\u0131m sunar.<\/p>\n<p>Derin k\u00fcll\u00fck haznesi ve d\u00f6rt adet puro yuvas\u0131 sayesinde birden fazla sigara veya puroyu rahat\u00e7a yerle\u015ftirebilirsiniz. Modern puro salonlar\u0131 ve bar aksesuarlar\u0131ndan ilham alan bu tasar\u0131m, bulundu\u011fu ortama <strong>prestijli ve mask\u00fclen bir karakter<\/strong> kazand\u0131r\u0131r.<\/p>\n<p>Ev bar\u0131, balkon, ofis masas\u0131, puro k\u00f6\u015fesi veya salon dekorasyonu i\u00e7in hem fonksiyonel hem de dekoratif bir aksesuar olarak kullan\u0131labilir.<\/p>","protected":false},"excerpt":{"rendered":"<p>\u00dcr\u00fcn \u00d6l\u00e7\u00fcs\u00fc : 15 x 15 cm Modern tasar\u0131m\u0131 ve g\u00fc\u00e7l\u00fc geometrik formuyla dikkat \u00e7eken \u015f\u0131k bir puro aksesuar\u0131d\u0131r. Siyah metal y\u00fczeyi ve kare \u0131zgara taban\u0131 sayesinde hem estetik hem de dayan\u0131kl\u0131 bir kullan\u0131m sunar. Derin k\u00fcll\u00fck haznesi ve d\u00f6rt adet puro yuvas\u0131 sayesinde birden fazla sigara veya puroyu rahat\u00e7a yerle\u015ftirebilirsiniz. Modern puro salonlar\u0131 ve &hellip; <a href=\"https:\/\/casetti.wpevi.com\/en\/grid-luxury-puro-kulluk\/\" class=\"more-link\">Continue reading <span class=\"screen-reader-text\">Grid Luxury Puro K\u00fcll\u00fck<\/span><\/a><\/p>","protected":false},"featured_media":15536,"comment_status":"open","ping_status":"closed","template":"","meta":[],"product_brand":[217],"product_cat":[268],"product_tag":[],"class_list":{"0":"post-15428","1":"product","2":"type-product","3":"status-publish","4":"has-post-thumbnail","6":"product_brand-casetti","7":"product_cat-kul-tablasi","10":"instock","11":"sale","12":"taxable","13":"shipping-taxable","14":"purchasable","15":"product-type-simple"},"_links":{"self":[{"href":"https:\/\/casetti.wpevi.com\/en\/wp-json\/wp\/v2\/product\/15428","targetHints":{"allow":["GET"]}}],"collection":[{"href":"https:\/\/casetti.wpevi.com\/en\/wp-json\/wp\/v2\/product"}],"about":[{"href":"https:\/\/casetti.wpevi.com\/en\/wp-json\/wp\/v2\/types\/product"}],"replies":[{"embeddable":true,"href":"https:\/\/casetti.wpevi.com\/en\/wp-json\/wp\/v2\/comments?post=15428"}],"version-history":[{"count":2,"href":"https:\/\/casetti.wpevi.com\/en\/wp-json\/wp\/v2\/product\/15428\/revisions"}],"predecessor-version":[{"id":15535,"href":"https:\/\/casetti.wpevi.com\/en\/wp-json\/wp\/v2\/product\/15428\/revisions\/15535"}],"wp:featuredmedia":[{"embeddable":true,"href":"https:\/\/casetti.wpevi.com\/en\/wp-json\/wp\/v2\/media\/15536"}],"wp:attachment":[{"href":"https:\/\/casetti.wpevi.com\/en\/wp-json\/wp\/v2\/media?parent=15428"}],"wp:term":[{"taxonomy":"product_brand","embeddable":true,"href":"https:\/\/casetti.wpevi.com\/en\/wp-json\/wp\/v2\/product_brand?post=15428"},{"taxonomy":"product_cat","embeddable":true,"href":"https:\/\/casetti.wpevi.com\/en\/wp-json\/wp\/v2\/product_cat?post=15428"},{"taxonomy":"product_tag","embeddable":true,"href":"https:\/\/casetti.wpevi.com\/en\/wp-json\/wp\/v2\/product_tag?post=15428"}],"curies":[{"name":"wp","href":"https:\/\/api.w.org\/{rel}","templated":true}]}}