{"id":15410,"date":"2026-03-12T14:25:08","date_gmt":"2026-03-12T11:25:08","guid":{"rendered":"https:\/\/casetti.wpevi.com\/prism-kristal-cam-kulluk\/"},"modified":"2026-03-12T16:19:10","modified_gmt":"2026-03-12T13:19:10","slug":"prisma-hologram-kristal-puro-kulluk","status":"publish","type":"product","link":"https:\/\/casetti.wpevi.com\/en\/prisma-hologram-kristal-puro-kulluk\/","title":{"rendered":"Prisma Hologram Kristal Puro K\u00fcll\u00fck"},"content":{"rendered":"<p>\u00dcr\u00fcn \u00d6l\u00e7\u00fcleri 24.5 x 24.5 cm<\/p>\n<p><strong>Prisma Kristal &nbsp;K\u00fcll\u00fck<\/strong>, modern geometrik tasar\u0131m\u0131 ve \u00e7ok renkli prizma yans\u0131malar\u0131yla dikkat \u00e7eken l\u00fcks bir masa aksesuar\u0131d\u0131r. Kesme kristal cam yap\u0131s\u0131 \u0131\u015f\u0131\u011f\u0131 k\u0131rarak g\u00f6kku\u015fa\u011f\u0131 benzeri yans\u0131malar olu\u015fturur ve bulundu\u011fu ortama <strong>\u015f\u0131k, modern ve prestijli bir atmosfer<\/strong> kazand\u0131r\u0131r.<\/p>\n<p>Kal\u0131n ve a\u011f\u0131r kristal cam yap\u0131s\u0131 sayesinde dayan\u0131kl\u0131 ve stabil kullan\u0131m sunar. \u00dczerindeki \u00f6zel oluklar sayesinde sigara veya puroyu rahat\u00e7a yerle\u015ftirebilirsiniz. Bu \u00fcr\u00fcn hem <strong>fonksiyonel bir k\u00fcll\u00fck<\/strong> hem de <strong>modern dekoratif bir obje<\/strong> olarak kullan\u0131labilir.<\/p>\n<p>Ev bar\u0131, puro odas\u0131, balkon, ofis veya salon dekorasyonunda dikkat \u00e7ekici bir aksesuar olarak \u00f6ne \u00e7\u0131kar.<\/p>","protected":false},"excerpt":{"rendered":"<p>\u00dcr\u00fcn \u00d6l\u00e7\u00fcleri 24.5 x 24.5 cm Prisma Kristal &nbsp;K\u00fcll\u00fck, modern geometrik tasar\u0131m\u0131 ve \u00e7ok renkli prizma yans\u0131malar\u0131yla dikkat \u00e7eken l\u00fcks bir masa aksesuar\u0131d\u0131r. Kesme kristal cam yap\u0131s\u0131 \u0131\u015f\u0131\u011f\u0131 k\u0131rarak g\u00f6kku\u015fa\u011f\u0131 benzeri yans\u0131malar olu\u015fturur ve bulundu\u011fu ortama \u015f\u0131k, modern ve prestijli bir atmosfer kazand\u0131r\u0131r. Kal\u0131n ve a\u011f\u0131r kristal cam yap\u0131s\u0131 sayesinde dayan\u0131kl\u0131 ve stabil kullan\u0131m sunar. &hellip; <a href=\"https:\/\/casetti.wpevi.com\/en\/prisma-hologram-kristal-puro-kulluk\/\" class=\"more-link\">Continue reading <span class=\"screen-reader-text\">Prisma Hologram Kristal Puro K\u00fcll\u00fck<\/span><\/a><\/p>","protected":false},"featured_media":15547,"comment_status":"open","ping_status":"closed","template":"","meta":[],"product_brand":[217],"product_cat":[213],"product_tag":[],"class_list":{"0":"post-15410","1":"product","2":"type-product","3":"status-publish","4":"has-post-thumbnail","6":"product_brand-casetti","7":"product_cat-cam-ve-kristal-urunler","10":"instock","11":"taxable","12":"shipping-taxable","13":"purchasable","14":"product-type-simple"},"_links":{"self":[{"href":"https:\/\/casetti.wpevi.com\/en\/wp-json\/wp\/v2\/product\/15410","targetHints":{"allow":["GET"]}}],"collection":[{"href":"https:\/\/casetti.wpevi.com\/en\/wp-json\/wp\/v2\/product"}],"about":[{"href":"https:\/\/casetti.wpevi.com\/en\/wp-json\/wp\/v2\/types\/product"}],"replies":[{"embeddable":true,"href":"https:\/\/casetti.wpevi.com\/en\/wp-json\/wp\/v2\/comments?post=15410"}],"version-history":[{"count":2,"href":"https:\/\/casetti.wpevi.com\/en\/wp-json\/wp\/v2\/product\/15410\/revisions"}],"predecessor-version":[{"id":15546,"href":"https:\/\/casetti.wpevi.com\/en\/wp-json\/wp\/v2\/product\/15410\/revisions\/15546"}],"wp:featuredmedia":[{"embeddable":true,"href":"https:\/\/casetti.wpevi.com\/en\/wp-json\/wp\/v2\/media\/15547"}],"wp:attachment":[{"href":"https:\/\/casetti.wpevi.com\/en\/wp-json\/wp\/v2\/media?parent=15410"}],"wp:term":[{"taxonomy":"product_brand","embeddable":true,"href":"https:\/\/casetti.wpevi.com\/en\/wp-json\/wp\/v2\/product_brand?post=15410"},{"taxonomy":"product_cat","embeddable":true,"href":"https:\/\/casetti.wpevi.com\/en\/wp-json\/wp\/v2\/product_cat?post=15410"},{"taxonomy":"product_tag","embeddable":true,"href":"https:\/\/casetti.wpevi.com\/en\/wp-json\/wp\/v2\/product_tag?post=15410"}],"curies":[{"name":"wp","href":"https:\/\/api.w.org\/{rel}","templated":true}]}}