{"id":15403,"date":"2026-03-12T14:05:02","date_gmt":"2026-03-12T11:05:02","guid":{"rendered":"https:\/\/casetti.wpevi.com\/love-cam-obje\/"},"modified":"2026-03-12T21:09:20","modified_gmt":"2026-03-12T18:09:20","slug":"love-cam-obje","status":"publish","type":"product","link":"https:\/\/casetti.wpevi.com\/en\/love-cam-obje\/","title":{"rendered":"Love Cam Obje"},"content":{"rendered":"<p>Y\u00fckseklik : 37 cm&nbsp;<\/p>\n<p><strong>&nbsp;Cam \u00c7ift Heykeli<\/strong>, a\u015fk\u0131 ve ba\u011fl\u0131l\u0131\u011f\u0131 temsil eden zarif bir sanat cam\u0131 dekorudur. Birbirine sar\u0131lm\u0131\u015f iki fig\u00fcr\u00fcn olu\u015fturdu\u011fu soyut tasar\u0131m, <strong>romantizm, birliktelik ve duygusal ba\u011f\u0131<\/strong> simgeler. Amber tonlu cam yap\u0131s\u0131 \u0131\u015f\u0131\u011f\u0131 yans\u0131tarak bulundu\u011fu ortama s\u0131cak ve etkileyici bir atmosfer kazand\u0131r\u0131r.<\/p>\n<p>Modern cam sanat\u0131ndan ve Murano tarz\u0131 dekoratif heykellerden ilham alan bu tasar\u0131m, <strong>ev dekorasyonu, ofis dekoru, vitrin s\u00fcs\u00fc ve romantik i\u00e7 mekanlar<\/strong> i\u00e7in g\u00fc\u00e7l\u00fc bir dekoratif vurgu olu\u015fturur. Estetik ve anlaml\u0131 yap\u0131s\u0131 sayesinde hem dekoratif bir sanat objesi hem de \u00f6zel bir hediye alternatifi olarak \u00f6ne \u00e7\u0131kar.<\/p>","protected":false},"excerpt":{"rendered":"<p>Y\u00fckseklik : 37 cm&nbsp; &nbsp;Cam \u00c7ift Heykeli, a\u015fk\u0131 ve ba\u011fl\u0131l\u0131\u011f\u0131 temsil eden zarif bir sanat cam\u0131 dekorudur. Birbirine sar\u0131lm\u0131\u015f iki fig\u00fcr\u00fcn olu\u015fturdu\u011fu soyut tasar\u0131m, romantizm, birliktelik ve duygusal ba\u011f\u0131 simgeler. Amber tonlu cam yap\u0131s\u0131 \u0131\u015f\u0131\u011f\u0131 yans\u0131tarak bulundu\u011fu ortama s\u0131cak ve etkileyici bir atmosfer kazand\u0131r\u0131r. Modern cam sanat\u0131ndan ve Murano tarz\u0131 dekoratif heykellerden ilham alan bu &hellip; <a href=\"https:\/\/casetti.wpevi.com\/en\/love-cam-obje\/\" class=\"more-link\">Continue reading <span class=\"screen-reader-text\">Love Cam Obje<\/span><\/a><\/p>","protected":false},"featured_media":15855,"comment_status":"open","ping_status":"closed","template":"","meta":[],"product_brand":[228],"product_cat":[213],"product_tag":[],"class_list":{"0":"post-15403","1":"product","2":"type-product","3":"status-publish","4":"has-post-thumbnail","6":"product_brand-lamedore","7":"product_cat-cam-ve-kristal-urunler","10":"instock","11":"taxable","12":"shipping-taxable","13":"purchasable","14":"product-type-simple"},"_links":{"self":[{"href":"https:\/\/casetti.wpevi.com\/en\/wp-json\/wp\/v2\/product\/15403","targetHints":{"allow":["GET"]}}],"collection":[{"href":"https:\/\/casetti.wpevi.com\/en\/wp-json\/wp\/v2\/product"}],"about":[{"href":"https:\/\/casetti.wpevi.com\/en\/wp-json\/wp\/v2\/types\/product"}],"replies":[{"embeddable":true,"href":"https:\/\/casetti.wpevi.com\/en\/wp-json\/wp\/v2\/comments?post=15403"}],"version-history":[{"count":0,"href":"https:\/\/casetti.wpevi.com\/en\/wp-json\/wp\/v2\/product\/15403\/revisions"}],"wp:featuredmedia":[{"embeddable":true,"href":"https:\/\/casetti.wpevi.com\/en\/wp-json\/wp\/v2\/media\/15855"}],"wp:attachment":[{"href":"https:\/\/casetti.wpevi.com\/en\/wp-json\/wp\/v2\/media?parent=15403"}],"wp:term":[{"taxonomy":"product_brand","embeddable":true,"href":"https:\/\/casetti.wpevi.com\/en\/wp-json\/wp\/v2\/product_brand?post=15403"},{"taxonomy":"product_cat","embeddable":true,"href":"https:\/\/casetti.wpevi.com\/en\/wp-json\/wp\/v2\/product_cat?post=15403"},{"taxonomy":"product_tag","embeddable":true,"href":"https:\/\/casetti.wpevi.com\/en\/wp-json\/wp\/v2\/product_tag?post=15403"}],"curies":[{"name":"wp","href":"https:\/\/api.w.org\/{rel}","templated":true}]}}