{"id":15386,"date":"2026-03-12T13:56:03","date_gmt":"2026-03-12T10:56:03","guid":{"rendered":"https:\/\/casetti.wpevi.com\/ascension-art-cam-heykel\/"},"modified":"2026-03-12T16:27:05","modified_gmt":"2026-03-12T13:27:05","slug":"ascension-art-cam-heykel","status":"publish","type":"product","link":"https:\/\/casetti.wpevi.com\/en\/ascension-art-cam-heykel\/","title":{"rendered":"Ascension Art Cam Heykel"},"content":{"rendered":"<p>\u00dcr\u00fcn \u00d6l\u00e7\u00fcs\u00fc Y\u00fckseklik : 37 cm<\/p>\n<p><strong>Ascension Cam Heykel<\/strong>, modern sanat esteti\u011fini yans\u0131tan soyut insan fig\u00fcr\u00fc tasar\u0131m\u0131yla dikkat \u00e7eken zarif bir dekoratif objedir. Ak\u0131c\u0131 hatlara sahip mavi tonlu sanat cam\u0131, \u0131\u015f\u0131\u011f\u0131 yans\u0131tarak bulundu\u011fu ortama <strong>estetik, modern ve etkileyici bir g\u00f6r\u00fcn\u00fcm<\/strong> kazand\u0131r\u0131r.<\/p>\n<p>\u00c7a\u011fda\u015f cam sanat\u0131ndan ve Murano tarz\u0131 cam heykellerden ilham alan bu tasar\u0131m, <strong>ev dekorasyonu, ofis dekoru, sanat koleksiyonlar\u0131 ve modern i\u00e7 mekanlar<\/strong> i\u00e7in g\u00fc\u00e7l\u00fc bir dekoratif vurgu olu\u015fturur.<\/p>","protected":false},"excerpt":{"rendered":"<p>\u00dcr\u00fcn \u00d6l\u00e7\u00fcs\u00fc Y\u00fckseklik : 37 cm Ascension Cam Heykel, modern sanat esteti\u011fini yans\u0131tan soyut insan fig\u00fcr\u00fc tasar\u0131m\u0131yla dikkat \u00e7eken zarif bir dekoratif objedir. Ak\u0131c\u0131 hatlara sahip mavi tonlu sanat cam\u0131, \u0131\u015f\u0131\u011f\u0131 yans\u0131tarak bulundu\u011fu ortama estetik, modern ve etkileyici bir g\u00f6r\u00fcn\u00fcm kazand\u0131r\u0131r. \u00c7a\u011fda\u015f cam sanat\u0131ndan ve Murano tarz\u0131 cam heykellerden ilham alan bu tasar\u0131m, ev dekorasyonu, &hellip; <a href=\"https:\/\/casetti.wpevi.com\/en\/ascension-art-cam-heykel\/\" class=\"more-link\">Continue reading <span class=\"screen-reader-text\">Ascension Art Cam Heykel<\/span><\/a><\/p>","protected":false},"featured_media":15574,"comment_status":"open","ping_status":"closed","template":"","meta":[],"product_brand":[228],"product_cat":[213],"product_tag":[],"class_list":{"0":"post-15386","1":"product","2":"type-product","3":"status-publish","4":"has-post-thumbnail","6":"product_brand-lamedore","7":"product_cat-cam-ve-kristal-urunler","10":"instock","11":"taxable","12":"shipping-taxable","13":"purchasable","14":"product-type-simple"},"_links":{"self":[{"href":"https:\/\/casetti.wpevi.com\/en\/wp-json\/wp\/v2\/product\/15386","targetHints":{"allow":["GET"]}}],"collection":[{"href":"https:\/\/casetti.wpevi.com\/en\/wp-json\/wp\/v2\/product"}],"about":[{"href":"https:\/\/casetti.wpevi.com\/en\/wp-json\/wp\/v2\/types\/product"}],"replies":[{"embeddable":true,"href":"https:\/\/casetti.wpevi.com\/en\/wp-json\/wp\/v2\/comments?post=15386"}],"version-history":[{"count":1,"href":"https:\/\/casetti.wpevi.com\/en\/wp-json\/wp\/v2\/product\/15386\/revisions"}],"predecessor-version":[{"id":15390,"href":"https:\/\/casetti.wpevi.com\/en\/wp-json\/wp\/v2\/product\/15386\/revisions\/15390"}],"wp:featuredmedia":[{"embeddable":true,"href":"https:\/\/casetti.wpevi.com\/en\/wp-json\/wp\/v2\/media\/15574"}],"wp:attachment":[{"href":"https:\/\/casetti.wpevi.com\/en\/wp-json\/wp\/v2\/media?parent=15386"}],"wp:term":[{"taxonomy":"product_brand","embeddable":true,"href":"https:\/\/casetti.wpevi.com\/en\/wp-json\/wp\/v2\/product_brand?post=15386"},{"taxonomy":"product_cat","embeddable":true,"href":"https:\/\/casetti.wpevi.com\/en\/wp-json\/wp\/v2\/product_cat?post=15386"},{"taxonomy":"product_tag","embeddable":true,"href":"https:\/\/casetti.wpevi.com\/en\/wp-json\/wp\/v2\/product_tag?post=15386"}],"curies":[{"name":"wp","href":"https:\/\/api.w.org\/{rel}","templated":true}]}}