{"id":15378,"date":"2026-03-12T13:28:04","date_gmt":"2026-03-12T10:28:04","guid":{"rendered":"https:\/\/casetti.wpevi.com\/edge-kristal-kul-tablasi\/"},"modified":"2026-03-12T16:14:16","modified_gmt":"2026-03-12T13:14:16","slug":"edge-kristal-kulluk","status":"publish","type":"product","link":"https:\/\/casetti.wpevi.com\/en\/edge-kristal-kulluk\/","title":{"rendered":"Edge Kristal K\u00fcll\u00fck"},"content":{"rendered":"<p>\u00dcr\u00fcn \u00d6l\u00e7\u00fcs\u00fc :&nbsp; 12 x 12 cm<\/p>\n<p><strong>PrismEdge Kristal Cam K\u00fcll\u00fck<\/strong>, kesme kristal cam tasar\u0131m\u0131 ve geometrik formu ile l\u00fcks ve modern bir masa aksesuar\u0131d\u0131r. \u00c7ok y\u00fczeyli cam kesimi sayesinde \u0131\u015f\u0131\u011f\u0131 yans\u0131tarak bulundu\u011fu ortamda <strong>zarif bir par\u0131lt\u0131 ve prestijli bir g\u00f6r\u00fcn\u00fcm<\/strong> olu\u015fturur.<\/p>\n<p>Kal\u0131n ve a\u011f\u0131r kristal cam yap\u0131s\u0131 stabil kullan\u0131m sunarken, \u00fczerindeki \u00f6zel yuvalar sigara veya puroyu rahat\u00e7a yerle\u015ftirmenizi sa\u011flar. <strong>Ev bar\u0131, ofis masas\u0131, balkon, salon veya puro odalar\u0131<\/strong> i\u00e7in hem fonksiyonel hem de dekoratif bir aksesuar olarak kullan\u0131labilir.<\/p>","protected":false},"excerpt":{"rendered":"<p>\u00dcr\u00fcn \u00d6l\u00e7\u00fcs\u00fc :&nbsp; 12 x 12 cm PrismEdge Kristal Cam K\u00fcll\u00fck, kesme kristal cam tasar\u0131m\u0131 ve geometrik formu ile l\u00fcks ve modern bir masa aksesuar\u0131d\u0131r. \u00c7ok y\u00fczeyli cam kesimi sayesinde \u0131\u015f\u0131\u011f\u0131 yans\u0131tarak bulundu\u011fu ortamda zarif bir par\u0131lt\u0131 ve prestijli bir g\u00f6r\u00fcn\u00fcm olu\u015fturur. Kal\u0131n ve a\u011f\u0131r kristal cam yap\u0131s\u0131 stabil kullan\u0131m sunarken, \u00fczerindeki \u00f6zel yuvalar sigara &hellip; <a href=\"https:\/\/casetti.wpevi.com\/en\/edge-kristal-kulluk\/\" class=\"more-link\">Continue reading <span class=\"screen-reader-text\">Edge Kristal K\u00fcll\u00fck<\/span><\/a><\/p>","protected":false},"featured_media":15520,"comment_status":"open","ping_status":"closed","template":"","meta":[],"product_brand":[217],"product_cat":[213],"product_tag":[],"class_list":{"0":"post-15378","1":"product","2":"type-product","3":"status-publish","4":"has-post-thumbnail","6":"product_brand-casetti","7":"product_cat-cam-ve-kristal-urunler","10":"instock","11":"taxable","12":"shipping-taxable","13":"purchasable","14":"product-type-simple"},"_links":{"self":[{"href":"https:\/\/casetti.wpevi.com\/en\/wp-json\/wp\/v2\/product\/15378","targetHints":{"allow":["GET"]}}],"collection":[{"href":"https:\/\/casetti.wpevi.com\/en\/wp-json\/wp\/v2\/product"}],"about":[{"href":"https:\/\/casetti.wpevi.com\/en\/wp-json\/wp\/v2\/types\/product"}],"replies":[{"embeddable":true,"href":"https:\/\/casetti.wpevi.com\/en\/wp-json\/wp\/v2\/comments?post=15378"}],"version-history":[{"count":1,"href":"https:\/\/casetti.wpevi.com\/en\/wp-json\/wp\/v2\/product\/15378\/revisions"}],"predecessor-version":[{"id":15519,"href":"https:\/\/casetti.wpevi.com\/en\/wp-json\/wp\/v2\/product\/15378\/revisions\/15519"}],"wp:featuredmedia":[{"embeddable":true,"href":"https:\/\/casetti.wpevi.com\/en\/wp-json\/wp\/v2\/media\/15520"}],"wp:attachment":[{"href":"https:\/\/casetti.wpevi.com\/en\/wp-json\/wp\/v2\/media?parent=15378"}],"wp:term":[{"taxonomy":"product_brand","embeddable":true,"href":"https:\/\/casetti.wpevi.com\/en\/wp-json\/wp\/v2\/product_brand?post=15378"},{"taxonomy":"product_cat","embeddable":true,"href":"https:\/\/casetti.wpevi.com\/en\/wp-json\/wp\/v2\/product_cat?post=15378"},{"taxonomy":"product_tag","embeddable":true,"href":"https:\/\/casetti.wpevi.com\/en\/wp-json\/wp\/v2\/product_tag?post=15378"}],"curies":[{"name":"wp","href":"https:\/\/api.w.org\/{rel}","templated":true}]}}