{"id":15371,"date":"2026-03-12T13:24:04","date_gmt":"2026-03-12T10:24:04","guid":{"rendered":"https:\/\/casetti.wpevi.com\/?post_type=product&#038;p=15371"},"modified":"2026-03-12T16:17:14","modified_gmt":"2026-03-12T13:17:14","slug":"golden-prism-kristal-kulluk","status":"publish","type":"product","link":"https:\/\/casetti.wpevi.com\/en\/golden-prism-kristal-kulluk\/","title":{"rendered":"Golden Prism Kristal K\u00fcll\u00fck"},"content":{"rendered":"<p>\u00dcr\u00fcn \u00d6l\u00e7\u00fcs\u00fc : 12 cm&nbsp;<\/p>\n<p><strong>Golden Prism Kristal Cam K\u00fcll\u00fck<\/strong>, kesme kristal tasar\u0131m\u0131 ve alt\u0131n tonlu yans\u0131mas\u0131 ile l\u00fcks ve \u015f\u0131k bir masa aksesuar\u0131d\u0131r. \u00c7ok y\u00fczeyli faceted cam yap\u0131s\u0131 \u0131\u015f\u0131\u011f\u0131 k\u0131rarak bulundu\u011fu ortamda <strong>zarif bir par\u0131lt\u0131 ve prestijli bir g\u00f6r\u00fcn\u00fcm<\/strong> olu\u015fturur.<\/p>\n<p>Kal\u0131n ve a\u011f\u0131r kristal cam yap\u0131s\u0131 sayesinde stabil bir kullan\u0131m sunarken, sigara ve puro yerle\u015ftirmek i\u00e7in \u00f6zel yuvalar\u0131 sayesinde olduk\u00e7a kullan\u0131\u015fl\u0131d\u0131r. <strong>Ev bar\u0131, balkon, ofis, lounge alanlar\u0131 ve puro odalar\u0131<\/strong> i\u00e7in hem dekoratif hem de fonksiyonel bir aksesuar olarak kullan\u0131labilir.<\/p>","protected":false},"excerpt":{"rendered":"<p>\u00dcr\u00fcn \u00d6l\u00e7\u00fcs\u00fc : 12 cm&nbsp; Golden Prism Kristal Cam K\u00fcll\u00fck, kesme kristal tasar\u0131m\u0131 ve alt\u0131n tonlu yans\u0131mas\u0131 ile l\u00fcks ve \u015f\u0131k bir masa aksesuar\u0131d\u0131r. \u00c7ok y\u00fczeyli faceted cam yap\u0131s\u0131 \u0131\u015f\u0131\u011f\u0131 k\u0131rarak bulundu\u011fu ortamda zarif bir par\u0131lt\u0131 ve prestijli bir g\u00f6r\u00fcn\u00fcm olu\u015fturur. Kal\u0131n ve a\u011f\u0131r kristal cam yap\u0131s\u0131 sayesinde stabil bir kullan\u0131m sunarken, sigara ve puro &hellip; <a href=\"https:\/\/casetti.wpevi.com\/en\/golden-prism-kristal-kulluk\/\" class=\"more-link\">Continue reading <span class=\"screen-reader-text\">Golden Prism Kristal K\u00fcll\u00fck<\/span><\/a><\/p>","protected":false},"featured_media":15532,"comment_status":"open","ping_status":"closed","template":"","meta":[],"product_brand":[217],"product_cat":[213],"product_tag":[],"class_list":{"0":"post-15371","1":"product","2":"type-product","3":"status-publish","4":"has-post-thumbnail","6":"product_brand-casetti","7":"product_cat-cam-ve-kristal-urunler","10":"instock","11":"taxable","12":"shipping-taxable","13":"purchasable","14":"product-type-simple"},"_links":{"self":[{"href":"https:\/\/casetti.wpevi.com\/en\/wp-json\/wp\/v2\/product\/15371","targetHints":{"allow":["GET"]}}],"collection":[{"href":"https:\/\/casetti.wpevi.com\/en\/wp-json\/wp\/v2\/product"}],"about":[{"href":"https:\/\/casetti.wpevi.com\/en\/wp-json\/wp\/v2\/types\/product"}],"replies":[{"embeddable":true,"href":"https:\/\/casetti.wpevi.com\/en\/wp-json\/wp\/v2\/comments?post=15371"}],"version-history":[{"count":2,"href":"https:\/\/casetti.wpevi.com\/en\/wp-json\/wp\/v2\/product\/15371\/revisions"}],"predecessor-version":[{"id":15531,"href":"https:\/\/casetti.wpevi.com\/en\/wp-json\/wp\/v2\/product\/15371\/revisions\/15531"}],"wp:featuredmedia":[{"embeddable":true,"href":"https:\/\/casetti.wpevi.com\/en\/wp-json\/wp\/v2\/media\/15532"}],"wp:attachment":[{"href":"https:\/\/casetti.wpevi.com\/en\/wp-json\/wp\/v2\/media?parent=15371"}],"wp:term":[{"taxonomy":"product_brand","embeddable":true,"href":"https:\/\/casetti.wpevi.com\/en\/wp-json\/wp\/v2\/product_brand?post=15371"},{"taxonomy":"product_cat","embeddable":true,"href":"https:\/\/casetti.wpevi.com\/en\/wp-json\/wp\/v2\/product_cat?post=15371"},{"taxonomy":"product_tag","embeddable":true,"href":"https:\/\/casetti.wpevi.com\/en\/wp-json\/wp\/v2\/product_tag?post=15371"}],"curies":[{"name":"wp","href":"https:\/\/api.w.org\/{rel}","templated":true}]}}