{"id":15363,"date":"2026-03-12T13:16:04","date_gmt":"2026-03-12T10:16:04","guid":{"rendered":"https:\/\/casetti.wpevi.com\/cut-glass-kul-tablasi\/"},"modified":"2026-03-12T16:13:16","modified_gmt":"2026-03-12T13:13:16","slug":"cut-fume-kristal-kulluk","status":"publish","type":"product","link":"https:\/\/casetti.wpevi.com\/en\/cut-fume-kristal-kulluk\/","title":{"rendered":"Cut F\u00fcme Kristal K\u00fcll\u00fck"},"content":{"rendered":"<p>\u00dcr\u00fcn \u00d6l\u00e7\u00fcs\u00fc : 12 cm&nbsp;<\/p>\n<p><strong>Elegance Kesme Cam K\u00fcll\u00fck<\/strong>, zarif kesme cam tasar\u0131m\u0131 ile hem dekoratif hem de fonksiyonel bir masa aksesuar\u0131d\u0131r. I\u015f\u0131\u011f\u0131 yans\u0131tan \u00e7ok y\u00fczeyli kristal g\u00f6r\u00fcn\u00fcml\u00fc cam yap\u0131s\u0131 sayesinde bulundu\u011fu ortama <strong>l\u00fcks ve \u015f\u0131k bir atmosfer<\/strong> kazand\u0131r\u0131r.<\/p>\n<p>Kal\u0131n cam yap\u0131s\u0131 ve sigara yerle\u015ftirme yuvalar\u0131 sayesinde kullan\u0131m\u0131 olduk\u00e7a pratiktir. Ev bar\u0131, salon, balkon, ofis veya sigara odas\u0131 gibi alanlarda <strong>estetik ve dayan\u0131kl\u0131 bir k\u00fcll\u00fck<\/strong> olarak kullan\u0131labilir.<\/p>","protected":false},"excerpt":{"rendered":"<p>\u00dcr\u00fcn \u00d6l\u00e7\u00fcs\u00fc : 12 cm&nbsp; Elegance Kesme Cam K\u00fcll\u00fck, zarif kesme cam tasar\u0131m\u0131 ile hem dekoratif hem de fonksiyonel bir masa aksesuar\u0131d\u0131r. I\u015f\u0131\u011f\u0131 yans\u0131tan \u00e7ok y\u00fczeyli kristal g\u00f6r\u00fcn\u00fcml\u00fc cam yap\u0131s\u0131 sayesinde bulundu\u011fu ortama l\u00fcks ve \u015f\u0131k bir atmosfer kazand\u0131r\u0131r. Kal\u0131n cam yap\u0131s\u0131 ve sigara yerle\u015ftirme yuvalar\u0131 sayesinde kullan\u0131m\u0131 olduk\u00e7a pratiktir. Ev bar\u0131, salon, balkon, ofis &hellip; <a href=\"https:\/\/casetti.wpevi.com\/en\/cut-fume-kristal-kulluk\/\" class=\"more-link\">Continue reading <span class=\"screen-reader-text\">Cut F\u00fcme Kristal K\u00fcll\u00fck<\/span><\/a><\/p>","protected":false},"featured_media":15515,"comment_status":"open","ping_status":"closed","template":"","meta":[],"product_brand":[217],"product_cat":[268],"product_tag":[],"class_list":{"0":"post-15363","1":"product","2":"type-product","3":"status-publish","4":"has-post-thumbnail","6":"product_brand-casetti","7":"product_cat-kul-tablasi","10":"instock","11":"taxable","12":"shipping-taxable","13":"purchasable","14":"product-type-simple"},"_links":{"self":[{"href":"https:\/\/casetti.wpevi.com\/en\/wp-json\/wp\/v2\/product\/15363","targetHints":{"allow":["GET"]}}],"collection":[{"href":"https:\/\/casetti.wpevi.com\/en\/wp-json\/wp\/v2\/product"}],"about":[{"href":"https:\/\/casetti.wpevi.com\/en\/wp-json\/wp\/v2\/types\/product"}],"replies":[{"embeddable":true,"href":"https:\/\/casetti.wpevi.com\/en\/wp-json\/wp\/v2\/comments?post=15363"}],"version-history":[{"count":2,"href":"https:\/\/casetti.wpevi.com\/en\/wp-json\/wp\/v2\/product\/15363\/revisions"}],"predecessor-version":[{"id":15514,"href":"https:\/\/casetti.wpevi.com\/en\/wp-json\/wp\/v2\/product\/15363\/revisions\/15514"}],"wp:featuredmedia":[{"embeddable":true,"href":"https:\/\/casetti.wpevi.com\/en\/wp-json\/wp\/v2\/media\/15515"}],"wp:attachment":[{"href":"https:\/\/casetti.wpevi.com\/en\/wp-json\/wp\/v2\/media?parent=15363"}],"wp:term":[{"taxonomy":"product_brand","embeddable":true,"href":"https:\/\/casetti.wpevi.com\/en\/wp-json\/wp\/v2\/product_brand?post=15363"},{"taxonomy":"product_cat","embeddable":true,"href":"https:\/\/casetti.wpevi.com\/en\/wp-json\/wp\/v2\/product_cat?post=15363"},{"taxonomy":"product_tag","embeddable":true,"href":"https:\/\/casetti.wpevi.com\/en\/wp-json\/wp\/v2\/product_tag?post=15363"}],"curies":[{"name":"wp","href":"https:\/\/api.w.org\/{rel}","templated":true}]}}