{"id":15358,"date":"2026-03-12T13:09:05","date_gmt":"2026-03-12T10:09:05","guid":{"rendered":"https:\/\/casetti.wpevi.com\/grace-cam-obje\/"},"modified":"2026-03-12T13:11:10","modified_gmt":"2026-03-12T10:11:10","slug":"grace-cam-obje","status":"publish","type":"product","link":"https:\/\/casetti.wpevi.com\/en\/grace-cam-obje\/","title":{"rendered":"Grace Cam Obje"},"content":{"rendered":"<p>\u00dcr\u00fcn \u00d6l\u00e7\u00fcleri : 12 x 36 cm<\/p>\n<p>G<strong>race Cam Heykel<\/strong>, modern sanat esteti\u011fini yans\u0131tan soyut insan fig\u00fcr\u00fc tasar\u0131m\u0131yla dikkat \u00e7eken \u015f\u0131k bir dekoratif objedir. Ak\u0131c\u0131 hatlara sahip mavi tonlu sanat cam\u0131, \u0131\u015f\u0131\u011f\u0131 yans\u0131tarak bulundu\u011fu ortama zarif ve etkileyici bir g\u00f6r\u00fcn\u00fcm kazand\u0131r\u0131r. Bu \u00f6zel tasar\u0131m, <strong>\u00f6zg\u00fcrl\u00fck, denge ve ilham<\/strong> gibi anlamlar\u0131 temsil eden sanatsal bir fig\u00fcr olarak \u00f6ne \u00e7\u0131kar.<\/p>\n<p>Modern i\u00e7 mimari trendlerinden ilham alan bu cam heykel, <strong>ev dekorasyonu, ofis dekoru, sanat koleksiyonlar\u0131 ve l\u00fcks i\u00e7 mekanlar<\/strong> i\u00e7in etkileyici bir dekoratif par\u00e7ad\u0131r.<\/p>","protected":false},"excerpt":{"rendered":"<p>\u00dcr\u00fcn \u00d6l\u00e7\u00fcleri : 12 x 36 cm Grace Cam Heykel, modern sanat esteti\u011fini yans\u0131tan soyut insan fig\u00fcr\u00fc tasar\u0131m\u0131yla dikkat \u00e7eken \u015f\u0131k bir dekoratif objedir. Ak\u0131c\u0131 hatlara sahip mavi tonlu sanat cam\u0131, \u0131\u015f\u0131\u011f\u0131 yans\u0131tarak bulundu\u011fu ortama zarif ve etkileyici bir g\u00f6r\u00fcn\u00fcm kazand\u0131r\u0131r. Bu \u00f6zel tasar\u0131m, \u00f6zg\u00fcrl\u00fck, denge ve ilham gibi anlamlar\u0131 temsil eden sanatsal bir fig\u00fcr &hellip; <a href=\"https:\/\/casetti.wpevi.com\/en\/grace-cam-obje\/\" class=\"more-link\">Continue reading <span class=\"screen-reader-text\">Grace Cam Obje<\/span><\/a><\/p>","protected":false},"featured_media":15362,"comment_status":"open","ping_status":"closed","template":"","meta":[],"product_brand":[228],"product_cat":[213],"product_tag":[],"class_list":{"0":"post-15358","1":"product","2":"type-product","3":"status-publish","4":"has-post-thumbnail","6":"product_brand-lamedore","7":"product_cat-cam-ve-kristal-urunler","10":"instock","11":"taxable","12":"shipping-taxable","13":"purchasable","14":"product-type-simple"},"_links":{"self":[{"href":"https:\/\/casetti.wpevi.com\/en\/wp-json\/wp\/v2\/product\/15358","targetHints":{"allow":["GET"]}}],"collection":[{"href":"https:\/\/casetti.wpevi.com\/en\/wp-json\/wp\/v2\/product"}],"about":[{"href":"https:\/\/casetti.wpevi.com\/en\/wp-json\/wp\/v2\/types\/product"}],"replies":[{"embeddable":true,"href":"https:\/\/casetti.wpevi.com\/en\/wp-json\/wp\/v2\/comments?post=15358"}],"version-history":[{"count":1,"href":"https:\/\/casetti.wpevi.com\/en\/wp-json\/wp\/v2\/product\/15358\/revisions"}],"predecessor-version":[{"id":15359,"href":"https:\/\/casetti.wpevi.com\/en\/wp-json\/wp\/v2\/product\/15358\/revisions\/15359"}],"wp:featuredmedia":[{"embeddable":true,"href":"https:\/\/casetti.wpevi.com\/en\/wp-json\/wp\/v2\/media\/15362"}],"wp:attachment":[{"href":"https:\/\/casetti.wpevi.com\/en\/wp-json\/wp\/v2\/media?parent=15358"}],"wp:term":[{"taxonomy":"product_brand","embeddable":true,"href":"https:\/\/casetti.wpevi.com\/en\/wp-json\/wp\/v2\/product_brand?post=15358"},{"taxonomy":"product_cat","embeddable":true,"href":"https:\/\/casetti.wpevi.com\/en\/wp-json\/wp\/v2\/product_cat?post=15358"},{"taxonomy":"product_tag","embeddable":true,"href":"https:\/\/casetti.wpevi.com\/en\/wp-json\/wp\/v2\/product_tag?post=15358"}],"curies":[{"name":"wp","href":"https:\/\/api.w.org\/{rel}","templated":true}]}}