{"id":15348,"date":"2026-03-12T12:34:03","date_gmt":"2026-03-12T09:34:03","guid":{"rendered":"https:\/\/casetti.wpevi.com\/?post_type=product&#038;p=15348"},"modified":"2026-03-12T16:26:06","modified_gmt":"2026-03-12T13:26:06","slug":"ahsap-kutulu-pusula-set","status":"publish","type":"product","link":"https:\/\/casetti.wpevi.com\/en\/ahsap-kutulu-pusula-set\/","title":{"rendered":"Ah\u015fap Kutulu Pusula Set"},"content":{"rendered":"<p>\u00dcr\u00fcn \u00d6l\u00e7\u00fcs\u00fc : 12 x 12 cm&nbsp;<\/p>\n<p><strong>Heritage Denizcilik Navigasyon Seti<\/strong>, klasik denizcilik aletlerinden ilham alan \u00f6zel bir koleksiyon par\u00e7as\u0131d\u0131r. Ah\u015fap kutu i\u00e7erisinde yer alan <strong>pirin\u00e7 pusula, g\u00fcne\u015f saati \u00f6l\u00e7e\u011fi, b\u00fcy\u00fcte\u00e7, teleskopik g\u00f6zlem aparat\u0131 ve denge \u00f6l\u00e7er<\/strong> gibi navigasyon ara\u00e7lar\u0131 sayesinde hem dekoratif hem de tematik bir obje olarak kullan\u0131labilir.<\/p>\n<p>Tarihte denizciler ve ka\u015fifler bu t\u00fcr navigasyon aletlerini y\u00f6n bulmak, g\u00f6ky\u00fcz\u00fcn\u00fc g\u00f6zlemlemek ve konum belirlemek i\u00e7in kullanm\u0131\u015ft\u0131r. Bu \u00fcr\u00fcn g\u00fcn\u00fcm\u00fczde <strong>denizcilik temal\u0131 dekorasyon, koleksiyon \u00fcr\u00fcnleri ve akademik hediyeler<\/strong> aras\u0131nda olduk\u00e7a pop\u00fclerdir.<\/p>","protected":false},"excerpt":{"rendered":"<p>\u00dcr\u00fcn \u00d6l\u00e7\u00fcs\u00fc : 12 x 12 cm&nbsp; Heritage Denizcilik Navigasyon Seti, klasik denizcilik aletlerinden ilham alan \u00f6zel bir koleksiyon par\u00e7as\u0131d\u0131r. Ah\u015fap kutu i\u00e7erisinde yer alan pirin\u00e7 pusula, g\u00fcne\u015f saati \u00f6l\u00e7e\u011fi, b\u00fcy\u00fcte\u00e7, teleskopik g\u00f6zlem aparat\u0131 ve denge \u00f6l\u00e7er gibi navigasyon ara\u00e7lar\u0131 sayesinde hem dekoratif hem de tematik bir obje olarak kullan\u0131labilir. Tarihte denizciler ve ka\u015fifler bu &hellip; <a href=\"https:\/\/casetti.wpevi.com\/en\/ahsap-kutulu-pusula-set\/\" class=\"more-link\">Continue reading <span class=\"screen-reader-text\">Ah\u015fap Kutulu Pusula Set<\/span><\/a><\/p>","protected":false},"featured_media":15571,"comment_status":"open","ping_status":"closed","template":"","meta":[],"product_brand":[217],"product_cat":[171],"product_tag":[],"class_list":{"0":"post-15348","1":"product","2":"type-product","3":"status-publish","4":"has-post-thumbnail","6":"product_brand-casetti","7":"product_cat-dekoratif-objeler","10":"instock","11":"taxable","12":"shipping-taxable","13":"purchasable","14":"product-type-simple"},"_links":{"self":[{"href":"https:\/\/casetti.wpevi.com\/en\/wp-json\/wp\/v2\/product\/15348","targetHints":{"allow":["GET"]}}],"collection":[{"href":"https:\/\/casetti.wpevi.com\/en\/wp-json\/wp\/v2\/product"}],"about":[{"href":"https:\/\/casetti.wpevi.com\/en\/wp-json\/wp\/v2\/types\/product"}],"replies":[{"embeddable":true,"href":"https:\/\/casetti.wpevi.com\/en\/wp-json\/wp\/v2\/comments?post=15348"}],"version-history":[{"count":1,"href":"https:\/\/casetti.wpevi.com\/en\/wp-json\/wp\/v2\/product\/15348\/revisions"}],"predecessor-version":[{"id":15400,"href":"https:\/\/casetti.wpevi.com\/en\/wp-json\/wp\/v2\/product\/15348\/revisions\/15400"}],"wp:featuredmedia":[{"embeddable":true,"href":"https:\/\/casetti.wpevi.com\/en\/wp-json\/wp\/v2\/media\/15571"}],"wp:attachment":[{"href":"https:\/\/casetti.wpevi.com\/en\/wp-json\/wp\/v2\/media?parent=15348"}],"wp:term":[{"taxonomy":"product_brand","embeddable":true,"href":"https:\/\/casetti.wpevi.com\/en\/wp-json\/wp\/v2\/product_brand?post=15348"},{"taxonomy":"product_cat","embeddable":true,"href":"https:\/\/casetti.wpevi.com\/en\/wp-json\/wp\/v2\/product_cat?post=15348"},{"taxonomy":"product_tag","embeddable":true,"href":"https:\/\/casetti.wpevi.com\/en\/wp-json\/wp\/v2\/product_tag?post=15348"}],"curies":[{"name":"wp","href":"https:\/\/api.w.org\/{rel}","templated":true}]}}