{"id":15341,"date":"2026-03-12T12:28:04","date_gmt":"2026-03-12T09:28:04","guid":{"rendered":"https:\/\/casetti.wpevi.com\/?post_type=product&#038;p=15341"},"modified":"2026-03-12T21:09:08","modified_gmt":"2026-03-12T18:09:08","slug":"leafs-pirinc-gramofon","status":"publish","type":"product","link":"https:\/\/casetti.wpevi.com\/en\/leafs-pirinc-gramofon\/","title":{"rendered":"Leafs Pirin\u00e7 Gramofon"},"content":{"rendered":"<p>\u00dcr\u00fcn \u00d6l\u00e7\u00fcs\u00fc :&nbsp; 22 x 28 cm&nbsp;<\/p>\n<p><strong>Vintage Gramofon Telefon Hoparl\u00f6r\u00fc<\/strong>, klasik gramofon tasar\u0131m\u0131n\u0131 modern teknoloji ile birle\u015ftiren benzersiz bir masa aksesuar\u0131d\u0131r. Pirin\u00e7 gramofon borusu sayesinde telefonunuzdan \u00e7\u0131kan sesi <strong>elektrik kullanmadan do\u011fal akustik y\u00f6ntemle y\u00fckseltir<\/strong>. Retro tasar\u0131m\u0131 ve \u015f\u0131k taban\u0131 ile hem <strong>dekoratif bir obje<\/strong> hem de <strong>fonksiyonel bir telefon hoparl\u00f6r\u00fc<\/strong> olarak kullan\u0131labilir.<\/p>\n<p>Vintage m\u00fczik ekipmanlar\u0131ndan ilham alan bu \u00fcr\u00fcn, ev dekorasyonu, ofis masas\u0131, \u00e7al\u0131\u015fma alan\u0131 veya m\u00fczik odalar\u0131nda nostaljik ve estetik bir atmosfer olu\u015fturur.<\/p>","protected":false},"excerpt":{"rendered":"<p>\u00dcr\u00fcn \u00d6l\u00e7\u00fcs\u00fc :&nbsp; 22 x 28 cm&nbsp; Vintage Gramofon Telefon Hoparl\u00f6r\u00fc, klasik gramofon tasar\u0131m\u0131n\u0131 modern teknoloji ile birle\u015ftiren benzersiz bir masa aksesuar\u0131d\u0131r. Pirin\u00e7 gramofon borusu sayesinde telefonunuzdan \u00e7\u0131kan sesi elektrik kullanmadan do\u011fal akustik y\u00f6ntemle y\u00fckseltir. Retro tasar\u0131m\u0131 ve \u015f\u0131k taban\u0131 ile hem dekoratif bir obje hem de fonksiyonel bir telefon hoparl\u00f6r\u00fc olarak kullan\u0131labilir. Vintage m\u00fczik &hellip; <a href=\"https:\/\/casetti.wpevi.com\/en\/leafs-pirinc-gramofon\/\" class=\"more-link\">Continue reading <span class=\"screen-reader-text\">Leafs Pirin\u00e7 Gramofon<\/span><\/a><\/p>","protected":false},"featured_media":15852,"comment_status":"open","ping_status":"closed","template":"","meta":[],"product_brand":[217],"product_cat":[171],"product_tag":[],"class_list":{"0":"post-15341","1":"product","2":"type-product","3":"status-publish","4":"has-post-thumbnail","6":"product_brand-casetti","7":"product_cat-dekoratif-objeler","10":"instock","11":"taxable","12":"shipping-taxable","13":"purchasable","14":"product-type-simple"},"_links":{"self":[{"href":"https:\/\/casetti.wpevi.com\/en\/wp-json\/wp\/v2\/product\/15341","targetHints":{"allow":["GET"]}}],"collection":[{"href":"https:\/\/casetti.wpevi.com\/en\/wp-json\/wp\/v2\/product"}],"about":[{"href":"https:\/\/casetti.wpevi.com\/en\/wp-json\/wp\/v2\/types\/product"}],"replies":[{"embeddable":true,"href":"https:\/\/casetti.wpevi.com\/en\/wp-json\/wp\/v2\/comments?post=15341"}],"version-history":[{"count":2,"href":"https:\/\/casetti.wpevi.com\/en\/wp-json\/wp\/v2\/product\/15341\/revisions"}],"predecessor-version":[{"id":15851,"href":"https:\/\/casetti.wpevi.com\/en\/wp-json\/wp\/v2\/product\/15341\/revisions\/15851"}],"wp:featuredmedia":[{"embeddable":true,"href":"https:\/\/casetti.wpevi.com\/en\/wp-json\/wp\/v2\/media\/15852"}],"wp:attachment":[{"href":"https:\/\/casetti.wpevi.com\/en\/wp-json\/wp\/v2\/media?parent=15341"}],"wp:term":[{"taxonomy":"product_brand","embeddable":true,"href":"https:\/\/casetti.wpevi.com\/en\/wp-json\/wp\/v2\/product_brand?post=15341"},{"taxonomy":"product_cat","embeddable":true,"href":"https:\/\/casetti.wpevi.com\/en\/wp-json\/wp\/v2\/product_cat?post=15341"},{"taxonomy":"product_tag","embeddable":true,"href":"https:\/\/casetti.wpevi.com\/en\/wp-json\/wp\/v2\/product_tag?post=15341"}],"curies":[{"name":"wp","href":"https:\/\/api.w.org\/{rel}","templated":true}]}}