{"id":15338,"date":"2026-03-12T12:20:03","date_gmt":"2026-03-12T09:20:03","guid":{"rendered":"https:\/\/casetti.wpevi.com\/brass-armillary-kure\/"},"modified":"2026-03-12T18:20:10","modified_gmt":"2026-03-12T15:20:10","slug":"pirinc-horoskop-kure","status":"publish","type":"product","link":"https:\/\/casetti.wpevi.com\/en\/pirinc-horoskop-kure\/","title":{"rendered":"Pirin\u00e7 Horoskop K\u00fcre"},"content":{"rendered":"<p>\u00dcr\u00fcn \u00d6l\u00e7\u00fcs\u00fc : 8 x 14 cm<\/p>\n<p><strong>AstroNavigator Pirin\u00e7 Armillary Sphere<\/strong>, antik astronomi aletlerinden ilham alan zarif bir dekoratif obje ve masa aksesuar\u0131d\u0131r. Bur\u00e7 sembolleri ve g\u00f6ksel koordinatlarla i\u015flenmi\u015f d\u00f6ner halkalar\u0131 sayesinde hem <strong>bilimsel bir model<\/strong> hem de <strong>sanatsal bir dekor \u00fcr\u00fcn\u00fc<\/strong> olarak \u00f6ne \u00e7\u0131kar. Pirin\u00e7 metal g\u00f6vdesi ve do\u011fal ah\u015fap taban\u0131 ile vintage ve klasik dekorasyon stillerine m\u00fckemmel uyum sa\u011flar.<\/p>\n<p>Armillary k\u00fcreler tarih boyunca astronomlar ve ka\u015fifler taraf\u0131ndan g\u00f6ky\u00fcz\u00fcn\u00fc ve gezegen hareketlerini modellemek i\u00e7in kullan\u0131lm\u0131\u015ft\u0131r. G\u00fcn\u00fcm\u00fczde ise <strong>bilgi, ke\u015fif ve entelekt\u00fcel merak\u0131n sembol\u00fc<\/strong> olarak kabul edilen \u00f6zel dekoratif objeler aras\u0131nda yer al\u0131r.<\/p>\n<p>&nbsp;<\/p>","protected":false},"excerpt":{"rendered":"<p>\u00dcr\u00fcn \u00d6l\u00e7\u00fcs\u00fc : 8 x 14 cm AstroNavigator Pirin\u00e7 Armillary Sphere, antik astronomi aletlerinden ilham alan zarif bir dekoratif obje ve masa aksesuar\u0131d\u0131r. Bur\u00e7 sembolleri ve g\u00f6ksel koordinatlarla i\u015flenmi\u015f d\u00f6ner halkalar\u0131 sayesinde hem bilimsel bir model hem de sanatsal bir dekor \u00fcr\u00fcn\u00fc olarak \u00f6ne \u00e7\u0131kar. Pirin\u00e7 metal g\u00f6vdesi ve do\u011fal ah\u015fap taban\u0131 ile vintage ve &hellip; <a href=\"https:\/\/casetti.wpevi.com\/en\/pirinc-horoskop-kure\/\" class=\"more-link\">Continue reading <span class=\"screen-reader-text\">Pirin\u00e7 Horoskop K\u00fcre<\/span><\/a><\/p>","protected":false},"featured_media":15668,"comment_status":"open","ping_status":"closed","template":"","meta":[],"product_brand":[217],"product_cat":[171],"product_tag":[],"class_list":{"0":"post-15338","1":"product","2":"type-product","3":"status-publish","4":"has-post-thumbnail","6":"product_brand-casetti","7":"product_cat-dekoratif-objeler","10":"instock","11":"taxable","12":"shipping-taxable","13":"purchasable","14":"product-type-simple"},"_links":{"self":[{"href":"https:\/\/casetti.wpevi.com\/en\/wp-json\/wp\/v2\/product\/15338","targetHints":{"allow":["GET"]}}],"collection":[{"href":"https:\/\/casetti.wpevi.com\/en\/wp-json\/wp\/v2\/product"}],"about":[{"href":"https:\/\/casetti.wpevi.com\/en\/wp-json\/wp\/v2\/types\/product"}],"replies":[{"embeddable":true,"href":"https:\/\/casetti.wpevi.com\/en\/wp-json\/wp\/v2\/comments?post=15338"}],"version-history":[{"count":1,"href":"https:\/\/casetti.wpevi.com\/en\/wp-json\/wp\/v2\/product\/15338\/revisions"}],"predecessor-version":[{"id":15666,"href":"https:\/\/casetti.wpevi.com\/en\/wp-json\/wp\/v2\/product\/15338\/revisions\/15666"}],"wp:featuredmedia":[{"embeddable":true,"href":"https:\/\/casetti.wpevi.com\/en\/wp-json\/wp\/v2\/media\/15668"}],"wp:attachment":[{"href":"https:\/\/casetti.wpevi.com\/en\/wp-json\/wp\/v2\/media?parent=15338"}],"wp:term":[{"taxonomy":"product_brand","embeddable":true,"href":"https:\/\/casetti.wpevi.com\/en\/wp-json\/wp\/v2\/product_brand?post=15338"},{"taxonomy":"product_cat","embeddable":true,"href":"https:\/\/casetti.wpevi.com\/en\/wp-json\/wp\/v2\/product_cat?post=15338"},{"taxonomy":"product_tag","embeddable":true,"href":"https:\/\/casetti.wpevi.com\/en\/wp-json\/wp\/v2\/product_tag?post=15338"}],"curies":[{"name":"wp","href":"https:\/\/api.w.org\/{rel}","templated":true}]}}