{"id":15331,"date":"2026-03-12T12:12:05","date_gmt":"2026-03-12T09:12:05","guid":{"rendered":"https:\/\/casetti.wpevi.com\/?post_type=product&#038;p=15331"},"modified":"2026-03-12T20:04:06","modified_gmt":"2026-03-12T17:04:06","slug":"silver-flow-kum-saati","status":"publish","type":"product","link":"https:\/\/casetti.wpevi.com\/en\/silver-flow-kum-saati\/","title":{"rendered":"Silver Flow Kum Saati"},"content":{"rendered":"<p>\u00dcr\u00fcn \u00d6l\u00e7\u00fcs\u00fc : 18&nbsp; x 32 cm&nbsp;<\/p>\n<p><strong>Silver Flow Modern Kum Saati<\/strong>, minimalist tasar\u0131m ve modern metal \u00e7er\u00e7evenin birle\u015fimiyle \u015f\u0131k bir dekoratif obje olarak \u00f6ne \u00e7\u0131kar. F\u0131r\u00e7alanm\u0131\u015f g\u00fcm\u00fc\u015f metal g\u00f6vde ve zarif cam kum haznesi sayesinde hem <strong>dekoratif bir sanat objesi<\/strong> hem de <strong>zamans\u0131z bir masa aksesuar\u0131<\/strong> olarak kullan\u0131labilir.<\/p>\n<p>Modern ev dekorasyonu, ofis dekoru, \u00e7al\u0131\u015fma masas\u0131, kitapl\u0131k ve salon dekorasyonunda estetik ve dengeli bir g\u00f6r\u00fcn\u00fcm sa\u011flar. Minimalist ve \u00e7a\u011fda\u015f i\u00e7 mekan tasar\u0131mlar\u0131na m\u00fckemmel uyum sa\u011flayan bu kum saati, bulundu\u011fu ortamda dikkat \u00e7ekici bir dekoratif unsur olu\u015fturur.<\/p>","protected":false},"excerpt":{"rendered":"<p>\u00dcr\u00fcn \u00d6l\u00e7\u00fcs\u00fc : 18&nbsp; x 32 cm&nbsp; Silver Flow Modern Kum Saati, minimalist tasar\u0131m ve modern metal \u00e7er\u00e7evenin birle\u015fimiyle \u015f\u0131k bir dekoratif obje olarak \u00f6ne \u00e7\u0131kar. F\u0131r\u00e7alanm\u0131\u015f g\u00fcm\u00fc\u015f metal g\u00f6vde ve zarif cam kum haznesi sayesinde hem dekoratif bir sanat objesi hem de zamans\u0131z bir masa aksesuar\u0131 olarak kullan\u0131labilir. Modern ev dekorasyonu, ofis dekoru, \u00e7al\u0131\u015fma &hellip; <a href=\"https:\/\/casetti.wpevi.com\/en\/silver-flow-kum-saati\/\" class=\"more-link\">Continue reading <span class=\"screen-reader-text\">Silver Flow Kum Saati<\/span><\/a><\/p>","protected":false},"featured_media":15764,"comment_status":"open","ping_status":"closed","template":"","meta":[],"product_brand":[217],"product_cat":[267],"product_tag":[],"class_list":{"0":"post-15331","1":"product","2":"type-product","3":"status-publish","4":"has-post-thumbnail","6":"product_brand-casetti","7":"product_cat-kum-saatleri","10":"instock","11":"taxable","12":"shipping-taxable","13":"purchasable","14":"product-type-simple"},"_links":{"self":[{"href":"https:\/\/casetti.wpevi.com\/en\/wp-json\/wp\/v2\/product\/15331","targetHints":{"allow":["GET"]}}],"collection":[{"href":"https:\/\/casetti.wpevi.com\/en\/wp-json\/wp\/v2\/product"}],"about":[{"href":"https:\/\/casetti.wpevi.com\/en\/wp-json\/wp\/v2\/types\/product"}],"replies":[{"embeddable":true,"href":"https:\/\/casetti.wpevi.com\/en\/wp-json\/wp\/v2\/comments?post=15331"}],"version-history":[{"count":1,"href":"https:\/\/casetti.wpevi.com\/en\/wp-json\/wp\/v2\/product\/15331\/revisions"}],"predecessor-version":[{"id":15333,"href":"https:\/\/casetti.wpevi.com\/en\/wp-json\/wp\/v2\/product\/15331\/revisions\/15333"}],"wp:featuredmedia":[{"embeddable":true,"href":"https:\/\/casetti.wpevi.com\/en\/wp-json\/wp\/v2\/media\/15764"}],"wp:attachment":[{"href":"https:\/\/casetti.wpevi.com\/en\/wp-json\/wp\/v2\/media?parent=15331"}],"wp:term":[{"taxonomy":"product_brand","embeddable":true,"href":"https:\/\/casetti.wpevi.com\/en\/wp-json\/wp\/v2\/product_brand?post=15331"},{"taxonomy":"product_cat","embeddable":true,"href":"https:\/\/casetti.wpevi.com\/en\/wp-json\/wp\/v2\/product_cat?post=15331"},{"taxonomy":"product_tag","embeddable":true,"href":"https:\/\/casetti.wpevi.com\/en\/wp-json\/wp\/v2\/product_tag?post=15331"}],"curies":[{"name":"wp","href":"https:\/\/api.w.org\/{rel}","templated":true}]}}