{"id":15327,"date":"2026-03-12T12:09:05","date_gmt":"2026-03-12T09:09:05","guid":{"rendered":"https:\/\/casetti.wpevi.com\/mylo-kum-saati\/"},"modified":"2026-03-12T19:52:05","modified_gmt":"2026-03-12T16:52:05","slug":"mylo-kum-saati","status":"publish","type":"product","link":"https:\/\/casetti.wpevi.com\/en\/mylo-kum-saati\/","title":{"rendered":"Mylo Kum Saati"},"content":{"rendered":"<p>\u00dcr\u00fcn \u00d6l\u00e7\u00fcs\u00fc : 20 x 47 cm<\/p>\n<p>Mylo<strong>&nbsp;Kum Saati<\/strong>, siyah kum ve parlak metal \u00e7er\u00e7evenin olu\u015fturdu\u011fu g\u00fc\u00e7l\u00fc kontrast sayesinde modern dekorasyonun dikkat \u00e7ekici objelerinden biridir. \u015eeffaf cam kum haznesi ve \u015f\u0131k metal yap\u0131s\u0131 ile hem <strong>dekoratif bir sanat objesi<\/strong> hem de <strong>zamans\u0131z bir masa aksesuar\u0131<\/strong> olarak kullan\u0131labilir.<\/p>\n<p>Modern ev dekorasyonu, ofis masas\u0131 dekoru, \u00e7al\u0131\u015fma odas\u0131, k\u00fct\u00fcphane veya salon dekorasyonu i\u00e7in estetik ve prestijli bir atmosfer olu\u015fturur. Minimalist ve l\u00fcks i\u00e7 mekan tasar\u0131mlar\u0131nda g\u00fc\u00e7l\u00fc bir g\u00f6rsel etki yarat\u0131r.<\/p>","protected":false},"excerpt":{"rendered":"<p>\u00dcr\u00fcn \u00d6l\u00e7\u00fcs\u00fc : 20 x 47 cm Mylo&nbsp;Kum Saati, siyah kum ve parlak metal \u00e7er\u00e7evenin olu\u015fturdu\u011fu g\u00fc\u00e7l\u00fc kontrast sayesinde modern dekorasyonun dikkat \u00e7ekici objelerinden biridir. \u015eeffaf cam kum haznesi ve \u015f\u0131k metal yap\u0131s\u0131 ile hem dekoratif bir sanat objesi hem de zamans\u0131z bir masa aksesuar\u0131 olarak kullan\u0131labilir. Modern ev dekorasyonu, ofis masas\u0131 dekoru, \u00e7al\u0131\u015fma odas\u0131, &hellip; <a href=\"https:\/\/casetti.wpevi.com\/en\/mylo-kum-saati\/\" class=\"more-link\">Continue reading <span class=\"screen-reader-text\">Mylo Kum Saati<\/span><\/a><\/p>","protected":false},"featured_media":15711,"comment_status":"open","ping_status":"closed","template":"","meta":[],"product_brand":[217],"product_cat":[267],"product_tag":[],"class_list":{"0":"post-15327","1":"product","2":"type-product","3":"status-publish","4":"has-post-thumbnail","6":"product_brand-casetti","7":"product_cat-kum-saatleri","10":"instock","11":"taxable","12":"shipping-taxable","13":"purchasable","14":"product-type-simple"},"_links":{"self":[{"href":"https:\/\/casetti.wpevi.com\/en\/wp-json\/wp\/v2\/product\/15327","targetHints":{"allow":["GET"]}}],"collection":[{"href":"https:\/\/casetti.wpevi.com\/en\/wp-json\/wp\/v2\/product"}],"about":[{"href":"https:\/\/casetti.wpevi.com\/en\/wp-json\/wp\/v2\/types\/product"}],"replies":[{"embeddable":true,"href":"https:\/\/casetti.wpevi.com\/en\/wp-json\/wp\/v2\/comments?post=15327"}],"version-history":[{"count":0,"href":"https:\/\/casetti.wpevi.com\/en\/wp-json\/wp\/v2\/product\/15327\/revisions"}],"wp:featuredmedia":[{"embeddable":true,"href":"https:\/\/casetti.wpevi.com\/en\/wp-json\/wp\/v2\/media\/15711"}],"wp:attachment":[{"href":"https:\/\/casetti.wpevi.com\/en\/wp-json\/wp\/v2\/media?parent=15327"}],"wp:term":[{"taxonomy":"product_brand","embeddable":true,"href":"https:\/\/casetti.wpevi.com\/en\/wp-json\/wp\/v2\/product_brand?post=15327"},{"taxonomy":"product_cat","embeddable":true,"href":"https:\/\/casetti.wpevi.com\/en\/wp-json\/wp\/v2\/product_cat?post=15327"},{"taxonomy":"product_tag","embeddable":true,"href":"https:\/\/casetti.wpevi.com\/en\/wp-json\/wp\/v2\/product_tag?post=15327"}],"curies":[{"name":"wp","href":"https:\/\/api.w.org\/{rel}","templated":true}]}}