{"id":15318,"date":"2026-03-12T11:54:04","date_gmt":"2026-03-12T08:54:04","guid":{"rendered":"https:\/\/casetti.wpevi.com\/sculptral-kum-saati\/"},"modified":"2026-03-12T20:03:06","modified_gmt":"2026-03-12T17:03:06","slug":"sculptral-kum-saati","status":"publish","type":"product","link":"https:\/\/casetti.wpevi.com\/en\/sculptral-kum-saati\/","title":{"rendered":"Sculptral Kum Saati"},"content":{"rendered":"<p>\u00dcr\u00fcn \u00d6l\u00e7\u00fcs\u00fc : 10 x 25 cm <\/p>\n<p>Sculptral d<strong>ekoratif kum saati<\/strong>, modern heykelsi tasar\u0131m\u0131yla dikkat \u00e7eken \u015f\u0131k bir masa dekor \u00fcr\u00fcn\u00fcd\u00fcr. Kavisli metal g\u00f6vde ve \u015feffaf cam kum haznesinin birle\u015fimi sayesinde klasik kum saati formunu <strong>modern sanat objesine<\/strong> d\u00f6n\u00fc\u015ft\u00fcr\u00fcr. G\u00fcn\u00fcm\u00fcz i\u00e7 mimari ve dekorasyon trendlerinden ilham alan bu \u00fcr\u00fcn, ofis masas\u0131, kitapl\u0131k, \u00e7al\u0131\u015fma odas\u0131 veya salon dekorasyonunda g\u00fc\u00e7l\u00fc bir estetik vurgu olu\u015fturur.&nbsp;<\/p>","protected":false},"excerpt":{"rendered":"<p>\u00dcr\u00fcn \u00d6l\u00e7\u00fcs\u00fc : 10 x 25 cm Sculptral dekoratif kum saati, modern heykelsi tasar\u0131m\u0131yla dikkat \u00e7eken \u015f\u0131k bir masa dekor \u00fcr\u00fcn\u00fcd\u00fcr. Kavisli metal g\u00f6vde ve \u015feffaf cam kum haznesinin birle\u015fimi sayesinde klasik kum saati formunu modern sanat objesine d\u00f6n\u00fc\u015ft\u00fcr\u00fcr. G\u00fcn\u00fcm\u00fcz i\u00e7 mimari ve dekorasyon trendlerinden ilham alan bu \u00fcr\u00fcn, ofis masas\u0131, kitapl\u0131k, \u00e7al\u0131\u015fma odas\u0131 veya &hellip; <a href=\"https:\/\/casetti.wpevi.com\/en\/sculptral-kum-saati\/\" class=\"more-link\">Continue reading <span class=\"screen-reader-text\">Sculptral Kum Saati<\/span><\/a><\/p>","protected":false},"featured_media":15762,"comment_status":"open","ping_status":"closed","template":"","meta":[],"product_brand":[217],"product_cat":[267],"product_tag":[],"class_list":{"0":"post-15318","1":"product","2":"type-product","3":"status-publish","4":"has-post-thumbnail","6":"product_brand-casetti","7":"product_cat-kum-saatleri","10":"instock","11":"taxable","12":"shipping-taxable","13":"purchasable","14":"product-type-simple"},"_links":{"self":[{"href":"https:\/\/casetti.wpevi.com\/en\/wp-json\/wp\/v2\/product\/15318","targetHints":{"allow":["GET"]}}],"collection":[{"href":"https:\/\/casetti.wpevi.com\/en\/wp-json\/wp\/v2\/product"}],"about":[{"href":"https:\/\/casetti.wpevi.com\/en\/wp-json\/wp\/v2\/types\/product"}],"replies":[{"embeddable":true,"href":"https:\/\/casetti.wpevi.com\/en\/wp-json\/wp\/v2\/comments?post=15318"}],"version-history":[{"count":0,"href":"https:\/\/casetti.wpevi.com\/en\/wp-json\/wp\/v2\/product\/15318\/revisions"}],"wp:featuredmedia":[{"embeddable":true,"href":"https:\/\/casetti.wpevi.com\/en\/wp-json\/wp\/v2\/media\/15762"}],"wp:attachment":[{"href":"https:\/\/casetti.wpevi.com\/en\/wp-json\/wp\/v2\/media?parent=15318"}],"wp:term":[{"taxonomy":"product_brand","embeddable":true,"href":"https:\/\/casetti.wpevi.com\/en\/wp-json\/wp\/v2\/product_brand?post=15318"},{"taxonomy":"product_cat","embeddable":true,"href":"https:\/\/casetti.wpevi.com\/en\/wp-json\/wp\/v2\/product_cat?post=15318"},{"taxonomy":"product_tag","embeddable":true,"href":"https:\/\/casetti.wpevi.com\/en\/wp-json\/wp\/v2\/product_tag?post=15318"}],"curies":[{"name":"wp","href":"https:\/\/api.w.org\/{rel}","templated":true}]}}