{"id":15301,"date":"2026-03-12T11:42:04","date_gmt":"2026-03-12T08:42:04","guid":{"rendered":"https:\/\/casetti.wpevi.com\/antique-style-kum-saati\/"},"modified":"2026-03-12T18:22:08","modified_gmt":"2026-03-12T15:22:08","slug":"antique-style-pusula-kum-saati","status":"publish","type":"product","link":"https:\/\/casetti.wpevi.com\/en\/antique-style-pusula-kum-saati\/","title":{"rendered":"Antique Style Pusula Kum Saati"},"content":{"rendered":"<p>\u00dcr\u00fcn \u00d6l\u00e7\u00fcs\u00fc : 8 x 13 cm&nbsp;<\/p>\n<p>P<strong>irin\u00e7 kum saati<\/strong>, klasik tasar\u0131m ile zarif dekorasyonu birle\u015ftiren premium bir masa dekor \u00fcr\u00fcn\u00fcd\u00fcr. Pirin\u00e7 metal g\u00f6vde, \u015feffaf cam kum saati ve do\u011fal ah\u015fap taban\u0131n birle\u015fimi sayesinde hem <strong>dekoratif bir obje hem de nostaljik bir zaman \u00f6l\u00e7er<\/strong> olarak kullan\u0131labilir. Vintage ve klasik dekorasyon trendlerinden ilham alan bu kum saati, ofis masalar\u0131nda, \u00e7al\u0131\u015fma odalar\u0131nda ve kitapl\u0131klarda \u015f\u0131k bir atmosfer olu\u015fturur.&nbsp;<\/p>","protected":false},"excerpt":{"rendered":"<p>\u00dcr\u00fcn \u00d6l\u00e7\u00fcs\u00fc : 8 x 13 cm&nbsp; Pirin\u00e7 kum saati, klasik tasar\u0131m ile zarif dekorasyonu birle\u015ftiren premium bir masa dekor \u00fcr\u00fcn\u00fcd\u00fcr. Pirin\u00e7 metal g\u00f6vde, \u015feffaf cam kum saati ve do\u011fal ah\u015fap taban\u0131n birle\u015fimi sayesinde hem dekoratif bir obje hem de nostaljik bir zaman \u00f6l\u00e7er olarak kullan\u0131labilir. Vintage ve klasik dekorasyon trendlerinden ilham alan bu kum &hellip; <a href=\"https:\/\/casetti.wpevi.com\/en\/antique-style-pusula-kum-saati\/\" class=\"more-link\">Continue reading <span class=\"screen-reader-text\">Antique Style Pusula Kum Saati<\/span><\/a><\/p>","protected":false},"featured_media":15672,"comment_status":"open","ping_status":"closed","template":"","meta":[],"product_brand":[217],"product_cat":[267],"product_tag":[],"class_list":{"0":"post-15301","1":"product","2":"type-product","3":"status-publish","4":"has-post-thumbnail","6":"product_brand-casetti","7":"product_cat-kum-saatleri","10":"instock","11":"taxable","12":"shipping-taxable","13":"purchasable","14":"product-type-simple"},"_links":{"self":[{"href":"https:\/\/casetti.wpevi.com\/en\/wp-json\/wp\/v2\/product\/15301","targetHints":{"allow":["GET"]}}],"collection":[{"href":"https:\/\/casetti.wpevi.com\/en\/wp-json\/wp\/v2\/product"}],"about":[{"href":"https:\/\/casetti.wpevi.com\/en\/wp-json\/wp\/v2\/types\/product"}],"replies":[{"embeddable":true,"href":"https:\/\/casetti.wpevi.com\/en\/wp-json\/wp\/v2\/comments?post=15301"}],"version-history":[{"count":2,"href":"https:\/\/casetti.wpevi.com\/en\/wp-json\/wp\/v2\/product\/15301\/revisions"}],"predecessor-version":[{"id":15671,"href":"https:\/\/casetti.wpevi.com\/en\/wp-json\/wp\/v2\/product\/15301\/revisions\/15671"}],"wp:featuredmedia":[{"embeddable":true,"href":"https:\/\/casetti.wpevi.com\/en\/wp-json\/wp\/v2\/media\/15672"}],"wp:attachment":[{"href":"https:\/\/casetti.wpevi.com\/en\/wp-json\/wp\/v2\/media?parent=15301"}],"wp:term":[{"taxonomy":"product_brand","embeddable":true,"href":"https:\/\/casetti.wpevi.com\/en\/wp-json\/wp\/v2\/product_brand?post=15301"},{"taxonomy":"product_cat","embeddable":true,"href":"https:\/\/casetti.wpevi.com\/en\/wp-json\/wp\/v2\/product_cat?post=15301"},{"taxonomy":"product_tag","embeddable":true,"href":"https:\/\/casetti.wpevi.com\/en\/wp-json\/wp\/v2\/product_tag?post=15301"}],"curies":[{"name":"wp","href":"https:\/\/api.w.org\/{rel}","templated":true}]}}