{"id":15296,"date":"2026-03-12T11:31:06","date_gmt":"2026-03-12T08:31:06","guid":{"rendered":"https:\/\/casetti.wpevi.com\/hourglass-kum-saati-set\/"},"modified":"2026-03-12T19:47:07","modified_gmt":"2026-03-12T16:47:07","slug":"hourglass-kum-saati-2li-set","status":"publish","type":"product","link":"https:\/\/casetti.wpevi.com\/en\/hourglass-kum-saati-2li-set\/","title":{"rendered":"Hourglass Kum Saati 2li Set"},"content":{"rendered":"<p>Product Dimensions&nbsp;<br \/>B\u00fcy\u00fck Boy Y\u00fckseklik : 26.7 cm<br \/>K\u00fc\u00e7\u00fck Boy Y\u00fckseklik : 21.6 cm<\/p>\n<p><strong>TerraFlow geri d\u00f6n\u00fc\u015ft\u00fcr\u00fclm\u00fc\u015f cam kum saati<\/strong>, s\u00fcrd\u00fcr\u00fclebilir tasar\u0131m anlay\u0131\u015f\u0131n\u0131 modern dekoratif sanatla birle\u015ftiren benzersiz bir dekor \u00fcr\u00fcn\u00fcd\u00fcr. Geri d\u00f6n\u00fc\u015ft\u00fcr\u00fclm\u00fc\u015f cam \u015fi\u015felerden ilham alan dokulu cam formu sayesinde hem <strong>sanatsal bir dekor objesi<\/strong> hem de <strong>estetik bir kum saati<\/strong> olarak kullan\u0131labilir. Modern ev dekorasyonu, ofis masas\u0131 dekoru ve minimalist i\u00e7 mekan tasar\u0131mlar\u0131nda dikkat \u00e7ekici bir aksesuar olarak \u00f6ne \u00e7\u0131kar.&nbsp;<\/p>","protected":false},"excerpt":{"rendered":"<p>\u00dcr\u00fcn \u00d6l\u00e7\u00fcleri&nbsp;B\u00fcy\u00fck Boy Y\u00fckseklik : 26.7 cmK\u00fc\u00e7\u00fck Boy Y\u00fckseklik : 21.6 cm TerraFlow geri d\u00f6n\u00fc\u015ft\u00fcr\u00fclm\u00fc\u015f cam kum saati, s\u00fcrd\u00fcr\u00fclebilir tasar\u0131m anlay\u0131\u015f\u0131n\u0131 modern dekoratif sanatla birle\u015ftiren benzersiz bir dekor \u00fcr\u00fcn\u00fcd\u00fcr. Geri d\u00f6n\u00fc\u015ft\u00fcr\u00fclm\u00fc\u015f cam \u015fi\u015felerden ilham alan dokulu cam formu sayesinde hem sanatsal bir dekor objesi hem de estetik bir kum saati olarak kullan\u0131labilir. Modern ev dekorasyonu, &hellip; <a href=\"https:\/\/casetti.wpevi.com\/en\/hourglass-kum-saati-2li-set\/\" class=\"more-link\">Continue reading <span class=\"screen-reader-text\">Hourglass Kum Saati 2li Set<\/span><\/a><\/p>","protected":false},"featured_media":15689,"comment_status":"open","ping_status":"closed","template":"","meta":[],"product_brand":[217],"product_cat":[267],"product_tag":[],"class_list":{"0":"post-15296","1":"product","2":"type-product","3":"status-publish","4":"has-post-thumbnail","6":"product_brand-casetti","7":"product_cat-kum-saatleri","10":"instock","11":"taxable","12":"shipping-taxable","13":"purchasable","14":"product-type-simple"},"_links":{"self":[{"href":"https:\/\/casetti.wpevi.com\/en\/wp-json\/wp\/v2\/product\/15296","targetHints":{"allow":["GET"]}}],"collection":[{"href":"https:\/\/casetti.wpevi.com\/en\/wp-json\/wp\/v2\/product"}],"about":[{"href":"https:\/\/casetti.wpevi.com\/en\/wp-json\/wp\/v2\/types\/product"}],"replies":[{"embeddable":true,"href":"https:\/\/casetti.wpevi.com\/en\/wp-json\/wp\/v2\/comments?post=15296"}],"version-history":[{"count":2,"href":"https:\/\/casetti.wpevi.com\/en\/wp-json\/wp\/v2\/product\/15296\/revisions"}],"predecessor-version":[{"id":15688,"href":"https:\/\/casetti.wpevi.com\/en\/wp-json\/wp\/v2\/product\/15296\/revisions\/15688"}],"wp:featuredmedia":[{"embeddable":true,"href":"https:\/\/casetti.wpevi.com\/en\/wp-json\/wp\/v2\/media\/15689"}],"wp:attachment":[{"href":"https:\/\/casetti.wpevi.com\/en\/wp-json\/wp\/v2\/media?parent=15296"}],"wp:term":[{"taxonomy":"product_brand","embeddable":true,"href":"https:\/\/casetti.wpevi.com\/en\/wp-json\/wp\/v2\/product_brand?post=15296"},{"taxonomy":"product_cat","embeddable":true,"href":"https:\/\/casetti.wpevi.com\/en\/wp-json\/wp\/v2\/product_cat?post=15296"},{"taxonomy":"product_tag","embeddable":true,"href":"https:\/\/casetti.wpevi.com\/en\/wp-json\/wp\/v2\/product_tag?post=15296"}],"curies":[{"name":"wp","href":"https:\/\/api.w.org\/{rel}","templated":true}]}}