{"id":15291,"date":"2026-03-12T11:26:03","date_gmt":"2026-03-12T08:26:03","guid":{"rendered":"https:\/\/casetti.wpevi.com\/?post_type=product&#038;p=15291"},"modified":"2026-03-12T18:11:07","modified_gmt":"2026-03-12T15:11:07","slug":"flow-modern-kum-saati","status":"publish","type":"product","link":"https:\/\/casetti.wpevi.com\/en\/flow-modern-kum-saati\/","title":{"rendered":"Flow Modern Kum Saati"},"content":{"rendered":"<p>\u00dcr\u00fcn \u00d6l\u00e7\u00fcs\u00fc : 11 x 11 x 22 cm<\/p>\n<p>This <strong>modern ye\u015fil kum saati dekoru<\/strong>, minimalist tasar\u0131m\u0131 ve heykelsi formuyla ya\u015fam alanlar\u0131n\u0131za sanatsal bir dokunu\u015f katar. Hem <strong>dekoratif bir obje hem de kum saati<\/strong> olarak kullan\u0131labilen bu tasar\u0131m par\u00e7as\u0131, modern ev dekorasyonu, ofis dekoru ve masa \u00fcst\u00fc aksesuarlar\u0131 aras\u0131nda dikkat \u00e7eken bir \u00fcr\u00fcnd\u00fcr. G\u00fcn\u00fcm\u00fcz i\u00e7 mimari trendlerinden ilham alan bu <strong>soyut kum saati heykeli<\/strong>, bulundu\u011fu ortama \u015f\u0131kl\u0131k ve estetik bir atmosfer kazand\u0131r\u0131r.&nbsp;<\/p>","protected":false},"excerpt":{"rendered":"<p>\u00dcr\u00fcn \u00d6l\u00e7\u00fcs\u00fc : 11 x 11 x 22 cm Bu modern ye\u015fil kum saati dekoru, minimalist tasar\u0131m\u0131 ve heykelsi formuyla ya\u015fam alanlar\u0131n\u0131za sanatsal bir dokunu\u015f katar. Hem dekoratif bir obje hem de kum saati olarak kullan\u0131labilen bu tasar\u0131m par\u00e7as\u0131, modern ev dekorasyonu, ofis dekoru ve masa \u00fcst\u00fc aksesuarlar\u0131 aras\u0131nda dikkat \u00e7eken bir \u00fcr\u00fcnd\u00fcr. G\u00fcn\u00fcm\u00fcz i\u00e7 &hellip; <a href=\"https:\/\/casetti.wpevi.com\/en\/flow-modern-kum-saati\/\" class=\"more-link\">Continue reading <span class=\"screen-reader-text\">Flow Modern Kum Saati<\/span><\/a><\/p>","protected":false},"featured_media":15664,"comment_status":"open","ping_status":"closed","template":"","meta":[],"product_brand":[217],"product_cat":[267],"product_tag":[],"class_list":{"0":"post-15291","1":"product","2":"type-product","3":"status-publish","4":"has-post-thumbnail","6":"product_brand-casetti","7":"product_cat-kum-saatleri","10":"instock","11":"taxable","12":"shipping-taxable","13":"purchasable","14":"product-type-simple"},"_links":{"self":[{"href":"https:\/\/casetti.wpevi.com\/en\/wp-json\/wp\/v2\/product\/15291","targetHints":{"allow":["GET"]}}],"collection":[{"href":"https:\/\/casetti.wpevi.com\/en\/wp-json\/wp\/v2\/product"}],"about":[{"href":"https:\/\/casetti.wpevi.com\/en\/wp-json\/wp\/v2\/types\/product"}],"replies":[{"embeddable":true,"href":"https:\/\/casetti.wpevi.com\/en\/wp-json\/wp\/v2\/comments?post=15291"}],"version-history":[{"count":1,"href":"https:\/\/casetti.wpevi.com\/en\/wp-json\/wp\/v2\/product\/15291\/revisions"}],"predecessor-version":[{"id":15315,"href":"https:\/\/casetti.wpevi.com\/en\/wp-json\/wp\/v2\/product\/15291\/revisions\/15315"}],"wp:featuredmedia":[{"embeddable":true,"href":"https:\/\/casetti.wpevi.com\/en\/wp-json\/wp\/v2\/media\/15664"}],"wp:attachment":[{"href":"https:\/\/casetti.wpevi.com\/en\/wp-json\/wp\/v2\/media?parent=15291"}],"wp:term":[{"taxonomy":"product_brand","embeddable":true,"href":"https:\/\/casetti.wpevi.com\/en\/wp-json\/wp\/v2\/product_brand?post=15291"},{"taxonomy":"product_cat","embeddable":true,"href":"https:\/\/casetti.wpevi.com\/en\/wp-json\/wp\/v2\/product_cat?post=15291"},{"taxonomy":"product_tag","embeddable":true,"href":"https:\/\/casetti.wpevi.com\/en\/wp-json\/wp\/v2\/product_tag?post=15291"}],"curies":[{"name":"wp","href":"https:\/\/api.w.org\/{rel}","templated":true}]}}