{"id":15281,"date":"2026-03-12T11:20:07","date_gmt":"2026-03-12T08:20:07","guid":{"rendered":"https:\/\/casetti.wpevi.com\/classic-brass-kum-saati\/"},"modified":"2026-03-12T19:44:08","modified_gmt":"2026-03-12T16:44:08","slug":"classic-pirinc-kum-saati","status":"publish","type":"product","link":"https:\/\/casetti.wpevi.com\/en\/classic-pirinc-kum-saati\/","title":{"rendered":"Classic pirin\u00e7 Kum Saati"},"content":{"rendered":"<p>\u00dcr\u00fcn \u00d6l\u00e7\u00fcs\u00fc : 8 x 8 x 23 cm<\/p>\n<p>This <strong>klasik pirin\u00e7 kum saati<\/strong>, tarih boyunca kullan\u0131lan bilimsel \u00f6l\u00e7\u00fcm aletlerinden ilham alan zarif ve dekoratif bir zaman \u00f6l\u00e7er tasar\u0131m\u0131d\u0131r. <strong>Parlak pirin\u00e7 g\u00f6vdesi ve \u015feffaf cam kum haznesi<\/strong>, kumun ak\u0131\u015f\u0131n\u0131 net \u015fekilde g\u00f6sterirken ortama sofistike bir g\u00f6r\u00fcn\u00fcm kazand\u0131r\u0131r.<\/p>\n<p>Kum saatleri, \u00f6zellikle <strong>14. y\u00fczy\u0131ldan itibaren Avrupa\u2019da yayg\u0131n olarak kullan\u0131lan zaman \u00f6l\u00e7\u00fcm ara\u00e7lar\u0131d\u0131r<\/strong>. Ke\u015fif \u00e7a\u011f\u0131nda gemilerde denizciler taraf\u0131ndan n\u00f6bet s\u00fcrelerini \u00f6l\u00e7mek i\u00e7in kullan\u0131lm\u0131\u015f ve navigasyon ara\u00e7lar\u0131n\u0131n \u00f6nemli bir par\u00e7as\u0131 olmu\u015ftur.<\/p>\n<p>Bu \u00fcr\u00fcn, ge\u00e7mi\u015fin bilimsel ve denizcilik enstr\u00fcmanlar\u0131n\u0131n esteti\u011fini modern dekorasyonla birle\u015ftirerek <strong>zamans\u0131z bir masa dekoru<\/strong> olu\u015fturur.<\/p>","protected":false},"excerpt":{"rendered":"<p>\u00dcr\u00fcn \u00d6l\u00e7\u00fcs\u00fc : 8 x 8 x 23 cm Bu klasik pirin\u00e7 kum saati, tarih boyunca kullan\u0131lan bilimsel \u00f6l\u00e7\u00fcm aletlerinden ilham alan zarif ve dekoratif bir zaman \u00f6l\u00e7er tasar\u0131m\u0131d\u0131r. Parlak pirin\u00e7 g\u00f6vdesi ve \u015feffaf cam kum haznesi, kumun ak\u0131\u015f\u0131n\u0131 net \u015fekilde g\u00f6sterirken ortama sofistike bir g\u00f6r\u00fcn\u00fcm kazand\u0131r\u0131r. Kum saatleri, \u00f6zellikle 14. y\u00fczy\u0131ldan itibaren Avrupa\u2019da yayg\u0131n &hellip; <a href=\"https:\/\/casetti.wpevi.com\/en\/classic-pirinc-kum-saati\/\" class=\"more-link\">Continue reading <span class=\"screen-reader-text\">Classic pirin\u00e7 Kum Saati<\/span><\/a><\/p>","protected":false},"featured_media":15676,"comment_status":"open","ping_status":"closed","template":"","meta":[],"product_brand":[217],"product_cat":[267],"product_tag":[],"class_list":{"0":"post-15281","1":"product","2":"type-product","3":"status-publish","4":"has-post-thumbnail","6":"product_brand-casetti","7":"product_cat-kum-saatleri","10":"instock","11":"taxable","12":"shipping-taxable","13":"purchasable","14":"product-type-simple"},"_links":{"self":[{"href":"https:\/\/casetti.wpevi.com\/en\/wp-json\/wp\/v2\/product\/15281","targetHints":{"allow":["GET"]}}],"collection":[{"href":"https:\/\/casetti.wpevi.com\/en\/wp-json\/wp\/v2\/product"}],"about":[{"href":"https:\/\/casetti.wpevi.com\/en\/wp-json\/wp\/v2\/types\/product"}],"replies":[{"embeddable":true,"href":"https:\/\/casetti.wpevi.com\/en\/wp-json\/wp\/v2\/comments?post=15281"}],"version-history":[{"count":1,"href":"https:\/\/casetti.wpevi.com\/en\/wp-json\/wp\/v2\/product\/15281\/revisions"}],"predecessor-version":[{"id":15675,"href":"https:\/\/casetti.wpevi.com\/en\/wp-json\/wp\/v2\/product\/15281\/revisions\/15675"}],"wp:featuredmedia":[{"embeddable":true,"href":"https:\/\/casetti.wpevi.com\/en\/wp-json\/wp\/v2\/media\/15676"}],"wp:attachment":[{"href":"https:\/\/casetti.wpevi.com\/en\/wp-json\/wp\/v2\/media?parent=15281"}],"wp:term":[{"taxonomy":"product_brand","embeddable":true,"href":"https:\/\/casetti.wpevi.com\/en\/wp-json\/wp\/v2\/product_brand?post=15281"},{"taxonomy":"product_cat","embeddable":true,"href":"https:\/\/casetti.wpevi.com\/en\/wp-json\/wp\/v2\/product_cat?post=15281"},{"taxonomy":"product_tag","embeddable":true,"href":"https:\/\/casetti.wpevi.com\/en\/wp-json\/wp\/v2\/product_tag?post=15281"}],"curies":[{"name":"wp","href":"https:\/\/api.w.org\/{rel}","templated":true}]}}